{"id":866,"date":"2018-01-30T12:47:39","date_gmt":"2018-01-30T12:47:39","guid":{"rendered":"http:\/\/disseny-test.uoc.edu\/materials\/prod-digital\/?page_id=866"},"modified":"2018-01-30T12:47:39","modified_gmt":"2018-01-30T12:47:39","slug":"7-3-5-modelos-avanzados-en-implantacion","status":"publish","type":"page","link":"http:\/\/disseny-test.uoc.edu\/materials\/prod-digital\/es\/7-3-5-modelos-avanzados-en-implantacion\/","title":{"rendered":"7.3.5. Modelos avanzados (en implantaci\u00f3n)"},"content":{"rendered":"<p>En el apartado <a href=\"http:\/\/disseny-test.uoc.edu\/materials\/prod-digital\/es\/2-1-introduccio\/\" target=\"_blank\" rel=\"noopener\">2 \u00abProducci\u00f3n editorial digital: objetos, formatos y herramientas\u00bb<\/a> hemos hablado sobre la web sem\u00e1ntica y, en general, sobre la importancia de los metadatos para crear nuevos modelos de clasificaci\u00f3n, acceso y manipulaci\u00f3n de la informaci\u00f3n, que permiten desarrollar nuevos modelos de negocio relacionados con los contenidos digitales.<\/p>\n<div class=\"featured featured-blue\"><p>En este caso son modelos complejos, que exigen unos conocimientos t\u00e9cnicos avanzados para poderlos implementar y que se basan en el procesamiento t\u00e9cnico de la informaci\u00f3n, de manera independiente de la forma que tenga esta o del objeto digital del que forme parte.<\/p>\n<\/div>\n<p>Estos modelos se basan en desmontar los objetos digitales y clasificar su contenido en funci\u00f3n de informaci\u00f3n extra (metadatos) que el creador ha facilitado para identificar y dar valor sem\u00e1ntico al contenido que forma cualquier publicaci\u00f3n. Este procedimiento necesita un marcaje sem\u00e1ntico del contenido (identificaci\u00f3n de las diferentes partes de la publicaci\u00f3n: t\u00edtulos, p\u00e1rrafos, im\u00e1genes, citas, listas, etc.) y un a\u00f1adido de informaci\u00f3n que defina el valor de cada elemento en un lenguaje que los sistemas inform\u00e1ticos puedan entender.<\/p>\n<p>De este modo, si yo, con el uso de lenguajes de marcado sem\u00e1ntico como HTML, defino la estructura de un documento indicando los elementos que lo forman, <em>a posteriori<\/em> podr\u00e9 identificar y seleccionar estos elementos independientemente del resto de la publicaci\u00f3n. Si he identificado todos los t\u00edtulos de una publicaci\u00f3n, dando al sistema informaci\u00f3n que permita discernirlos del resto del contenido, ser\u00e1 sencillo inform\u00e1ticamente copiar, manipular y mostrar estos elementos. Si, al contrario, todo el contenido tiene el mismo valor, y no hemos definido cu\u00e1l es el papel de cada elemento en el conjunto de la publicaci\u00f3n, este procedimiento ser\u00e1 imposible.<\/p>\n<div class=\"featured featured-blue\"><p>El entorno digital actual tiende hacia uno en el que definir el valor sem\u00e1ntico de los elementos que forman una publicaci\u00f3n ser\u00e1 esencial para poder acceder al nuevo conjunto de herramientas y opciones que nos ofrecen las tecnolog\u00edas digitales.<\/p>\n<\/div>\n<h4><strong>Sin embargo, \u00bfqu\u00e9 podemos hacer con el contenido cuando este tiene un buen sistema de metadatos asociado y debemos definir el valor sem\u00e1ntico de los elementos?<\/strong><\/h4>\n<p>Las opciones son bastante amplias, a pesar de que la mayor\u00eda piden todav\u00eda una evoluci\u00f3n de las herramientas y los lenguajes que usamos en la publicaci\u00f3n editorial digital. Principalmente, giran en torno a la clasificaci\u00f3n inteligente de los contenidos, la creaci\u00f3n de compendios en funci\u00f3n de determinados par\u00e1metros y la personalizaci\u00f3n de los contenidos en funci\u00f3n de los t\u00f3picos de inter\u00e9s que nos facilite un lector.<\/p>\n<p>Ve\u00e1moslo con un poco m\u00e1s de detalle.<\/p>\n<p>Si recordamos la estructura de un EPUB, uno de los formatos que nos permitir\u00e1 acceder a este tipo de nuevas funcionalidades, el contenido textual que lo forma est\u00e1 marcado con HTML. Y decimos marcado porque HTML es un lenguaje que define la estructura del documento mediante marcas, identificando los diferentes elementos que lo forman y definiendo d\u00f3nde empiezan y d\u00f3nde acaban, marcas e identificadores que permiten discernir entre los distintos elementos de un texto en funci\u00f3n de su valor sem\u00e1ntico y el papel que ocupan en la estructura del texto.<\/p>\n<p>Es muy f\u00e1cil t\u00e9cnicamente identificar un tipo de elemento del c\u00f3digo HTML y copiar su contenido, manipularlo, etc.<\/p>\n<div class=\"featured featured-grey\"><p>Por ejemplo, si usamos el elemento <em>strong<\/em>, que marca aquella parte del texto que tiene m\u00e1s importancia, para marcar determinadas partes de un texto, <em>a posteriori<\/em> podremos seleccionar estos elementos, juntarlos y crear un resumen autom\u00e1tico. Esta es solo una de las opciones posibles para visualizar el proceso, pero la podemos extender a cualquier tipo de elemento HTML: los t\u00edtulos, las partes importantes, el contenido central, las secciones, etc.<\/p>\n<\/div>\n<p>Adem\u00e1s, gracias a las aportaciones de EPUB y los lenguajes web, podemos usar tambi\u00e9n caracter\u00edsticas como el atributo <em>epub:type<\/em> para perfeccionar y afinar estos procesos. HTML, a pesar de que nos ofrece algunos elementos sem\u00e1nticos, a veces se queda corto para abrazar la complejidad de las publicaciones editoriales. <em>Epub:type<\/em> nos permite definir, para cada uno de los elementos que forman el c\u00f3digo HTML, su valor sem\u00e1ntico de acuerdo con un <a href=\"https:\/\/idpf.github.io\/epub-vocabs\/structure\/\" target=\"_blank\" rel=\"noopener\">vocabulario preestablecido<\/a> que los sistemas de lectura pueden reconocer.<\/p>\n<figure id=\"attachment_52\" aria-describedby=\"caption-attachment-52\" style=\"width: 350px\" class=\"wp-caption aligncenter\"><img loading=\"lazy\" class=\"alignnone size-full wp-image-52\" src=\"http:\/\/disseny-test.uoc.edu\/materials\/prod-digital\/wp-content\/uploads\/sites\/6\/2018\/01\/20015_033.jpg\" alt=\"Exemple d'\u00fas de epub:type\" width=\"350\" height=\"305\" srcset=\"http:\/\/disseny-test.uoc.edu\/materials\/prod-digital\/wp-content\/uploads\/sites\/6\/2018\/01\/20015_033.jpg 350w, http:\/\/disseny-test.uoc.edu\/materials\/prod-digital\/wp-content\/uploads\/sites\/6\/2018\/01\/20015_033-300x261.jpg 300w\" sizes=\"(max-width: 350px) 100vw, 350px\" \/><figcaption id=\"caption-attachment-52\" class=\"wp-caption-text\"><strong>Figura 33.<\/strong> Ejemplo de uso de <em>epub:type<\/em> aplicado al elemento section de HTML. <br \/>El elemento <em>section<\/em> define secciones de un documento.<\/figcaption><\/figure>\n<p>As\u00ed, definiremos qu\u00e9 parte del texto es un pre\u00e1mbulo, identificaremos cap\u00edtulos, portadas, subcap\u00edtulos, divisiones, res\u00famenes, pr\u00f3logos, introducciones, conclusiones y un largo etc\u00e9tera de opciones que nos permiten definir de manera muy cuidadosa cada uno de los elementos que forman una publicaci\u00f3n.<\/p>\n<p>Este proceso de<strong> identificaci\u00f3n sem\u00e1ntica <\/strong>de los elementos, sumado al a\u00f1adido de <a href=\"http:\/\/epubzone.org\/news\/epub-3-packaging-and-metadata\" target=\"_blank\" rel=\"noopener\"><strong>metadatos avanzados<\/strong><\/a> que dan informaci\u00f3n extra sobre el contenido (EPUB utiliza el sistema <a href=\"http:\/\/www.dublincore.org\/documents\/dces\/\" target=\"_blank\" rel=\"noopener\">DCcore<\/a>), permite a los sistemas inform\u00e1ticos manipular el contenido con mucho m\u00e1s conocimiento de causa, y abre as\u00ed la puerta al tratamiento inteligente del contenido mediante algoritmos.<\/p>\n<div class=\"featured featured-blue\"><p>Por lo tanto, a medida que tengamos el contenido procesado seg\u00fan estas directrices, seremos capaces de generar modelos de negocio en el entorno de la personalizaci\u00f3n del contenido y la creaci\u00f3n de nuevos productos a partir de la manipulaci\u00f3n de otros productos existentes.<\/p>\n<\/div>\n<p class=\"Normalesp\">Estos modelos permiten, por ejemplo, identificar la parte m\u00e1s importante de un conjunto de art\u00edculos, o de una colecci\u00f3n, capturarla y crear un nuevo documento con este nuevo contenido, de manera autom\u00e1tica, o seleccionar, de entre un cat\u00e1logo en EPUB, las novelas en las que el curso narrativo tiene lugar en una localizaci\u00f3n concreta. Las opciones son infinitas.<\/p>\n","protected":false},"excerpt":{"rendered":"<p>En el apartado 2 \u00abProducci\u00f3n editorial digital: objetos, formatos y herramientas\u00bb hemos hablado sobre la web sem\u00e1ntica y, en general, sobre la importancia de los metadatos para crear nuevos modelos de clasificaci\u00f3n, acceso y manipulaci\u00f3n de la informaci\u00f3n, que permiten desarrollar nuevos modelos de negocio relacionados con los contenidos digitales. Estos modelos se basan en [&hellip;]<\/p>\n","protected":false},"author":1,"featured_media":0,"parent":0,"menu_order":0,"comment_status":"closed","ping_status":"closed","template":"","meta":{"inline_featured_image":false},"acf":[],"_links":{"self":[{"href":"http:\/\/disseny-test.uoc.edu\/materials\/prod-digital\/es\/wp-json\/wp\/v2\/pages\/866"}],"collection":[{"href":"http:\/\/disseny-test.uoc.edu\/materials\/prod-digital\/es\/wp-json\/wp\/v2\/pages"}],"about":[{"href":"http:\/\/disseny-test.uoc.edu\/materials\/prod-digital\/es\/wp-json\/wp\/v2\/types\/page"}],"author":[{"embeddable":true,"href":"http:\/\/disseny-test.uoc.edu\/materials\/prod-digital\/es\/wp-json\/wp\/v2\/users\/1"}],"replies":[{"embeddable":true,"href":"http:\/\/disseny-test.uoc.edu\/materials\/prod-digital\/es\/wp-json\/wp\/v2\/comments?post=866"}],"version-history":[{"count":1,"href":"http:\/\/disseny-test.uoc.edu\/materials\/prod-digital\/es\/wp-json\/wp\/v2\/pages\/866\/revisions"}],"predecessor-version":[{"id":867,"href":"http:\/\/disseny-test.uoc.edu\/materials\/prod-digital\/es\/wp-json\/wp\/v2\/pages\/866\/revisions\/867"}],"wp:attachment":[{"href":"http:\/\/disseny-test.uoc.edu\/materials\/prod-digital\/es\/wp-json\/wp\/v2\/media?parent=866"}],"curies":[{"name":"wp","href":"https:\/\/api.w.org\/{rel}","templated":true}]}}