{"id":868,"date":"2018-01-30T12:48:26","date_gmt":"2018-01-30T12:48:26","guid":{"rendered":"http:\/\/disseny-test.uoc.edu\/materials\/prod-digital\/?page_id=868"},"modified":"2018-01-30T12:48:26","modified_gmt":"2018-01-30T12:48:26","slug":"8-1-introduccion","status":"publish","type":"page","link":"http:\/\/disseny-test.uoc.edu\/materials\/prod-digital\/es\/8-1-introduccion\/","title":{"rendered":"8.1. Introducci\u00f3n"},"content":{"rendered":"<p>A lo largo de los apartados anteriores, hemos planteado la dependencia que se establece entre los formatos en los que editamos un contenido y las opciones de distribuci\u00f3n y comercializaci\u00f3n que tendremos disponibles. Hemos definido tambi\u00e9n que algunos de los agentes protagonistas del sector, si bien ofrecen herramientas para convertir el contenido a su formato propio, no aceptar\u00e1n ning\u00fan objeto digital que no est\u00e9 en su formato y cumpla los requisitos que las gu\u00edas de estilo nos piden. A la vez, a medida que defin\u00edamos las particularidades de los formatos y las diferentes v\u00edas para crearlos, nos hemos dado cuenta de que del formato que elijamos para publicar un contenido depender\u00e1n sus herramientas y los lenguajes que utilizaremos.<\/p>\n<p>Todas estas decisiones que ya hemos tomado cuando creamos un objeto editorial digital determinar\u00e1n las diferentes opciones de publicaci\u00f3n a las que podremos acceder. A lo largo de los diferentes puntos, ya hemos presentado la mayor\u00eda de las plataformas y herramientas existentes para la publicaci\u00f3n editorial digital, pero ahora queremos mostrarlas agrupadas y clasificadas en funci\u00f3n del tipo de contenidos que admiten y los formatos en los que es posible publicar.<\/p>\n<p>Todas las opciones que presentamos tienen a disposici\u00f3n de los usuarios gu\u00edas, tutoriales y un gran volumen de informaci\u00f3n que nos ayuda a entender las condiciones del servicio y los requisitos t\u00e9cnicos y procedimentales que hay que cumplir, y por lo tanto no entraremos a repetir esta informaci\u00f3n, que es f\u00e1cilmente accesible por internet.<\/p>\n","protected":false},"excerpt":{"rendered":"<p>A lo largo de los apartados anteriores, hemos planteado la dependencia que se establece entre los formatos en los que editamos un contenido y las opciones de distribuci\u00f3n y comercializaci\u00f3n que tendremos disponibles. Hemos definido tambi\u00e9n que algunos de los agentes protagonistas del sector, si bien ofrecen herramientas para convertir el contenido a su formato [&hellip;]<\/p>\n","protected":false},"author":1,"featured_media":0,"parent":0,"menu_order":0,"comment_status":"closed","ping_status":"closed","template":"","meta":{"inline_featured_image":false},"acf":[],"_links":{"self":[{"href":"http:\/\/disseny-test.uoc.edu\/materials\/prod-digital\/es\/wp-json\/wp\/v2\/pages\/868"}],"collection":[{"href":"http:\/\/disseny-test.uoc.edu\/materials\/prod-digital\/es\/wp-json\/wp\/v2\/pages"}],"about":[{"href":"http:\/\/disseny-test.uoc.edu\/materials\/prod-digital\/es\/wp-json\/wp\/v2\/types\/page"}],"author":[{"embeddable":true,"href":"http:\/\/disseny-test.uoc.edu\/materials\/prod-digital\/es\/wp-json\/wp\/v2\/users\/1"}],"replies":[{"embeddable":true,"href":"http:\/\/disseny-test.uoc.edu\/materials\/prod-digital\/es\/wp-json\/wp\/v2\/comments?post=868"}],"version-history":[{"count":1,"href":"http:\/\/disseny-test.uoc.edu\/materials\/prod-digital\/es\/wp-json\/wp\/v2\/pages\/868\/revisions"}],"predecessor-version":[{"id":869,"href":"http:\/\/disseny-test.uoc.edu\/materials\/prod-digital\/es\/wp-json\/wp\/v2\/pages\/868\/revisions\/869"}],"wp:attachment":[{"href":"http:\/\/disseny-test.uoc.edu\/materials\/prod-digital\/es\/wp-json\/wp\/v2\/media?parent=868"}],"curies":[{"name":"wp","href":"https:\/\/api.w.org\/{rel}","templated":true}]}}