{"id":870,"date":"2018-01-30T12:51:07","date_gmt":"2018-01-30T12:51:07","guid":{"rendered":"http:\/\/disseny-test.uoc.edu\/materials\/prod-digital\/?page_id=870"},"modified":"2018-01-30T12:51:07","modified_gmt":"2018-01-30T12:51:07","slug":"8-2-1-amazon-kindle-direct-publishing","status":"publish","type":"page","link":"http:\/\/disseny-test.uoc.edu\/materials\/prod-digital\/es\/8-2-1-amazon-kindle-direct-publishing\/","title":{"rendered":"8.2.1. Amazon: Kindle Direct Publishing"},"content":{"rendered":"<div class=\"featured featured-blue\"><p><a href=\"https:\/\/www.amazon.es\/\" target=\"_blank\" rel=\"noopener\"><strong>Amazon<\/strong><\/a> es uno de los principales agentes del sector de la publicaci\u00f3n editorial digital.<\/p>\n<\/div>\n<p>Su portal ofrece un gran p\u00fablico objetivo y condiciones de venta bastante favorables si les damos la exclusividad. A la vez, el sistema de Amazon es muy sencillo de utilizar y, si estamos dispuestos a aceptar las restricciones t\u00e9cnicas del formato y las formales del contrato, la publicaci\u00f3n de contenido es bastante r\u00e1pida. El lector podr\u00e1 acceder al contenido desde cualquier sistema operativo y dispositivo, siempre que utilicemos la aplicaci\u00f3n que la empresa nos ofrece para leer los libros.<\/p>\n<h4><strong>Ventajas<\/strong><\/h4>\n<ul>\n<li>Principal vendedor de libros en l\u00ednea. P\u00fablico objetivo muy elevado.<\/li>\n<li>Pol\u00edticas de precios agresivas que incluyen promociones, ofertas y accesos por suscripci\u00f3n.<\/li>\n<\/ul>\n<h4><strong>Inconvenientes<\/strong><\/h4>\n<ul>\n<li>Ecosistema propio tanto para el formato como para las aplicaciones\/dispositivos de lectura, algo que condiciona el acceso a un determinado tipo de p\u00fablico.<\/li>\n<li>Dificultades para vender multiformato.<\/li>\n<li><em>Condiciones generales<\/em> que determinan la propiedad y la edici\u00f3n del formato de los libros.<\/li>\n<li>Control por parte de la empresa del contenido editado en su formato. Restricciones t\u00e9cnicas en la edici\u00f3n.<\/li>\n<li>Margen de beneficios del portal de, como m\u00ednimo, el 35 %, a veces el 70 %.<\/li>\n<\/ul>\n<p>M\u00e1s informaci\u00f3n: <a href=\"http:\/\/disseny-test.uoc.edu\/materials\/prod-digital\/2-2-3-kf8-amazon-kindle-format\/\" target=\"_blank\" rel=\"noopener\">2.2.3 \u00abKF8 (Amazon Kindle Format)\u00bb<\/a> y <a href=\"http:\/\/disseny-test.uoc.edu\/materials\/prod-digital\/3-4-3-creacio-dun-arxiu-kf8-per-a-lecosistema-damazon\/\" target=\"_blank\" rel=\"noopener\">3.4.3 \u00abCreaci\u00f3n de un archivo KF8 (para el ecosistema de Amazon)\u00bb<\/a>.<\/p>\n<p>&nbsp;<\/p>\n","protected":false},"excerpt":{"rendered":"<p>Su portal ofrece un gran p\u00fablico objetivo y condiciones de venta bastante favorables si les damos la exclusividad. A la vez, el sistema de Amazon es muy sencillo de utilizar y, si estamos dispuestos a aceptar las restricciones t\u00e9cnicas del formato y las formales del contrato, la publicaci\u00f3n de contenido es bastante r\u00e1pida. El lector [&hellip;]<\/p>\n","protected":false},"author":1,"featured_media":0,"parent":0,"menu_order":0,"comment_status":"closed","ping_status":"closed","template":"","meta":{"inline_featured_image":false},"acf":[],"_links":{"self":[{"href":"http:\/\/disseny-test.uoc.edu\/materials\/prod-digital\/es\/wp-json\/wp\/v2\/pages\/870"}],"collection":[{"href":"http:\/\/disseny-test.uoc.edu\/materials\/prod-digital\/es\/wp-json\/wp\/v2\/pages"}],"about":[{"href":"http:\/\/disseny-test.uoc.edu\/materials\/prod-digital\/es\/wp-json\/wp\/v2\/types\/page"}],"author":[{"embeddable":true,"href":"http:\/\/disseny-test.uoc.edu\/materials\/prod-digital\/es\/wp-json\/wp\/v2\/users\/1"}],"replies":[{"embeddable":true,"href":"http:\/\/disseny-test.uoc.edu\/materials\/prod-digital\/es\/wp-json\/wp\/v2\/comments?post=870"}],"version-history":[{"count":1,"href":"http:\/\/disseny-test.uoc.edu\/materials\/prod-digital\/es\/wp-json\/wp\/v2\/pages\/870\/revisions"}],"predecessor-version":[{"id":871,"href":"http:\/\/disseny-test.uoc.edu\/materials\/prod-digital\/es\/wp-json\/wp\/v2\/pages\/870\/revisions\/871"}],"wp:attachment":[{"href":"http:\/\/disseny-test.uoc.edu\/materials\/prod-digital\/es\/wp-json\/wp\/v2\/media?parent=870"}],"curies":[{"name":"wp","href":"https:\/\/api.w.org\/{rel}","templated":true}]}}