{"id":872,"date":"2018-01-30T12:52:53","date_gmt":"2018-01-30T12:52:53","guid":{"rendered":"http:\/\/disseny-test.uoc.edu\/materials\/prod-digital\/?page_id=872"},"modified":"2018-01-30T19:14:00","modified_gmt":"2018-01-30T19:14:00","slug":"8-2-2-google-play-books","status":"publish","type":"page","link":"http:\/\/disseny-test.uoc.edu\/materials\/prod-digital\/es\/8-2-2-google-play-books\/","title":{"rendered":"8.2.2. Google Play Books"},"content":{"rendered":"<div class=\"featured featured-blue\"><p><a href=\"https:\/\/play.google.com\/books\/publish\/\" target=\"_blank\" rel=\"noopener\"><strong>Google Play<\/strong><\/a> es el otro agente protagonista en la venta de libros digitales. Su formato principal de entrada es EPUB, a pesar de que tambi\u00e9n acepta documentos en PDF.<\/p>\n<\/div>\n<p>Las pol\u00edticas de precios y de relaci\u00f3n contractual quedan definidas y limitadas por las condiciones del servicio. Los beneficios que hay que obtener, si damos exclusividad al portal, son muy similares a los de Amazon. Adem\u00e1s, Google tiene grandes herramientas de promoci\u00f3n e indexaci\u00f3n de los libros, que los hacen muy accesibles. El lector podr\u00e1 acceder al contenido desde cualquier sistema operativo y dispositivo.<\/p>\n<h4><strong>Ventajas<\/strong><\/h4>\n<ul>\n<li>Uso del formato est\u00e1ndar EPUB para las publicaciones digitales, lo que nos permite acceder a las \u00faltimas funcionalidades t\u00e9cnicas y tener acceso al funcionamiento t\u00e9cnico del formato.<\/li>\n<li>Formato EPUB libre, cuyo c\u00f3digo podemos editar y modificar.<\/li>\n<li>P\u00fablico objetivo muy elevado: Google Books es la 2\/3 plataforma de venta de libros electr\u00f3nicos.<\/li>\n<\/ul>\n<h4><strong>Inconvenientes<\/strong><\/h4>\n<ul>\n<li>Condiciones de venta no libres, aunque el formato lo sea. Google impone unas restricciones sobre los beneficios y nos obliga a mantener una exclusividad si queremos maximizar el beneficio por ejemplar.<\/li>\n<li>Margen de beneficio del producto del 30-35 %, que puede llegar a l\u00edmites m\u00e1s altos si no vendemos en exclusividad.<\/li>\n<\/ul>\n<p>M\u00e1s informaci\u00f3n: <a href=\"http:\/\/disseny-test.uoc.edu\/materials\/prod-digital\/es\/2-2-2-epub\/\" target=\"_blank\" rel=\"noopener\">2.2.2 \u00abEPUB\u00bb<\/a> y <a href=\"http:\/\/disseny-test.uoc.edu\/materials\/prod-digital\/es\/3-4-2-creacio-dun-arxiu-en-format-epub\/\" target=\"_blank\" rel=\"noopener\">3.4.2 \u00abCreaci\u00f3n de un archivo en formato EPUB\u00bb<\/a>.<\/p>\n","protected":false},"excerpt":{"rendered":"<p>Las pol\u00edticas de precios y de relaci\u00f3n contractual quedan definidas y limitadas por las condiciones del servicio. Los beneficios que hay que obtener, si damos exclusividad al portal, son muy similares a los de Amazon. Adem\u00e1s, Google tiene grandes herramientas de promoci\u00f3n e indexaci\u00f3n de los libros, que los hacen muy accesibles. El lector podr\u00e1 [&hellip;]<\/p>\n","protected":false},"author":1,"featured_media":0,"parent":0,"menu_order":0,"comment_status":"closed","ping_status":"closed","template":"","meta":{"inline_featured_image":false},"acf":[],"_links":{"self":[{"href":"http:\/\/disseny-test.uoc.edu\/materials\/prod-digital\/es\/wp-json\/wp\/v2\/pages\/872"}],"collection":[{"href":"http:\/\/disseny-test.uoc.edu\/materials\/prod-digital\/es\/wp-json\/wp\/v2\/pages"}],"about":[{"href":"http:\/\/disseny-test.uoc.edu\/materials\/prod-digital\/es\/wp-json\/wp\/v2\/types\/page"}],"author":[{"embeddable":true,"href":"http:\/\/disseny-test.uoc.edu\/materials\/prod-digital\/es\/wp-json\/wp\/v2\/users\/1"}],"replies":[{"embeddable":true,"href":"http:\/\/disseny-test.uoc.edu\/materials\/prod-digital\/es\/wp-json\/wp\/v2\/comments?post=872"}],"version-history":[{"count":2,"href":"http:\/\/disseny-test.uoc.edu\/materials\/prod-digital\/es\/wp-json\/wp\/v2\/pages\/872\/revisions"}],"predecessor-version":[{"id":1132,"href":"http:\/\/disseny-test.uoc.edu\/materials\/prod-digital\/es\/wp-json\/wp\/v2\/pages\/872\/revisions\/1132"}],"wp:attachment":[{"href":"http:\/\/disseny-test.uoc.edu\/materials\/prod-digital\/es\/wp-json\/wp\/v2\/media?parent=872"}],"curies":[{"name":"wp","href":"https:\/\/api.w.org\/{rel}","templated":true}]}}