{"id":876,"date":"2018-01-30T12:55:49","date_gmt":"2018-01-30T12:55:49","guid":{"rendered":"http:\/\/disseny-test.uoc.edu\/materials\/prod-digital\/?page_id=876"},"modified":"2018-01-30T19:14:57","modified_gmt":"2018-01-30T19:14:57","slug":"8-2-4-blurb","status":"publish","type":"page","link":"http:\/\/disseny-test.uoc.edu\/materials\/prod-digital\/es\/8-2-4-blurb\/","title":{"rendered":"8.2.4. Blurb"},"content":{"rendered":"<div class=\"featured featured-blue\"><p><a href=\"http:\/\/www.blurb.com\/sell-and-distribute\" target=\"_blank\" rel=\"noopener\"><strong>Blurb<\/strong><\/a> es una plataforma que nos ofrece la posibilidad de crear libros digitales mediante su propia aplicaci\u00f3n, y venderlos tanto en el portal propio como a los principales agentes del sector.<\/p>\n<\/div>\n<p>La aplicaci\u00f3n que ofrecen es multiplataforma, y nos permite crear diferentes tipos de publicaciones en funci\u00f3n del contenido principal de las mismas. La publicaci\u00f3n es de pago y nos obliga a seguir unas directrices marcadas por la empresa.<\/p>\n<h4><strong>Ventajas<\/strong><\/h4>\n<ul>\n<li>Herramientas de creaci\u00f3n disponibles para todos los sistemas.<\/li>\n<li>Proceso de creaci\u00f3n sencillo.<\/li>\n<li>Acceso a un paquete de servicios: creaci\u00f3n, publicaci\u00f3n, venta, etc.<\/li>\n<\/ul>\n<h4><strong>Inconvenientes<\/strong><\/h4>\n<ul>\n<li>Cuota requerida para publicar.<\/li>\n<li>Limitaci\u00f3n de la acci\u00f3n t\u00e9cnica sobre el resultado.<\/li>\n<li>Condiciones del servicio que mandan sobre lo que podemos hacer.<\/li>\n<\/ul>\n<p>M\u00e1s informaci\u00f3n: <a href=\"http:\/\/disseny-test.uoc.edu\/materials\/prod-digital\/es\/3-4-7-eines-de-creacio-automatica\/\">3.4.7 \u00abHerramientas de creaci\u00f3n autom\u00e1tica\u00bb<\/a>.<\/p>\n","protected":false},"excerpt":{"rendered":"<p>La aplicaci\u00f3n que ofrecen es multiplataforma, y nos permite crear diferentes tipos de publicaciones en funci\u00f3n del contenido principal de las mismas. La publicaci\u00f3n es de pago y nos obliga a seguir unas directrices marcadas por la empresa. Ventajas Herramientas de creaci\u00f3n disponibles para todos los sistemas. Proceso de creaci\u00f3n sencillo. Acceso a un paquete [&hellip;]<\/p>\n","protected":false},"author":1,"featured_media":0,"parent":0,"menu_order":0,"comment_status":"closed","ping_status":"closed","template":"","meta":{"inline_featured_image":false},"acf":[],"_links":{"self":[{"href":"http:\/\/disseny-test.uoc.edu\/materials\/prod-digital\/es\/wp-json\/wp\/v2\/pages\/876"}],"collection":[{"href":"http:\/\/disseny-test.uoc.edu\/materials\/prod-digital\/es\/wp-json\/wp\/v2\/pages"}],"about":[{"href":"http:\/\/disseny-test.uoc.edu\/materials\/prod-digital\/es\/wp-json\/wp\/v2\/types\/page"}],"author":[{"embeddable":true,"href":"http:\/\/disseny-test.uoc.edu\/materials\/prod-digital\/es\/wp-json\/wp\/v2\/users\/1"}],"replies":[{"embeddable":true,"href":"http:\/\/disseny-test.uoc.edu\/materials\/prod-digital\/es\/wp-json\/wp\/v2\/comments?post=876"}],"version-history":[{"count":2,"href":"http:\/\/disseny-test.uoc.edu\/materials\/prod-digital\/es\/wp-json\/wp\/v2\/pages\/876\/revisions"}],"predecessor-version":[{"id":1134,"href":"http:\/\/disseny-test.uoc.edu\/materials\/prod-digital\/es\/wp-json\/wp\/v2\/pages\/876\/revisions\/1134"}],"wp:attachment":[{"href":"http:\/\/disseny-test.uoc.edu\/materials\/prod-digital\/es\/wp-json\/wp\/v2\/media?parent=876"}],"curies":[{"name":"wp","href":"https:\/\/api.w.org\/{rel}","templated":true}]}}