{"id":878,"date":"2018-01-30T12:57:46","date_gmt":"2018-01-30T12:57:46","guid":{"rendered":"http:\/\/disseny-test.uoc.edu\/materials\/prod-digital\/?page_id=878"},"modified":"2018-01-30T12:57:46","modified_gmt":"2018-01-30T12:57:46","slug":"8-3-plataformas-para-publicar-y-vender-revistas-digitales","status":"publish","type":"page","link":"http:\/\/disseny-test.uoc.edu\/materials\/prod-digital\/es\/8-3-plataformas-para-publicar-y-vender-revistas-digitales\/","title":{"rendered":"8.3. Plataformas para publicar y vender revistas digitales"},"content":{"rendered":"<div class=\"featured featured-blue\"><p><a href=\"https:\/\/support.google.com\/producer\/\" target=\"_blank\" rel=\"noopener\"><strong>Google Kiosco<\/strong><\/a> es una de las opciones principales para crear y publicar revistas en l\u00ednea. Nos permite acceder a las capacidades de indexaci\u00f3n del motor de b\u00fasqueda de Google y publicar en unas condiciones bastante favorables.<\/p>\n<\/div>\n<p>El contenido est\u00e1 disponible en l\u00ednea, se puede descargar y es accesible desde cualquier dispositivo con conexi\u00f3n a internet.<\/p>\n<h4><strong>Ventajas<\/strong><\/h4>\n<ul>\n<li>Principal agente del sector.<\/li>\n<li>Gran p\u00fablico objetivo.<\/li>\n<li>Proceso de creaci\u00f3n en l\u00ednea sencillo.<\/li>\n<\/ul>\n<h4><strong>Inconvenientes<\/strong><\/h4>\n<ul>\n<li>Restricciones sobre los beneficios impuestas por Google.<\/li>\n<li><em>Condiciones generales<\/em>: hay que seguir al pie de la letra las indicaciones sobre los procesos de creaci\u00f3n que nos indica Google Publisher.<\/li>\n<\/ul>\n<div class=\"featured featured-blue\"><p><a href=\"https:\/\/es.zinio.com\/\" target=\"_blank\" rel=\"noopener\"><strong>Zinio<\/strong><\/a> es un portal de venta de revistas que nos permite publicar el contenido directamente en l\u00ednea, gracias a su aplicaci\u00f3n.<\/p>\n<\/div>\n<p class=\"Normalesp\">Esta aplicaci\u00f3n, que est\u00e1 disponible para todos los sistemas operativos, nos permite crear una revista digital que despu\u00e9s publicaremos y venderemos en el mismo portal de Zinio.<\/p>\n<div class=\"featured featured-blue\"><p><a href=\"https:\/\/www.joomag.com\" target=\"_blank\" rel=\"noopener\"><strong>Joomag<\/strong><\/a> es una plataforma que nos ofrece herramientas propias y un portal propio de venta para distribuir revistas digitales.<\/p>\n<\/div>\n<p>Tiene un editor en l\u00ednea que nos permite crear el contenido y, <em>a posteriori<\/em>, publicarlo en su portal para venderlo en el quiosco de la empresa.<\/p>\n<h4>Ventajas de Zinio y Joomag<\/h4>\n<ul>\n<li>Herramientas de creaci\u00f3n disponibles para todos los sistemas.<\/li>\n<li>Proceso de creaci\u00f3n sencillo.<\/li>\n<li>Acceso a un paquete de servicios: creaci\u00f3n, publicaci\u00f3n, venta, etc.<\/li>\n<li>Plataforma propia de venta y publicaci\u00f3n.<\/li>\n<\/ul>\n<h4>Inconvenientes de Zinio y Joomag<\/h4>\n<ul>\n<li>Cuota para publicar.<\/li>\n<li>Limitaci\u00f3n de la acci\u00f3n t\u00e9cnica sobre el resultado.<\/li>\n<li>Condiciones del servicio que mandan sobre lo que podemos hacer.<\/li>\n<li>Ausencia de acceso t\u00e9cnico al formato.<\/li>\n<\/ul>\n<p>M\u00e1s informaci\u00f3n: <a href=\"http:\/\/disseny-test.uoc.edu\/materials\/prod-digital\/es\/3-4-7-eines-de-creacio-automatica\/\" target=\"_blank\" rel=\"noopener\">3.4.7 \u00abHerramientas de creaci\u00f3n autom\u00e1tica\u00bb<\/a>.<\/p>\n","protected":false},"excerpt":{"rendered":"<p>El contenido est\u00e1 disponible en l\u00ednea, se puede descargar y es accesible desde cualquier dispositivo con conexi\u00f3n a internet. Ventajas Principal agente del sector. Gran p\u00fablico objetivo. Proceso de creaci\u00f3n en l\u00ednea sencillo. Inconvenientes Restricciones sobre los beneficios impuestas por Google. Condiciones generales: hay que seguir al pie de la letra las indicaciones sobre los [&hellip;]<\/p>\n","protected":false},"author":1,"featured_media":0,"parent":0,"menu_order":0,"comment_status":"closed","ping_status":"closed","template":"","meta":{"inline_featured_image":false},"acf":[],"_links":{"self":[{"href":"http:\/\/disseny-test.uoc.edu\/materials\/prod-digital\/es\/wp-json\/wp\/v2\/pages\/878"}],"collection":[{"href":"http:\/\/disseny-test.uoc.edu\/materials\/prod-digital\/es\/wp-json\/wp\/v2\/pages"}],"about":[{"href":"http:\/\/disseny-test.uoc.edu\/materials\/prod-digital\/es\/wp-json\/wp\/v2\/types\/page"}],"author":[{"embeddable":true,"href":"http:\/\/disseny-test.uoc.edu\/materials\/prod-digital\/es\/wp-json\/wp\/v2\/users\/1"}],"replies":[{"embeddable":true,"href":"http:\/\/disseny-test.uoc.edu\/materials\/prod-digital\/es\/wp-json\/wp\/v2\/comments?post=878"}],"version-history":[{"count":1,"href":"http:\/\/disseny-test.uoc.edu\/materials\/prod-digital\/es\/wp-json\/wp\/v2\/pages\/878\/revisions"}],"predecessor-version":[{"id":879,"href":"http:\/\/disseny-test.uoc.edu\/materials\/prod-digital\/es\/wp-json\/wp\/v2\/pages\/878\/revisions\/879"}],"wp:attachment":[{"href":"http:\/\/disseny-test.uoc.edu\/materials\/prod-digital\/es\/wp-json\/wp\/v2\/media?parent=878"}],"curies":[{"name":"wp","href":"https:\/\/api.w.org\/{rel}","templated":true}]}}