{"id":880,"date":"2018-01-30T12:59:05","date_gmt":"2018-01-30T12:59:05","guid":{"rendered":"http:\/\/disseny-test.uoc.edu\/materials\/prod-digital\/?page_id=880"},"modified":"2018-01-30T12:59:05","modified_gmt":"2018-01-30T12:59:05","slug":"8-4-plataformas-para-publicar-y-vender-contenidos-y-documentos-digitales-en-general","status":"publish","type":"page","link":"http:\/\/disseny-test.uoc.edu\/materials\/prod-digital\/es\/8-4-plataformas-para-publicar-y-vender-contenidos-y-documentos-digitales-en-general\/","title":{"rendered":"8.4. Plataformas para publicar y vender contenidos y documentos digitales en general"},"content":{"rendered":"<div class=\"featured featured-blue\"><p><a href=\"https:\/\/payhip.com\/\" target=\"_blank\" rel=\"noopener\"><strong>Payhip<\/strong><\/a> es un portal para vender cualquier tipo de contenidos digitales (suscripciones, libros digitales, m\u00fasica, fotograf\u00edas, cursos, etc.) y, por tanto, es otra opci\u00f3n disponible para publicar contenidos editoriales.<\/p>\n<\/div>\n<p>Su popularidad es creciente y nos da acceso a un gran conjunto de compradores potenciales.<\/p>\n<div class=\"featured featured-blue\"><p><a href=\"https:\/\/www.fiverr.com\" target=\"_blank\" rel=\"noopener\"><strong>Fiverr<\/strong><\/a> es una opci\u00f3n similar que nos permite ofrecer un determinado producto y se encarga de hacernos llegar encargos de compradores potenciales para que podamos elaborar o personalizar el producto.<\/p>\n<\/div>\n<p>Tambi\u00e9n tiene una audiencia internacional y de bastante alcance. Adem\u00e1s, se encarga de gestionar los pagos y de hacer de intermediario entre el comprador y los creativos.<\/p>\n<h4><strong>Ventajas<\/strong><\/h4>\n<ul>\n<li>Aunque restringida por unas <em>condiciones generales<\/em>, bastante libertad a la hora de determinar el precio y las condiciones de venta del producto.<\/li>\n<li>Grandes audiencias de compradores potenciales.<\/li>\n<li>Posibilidad de crear una marca propia en el portal.<\/li>\n<\/ul>\n<h4><strong>Inconvenientes<\/strong><\/h4>\n<ul>\n<li>Cuota requerida para vender los productos.<\/li>\n<li>Aceptaci\u00f3n requerida de las condiciones del servicio en cuanto a la tipolog\u00eda de productos que hay que vender y las condiciones comerciales.<\/li>\n<\/ul>\n","protected":false},"excerpt":{"rendered":"<p>Su popularidad es creciente y nos da acceso a un gran conjunto de compradores potenciales. Tambi\u00e9n tiene una audiencia internacional y de bastante alcance. Adem\u00e1s, se encarga de gestionar los pagos y de hacer de intermediario entre el comprador y los creativos. Ventajas Aunque restringida por unas condiciones generales, bastante libertad a la hora de [&hellip;]<\/p>\n","protected":false},"author":1,"featured_media":0,"parent":0,"menu_order":0,"comment_status":"closed","ping_status":"closed","template":"","meta":{"inline_featured_image":false},"acf":[],"_links":{"self":[{"href":"http:\/\/disseny-test.uoc.edu\/materials\/prod-digital\/es\/wp-json\/wp\/v2\/pages\/880"}],"collection":[{"href":"http:\/\/disseny-test.uoc.edu\/materials\/prod-digital\/es\/wp-json\/wp\/v2\/pages"}],"about":[{"href":"http:\/\/disseny-test.uoc.edu\/materials\/prod-digital\/es\/wp-json\/wp\/v2\/types\/page"}],"author":[{"embeddable":true,"href":"http:\/\/disseny-test.uoc.edu\/materials\/prod-digital\/es\/wp-json\/wp\/v2\/users\/1"}],"replies":[{"embeddable":true,"href":"http:\/\/disseny-test.uoc.edu\/materials\/prod-digital\/es\/wp-json\/wp\/v2\/comments?post=880"}],"version-history":[{"count":1,"href":"http:\/\/disseny-test.uoc.edu\/materials\/prod-digital\/es\/wp-json\/wp\/v2\/pages\/880\/revisions"}],"predecessor-version":[{"id":881,"href":"http:\/\/disseny-test.uoc.edu\/materials\/prod-digital\/es\/wp-json\/wp\/v2\/pages\/880\/revisions\/881"}],"wp:attachment":[{"href":"http:\/\/disseny-test.uoc.edu\/materials\/prod-digital\/es\/wp-json\/wp\/v2\/media?parent=880"}],"curies":[{"name":"wp","href":"https:\/\/api.w.org\/{rel}","templated":true}]}}