{"id":101,"date":"2018-01-18T17:46:20","date_gmt":"2018-01-18T17:46:20","guid":{"rendered":"http:\/\/disseny-test.uoc.edu\/materials\/prod-digital\/?page_id=101"},"modified":"2018-01-18T17:46:20","modified_gmt":"2018-01-18T17:46:20","slug":"2-3-3-pagina-web","status":"publish","type":"page","link":"http:\/\/disseny-test.uoc.edu\/materials\/prod-digital\/2-3-3-pagina-web\/","title":{"rendered":"2.3.3. P\u00e0gina web"},"content":{"rendered":"<p>En la majoria dels casos que vulguem crear una publicaci\u00f3 en l\u00ednia l\u2019opci\u00f3 del CMS ser\u00e0 m\u00e9s interessant que la de crear una p\u00e0gina web pr\u00f2pia, sia des de zero o amb un assistent. Per crear una p\u00e0gina web, no solament haurem de dedicar m\u00e9s esfor\u00e7os t\u00e8cnics per a crear el portal, sin\u00f3 que, a m\u00e9s a m\u00e9s, la publicaci\u00f3 habitual de contingut ser\u00e0 m\u00e9s complexa i requerir\u00e0 modificar el codi de la p\u00e0gina web.<\/p>\n<p>Nom\u00e9s en alguns casos molt concrets, per les condicions t\u00e8cniques dels CMS o per alguna necessitat molt particular que no podem satisfer amb complements (<em>plugins<\/em>), tindr\u00e0 sentit crear un portal propi per a publicar una revista digital, cosa que requerir\u00e0 una externalitzaci\u00f3 del projecte.<\/p>\n<p>Un dels casos en qu\u00e8 pot ser interessant crear un portal web propi \u00e9s aquell en qu\u00e8, com hem comentat anteriorment, tenim la necessitat d\u2019oferir la publicaci\u00f3 per a descarregar en un arxiu llegible fora de l\u00ednia, sia per la necessitat de mantenir una proporci\u00f3 fixa entre elements o perqu\u00e8 aquesta implica un alt pes de desc\u00e0rrega i \u00e9s poc \u00fatil manipular-la en l\u00ednia. En aquest cas, crear un portal propi, que es mantindr\u00e0 invariable en el 90% i en qu\u00e8 afegirem nom\u00e9s arxius per a descarregar creats i editats a part, muntar una web senzilla pr\u00f2pia t\u00e9 m\u00e9s sentit. Ara b\u00e9, aquesta web ser\u00e0 un portal de distribuci\u00f3 o desc\u00e0rrega de continguts, per\u00f2 no ser\u00e0 la revista digital per si mateixa. La revista ser\u00e0 l\u2019arxiu descarregable que complir\u00e0 els requisits formals per a ser una revista digital, etc.<\/p>\n","protected":false},"excerpt":{"rendered":"<p>En la majoria dels casos que vulguem crear una publicaci\u00f3 en l\u00ednia l\u2019opci\u00f3 del CMS ser\u00e0 m\u00e9s interessant que la de crear una p\u00e0gina web pr\u00f2pia, sia des de zero o amb un assistent. Per crear una p\u00e0gina web, no solament haurem de dedicar m\u00e9s esfor\u00e7os t\u00e8cnics per a crear el portal, sin\u00f3 que, a [&hellip;]<\/p>\n","protected":false},"author":1,"featured_media":0,"parent":0,"menu_order":0,"comment_status":"closed","ping_status":"closed","template":"","meta":{"inline_featured_image":false},"acf":[],"_links":{"self":[{"href":"http:\/\/disseny-test.uoc.edu\/materials\/prod-digital\/wp-json\/wp\/v2\/pages\/101"}],"collection":[{"href":"http:\/\/disseny-test.uoc.edu\/materials\/prod-digital\/wp-json\/wp\/v2\/pages"}],"about":[{"href":"http:\/\/disseny-test.uoc.edu\/materials\/prod-digital\/wp-json\/wp\/v2\/types\/page"}],"author":[{"embeddable":true,"href":"http:\/\/disseny-test.uoc.edu\/materials\/prod-digital\/wp-json\/wp\/v2\/users\/1"}],"replies":[{"embeddable":true,"href":"http:\/\/disseny-test.uoc.edu\/materials\/prod-digital\/wp-json\/wp\/v2\/comments?post=101"}],"version-history":[{"count":1,"href":"http:\/\/disseny-test.uoc.edu\/materials\/prod-digital\/wp-json\/wp\/v2\/pages\/101\/revisions"}],"predecessor-version":[{"id":102,"href":"http:\/\/disseny-test.uoc.edu\/materials\/prod-digital\/wp-json\/wp\/v2\/pages\/101\/revisions\/102"}],"wp:attachment":[{"href":"http:\/\/disseny-test.uoc.edu\/materials\/prod-digital\/wp-json\/wp\/v2\/media?parent=101"}],"curies":[{"name":"wp","href":"https:\/\/api.w.org\/{rel}","templated":true}]}}