{"id":103,"date":"2018-01-18T17:48:32","date_gmt":"2018-01-18T17:48:32","guid":{"rendered":"http:\/\/disseny-test.uoc.edu\/materials\/prod-digital\/?page_id=103"},"modified":"2018-01-30T13:43:09","modified_gmt":"2018-01-30T13:43:09","slug":"2-3-4-pdf","status":"publish","type":"page","link":"http:\/\/disseny-test.uoc.edu\/materials\/prod-digital\/2-3-4-pdf\/","title":{"rendered":"2.3.4. PDF"},"content":{"rendered":"<p>Tots els desavantatges que hem plantejat en el punt sobre els llibres digitals per al format PDF poden convertir-se en beneficis si el que volem crear \u00e9s una revista principalment gr\u00e0fica, visual, en qu\u00e8 necessitem garantir una s\u00e8rie de disposicions dels elements independentment de la mida de la pantalla.<\/p>\n<figure id=\"attachment_28\" aria-describedby=\"caption-attachment-28\" style=\"width: 484px\" class=\"wp-caption aligncenter\"><img loading=\"lazy\" class=\"alignnone size-full wp-image-28\" src=\"http:\/\/disseny-test.uoc.edu\/materials\/prod-digital\/wp-content\/uploads\/sites\/6\/2018\/01\/20015_009.jpg\" alt=\"Creaci\u00f3 de revistes digitals en formats descarregables\" width=\"484\" height=\"747\" srcset=\"http:\/\/disseny-test.uoc.edu\/materials\/prod-digital\/wp-content\/uploads\/sites\/6\/2018\/01\/20015_009.jpg 484w, http:\/\/disseny-test.uoc.edu\/materials\/prod-digital\/wp-content\/uploads\/sites\/6\/2018\/01\/20015_009-194x300.jpg 194w\" sizes=\"(max-width: 484px) 100vw, 484px\" \/><figcaption id=\"caption-attachment-28\" class=\"wp-caption-text\"><strong>Figura 9.<\/strong> Creaci\u00f3 de revistes digitals en formats descarregables<\/figcaption><\/figure>\n<div class=\"featured featured-blue\"><p>Ja tenim opcions en els formats web i en EPUB per a garantir aquest aspecte usant altres formats, per\u00f2 la relaci\u00f3 de conviv\u00e8ncia excel\u00b7lent entre el format PDF i els editors visual com InDesign o Scribus fan que el PDF encara sigui molt usat com a format de desc\u00e0rrega per a les publicacions digitals, en aquest cas revistes.<\/p>\n<\/div>\n<p>Tamb\u00e9 \u00e9s un format que podem usar com a complementari d\u2019un contingut web proporcionant el contingut de la revista en l\u00ednia i oferint-lo per a descarregar en format PDF. No obstant aix\u00f2, en aquest cas, si ja tenim el contingut en els llenguatges web ser\u00e0 molt m\u00e9s senzill i interessant oferir-lo en el format EPUB.<\/p>\n<p>La ind\u00fastria editorial convencional continua usant la parella InDesign-PDF com un dels elements protagonistes en la creaci\u00f3 de continguts, i per aix\u00f2, tot i que la tend\u00e8ncia als formats web \u00e9s clara, encara podem trobar molts projectes que es basen en aquest format fix.<\/p>\n<p>No podem oblidar, per\u00f2, que les limitacions que plantej\u00e0vem al <a href=\"http:\/\/disseny-test.uoc.edu\/materials\/prod-digital\/2-2-4-pdf\/\" target=\"_blank\" rel=\"noopener\">2.2.4. PDF<\/a> respecte al disseny adaptable, l\u2019acc\u00e9s del sistema als continguts i el valor sem\u00e0ntic dels elements que el formen, etc., les heretarem tamb\u00e9 si usem aquest format per a una revista digital.<\/p>\n","protected":false},"excerpt":{"rendered":"<p>Tots els desavantatges que hem plantejat en el punt sobre els llibres digitals per al format PDF poden convertir-se en beneficis si el que volem crear \u00e9s una revista principalment gr\u00e0fica, visual, en qu\u00e8 necessitem garantir una s\u00e8rie de disposicions dels elements independentment de la mida de la pantalla. Tamb\u00e9 \u00e9s un format que podem [&hellip;]<\/p>\n","protected":false},"author":1,"featured_media":0,"parent":0,"menu_order":0,"comment_status":"closed","ping_status":"closed","template":"","meta":{"inline_featured_image":false},"acf":[],"_links":{"self":[{"href":"http:\/\/disseny-test.uoc.edu\/materials\/prod-digital\/wp-json\/wp\/v2\/pages\/103"}],"collection":[{"href":"http:\/\/disseny-test.uoc.edu\/materials\/prod-digital\/wp-json\/wp\/v2\/pages"}],"about":[{"href":"http:\/\/disseny-test.uoc.edu\/materials\/prod-digital\/wp-json\/wp\/v2\/types\/page"}],"author":[{"embeddable":true,"href":"http:\/\/disseny-test.uoc.edu\/materials\/prod-digital\/wp-json\/wp\/v2\/users\/1"}],"replies":[{"embeddable":true,"href":"http:\/\/disseny-test.uoc.edu\/materials\/prod-digital\/wp-json\/wp\/v2\/comments?post=103"}],"version-history":[{"count":3,"href":"http:\/\/disseny-test.uoc.edu\/materials\/prod-digital\/wp-json\/wp\/v2\/pages\/103\/revisions"}],"predecessor-version":[{"id":894,"href":"http:\/\/disseny-test.uoc.edu\/materials\/prod-digital\/wp-json\/wp\/v2\/pages\/103\/revisions\/894"}],"wp:attachment":[{"href":"http:\/\/disseny-test.uoc.edu\/materials\/prod-digital\/wp-json\/wp\/v2\/media?parent=103"}],"curies":[{"name":"wp","href":"https:\/\/api.w.org\/{rel}","templated":true}]}}