{"id":105,"date":"2018-01-18T17:50:37","date_gmt":"2018-01-18T17:50:37","guid":{"rendered":"http:\/\/disseny-test.uoc.edu\/materials\/prod-digital\/?page_id=105"},"modified":"2018-01-18T17:50:37","modified_gmt":"2018-01-18T17:50:37","slug":"2-3-5-revistes-en-format-aplicacio","status":"publish","type":"page","link":"http:\/\/disseny-test.uoc.edu\/materials\/prod-digital\/2-3-5-revistes-en-format-aplicacio\/","title":{"rendered":"2.3.5. Revistes en format aplicaci\u00f3"},"content":{"rendered":"<figure id=\"attachment_29\" aria-describedby=\"caption-attachment-29\" style=\"width: 800px\" class=\"wp-caption aligncenter\"><img loading=\"lazy\" class=\"alignnone size-full wp-image-29\" src=\"http:\/\/disseny-test.uoc.edu\/materials\/prod-digital\/wp-content\/uploads\/sites\/6\/2018\/01\/20015_010.jpg\" alt=\"Publicaci\u00f3 d\u2019exemple pageflip.io\" width=\"800\" height=\"450\" srcset=\"http:\/\/disseny-test.uoc.edu\/materials\/prod-digital\/wp-content\/uploads\/sites\/6\/2018\/01\/20015_010.jpg 800w, http:\/\/disseny-test.uoc.edu\/materials\/prod-digital\/wp-content\/uploads\/sites\/6\/2018\/01\/20015_010-300x169.jpg 300w, http:\/\/disseny-test.uoc.edu\/materials\/prod-digital\/wp-content\/uploads\/sites\/6\/2018\/01\/20015_010-768x432.jpg 768w\" sizes=\"(max-width: 800px) 100vw, 800px\" \/><figcaption id=\"caption-attachment-29\" class=\"wp-caption-text\"><strong>Figura 10.<\/strong> Publicaci\u00f3 d\u2019exemple pageflip.io<\/figcaption><\/figure>\n<p>Tenim a disposici\u00f3 diferents aplicacions per a crear el que se sol anomenar <strong><em>flipbooks<\/em><\/strong>, aplicacions que empaqueten un contingut en un marc autoexecutable que permet crear efectes i transicions interessants, i usar recursos de programaci\u00f3 i visualitzaci\u00f3 m\u00e9s dif\u00edcils en altres formats. Aquestes aplicacions, despr\u00e9s d\u2019usar un assistent WYSIWYG (<em>what you see is what you get<\/em>), ens proporcionaran un arxiu descarregable, o d\u2019execuci\u00f3 en l\u00ednia, que recollir\u00e0 el contingut de la nostra revista.<\/p>\n<p>El problema aqu\u00ed \u00e9s que els sistemes inform\u00e0tics no podran indexar aquest contingut, ni manipular-lo, ni capturar les metadades del contingut o el marcatge sem\u00e0ntic (en molts casos inexistent). Per tant, ser\u00e0 un contingut opac per a altres sistemes inform\u00e0tics i aquesta opacitat \u00e9s clarament poc eficient ateses les caracter\u00edstiques de present i futur que hem plantejat per a l\u2019ecosistema digital editorial.<\/p>\n<p>Les aplicacions inform\u00e0tiques, generalment, sobretot si s\u00f3n natives, passen per un proc\u00e9s de compilaci\u00f3 que fa que el seu codi i el contingut que les formen quedin inaccessible per a altres sistemes, i no per un proc\u00e9s complex de descompilaci\u00f3. \u00c9s cert, per\u00f2, que les darreres versions d\u2019aquest tipus de propostes han comen\u00e7at a usar HTML 5 (llenguatge web) per a crear-les, de manera que fan el contingut m\u00e9s accessible i amb un marcatge sem\u00e0ntic m\u00e9s sostenible. Tot i aix\u00ed, el treball sobre assistents, i la necessitat d\u2019usar llenguatges de programaci\u00f3 com JavaScript per a moltes funcionalitats, creen un codi molt m\u00e9s complex que el que obtenim amb els llenguatges de marcatge sem\u00e0ntic i l\u2019\u00fas de formats com EPUB.<\/p>\n<div class=\"featured featured-blue\"><p>Nom\u00e9s en el cas d\u2019algunes publicacions molt concretes, revistes molt visuals, o en les quals tenim la necessitat de crear un contingut r\u00e0pidament pot ser interessant usar aquest format que, atenent a l\u2019evoluci\u00f3 dels est\u00e0ndards per a la publicaci\u00f3 editorial digital, \u00e9s poc apropiat en la majoria dels casos.<\/p>\n<\/div>\n","protected":false},"excerpt":{"rendered":"<p>Tenim a disposici\u00f3 diferents aplicacions per a crear el que se sol anomenar flipbooks, aplicacions que empaqueten un contingut en un marc autoexecutable que permet crear efectes i transicions interessants, i usar recursos de programaci\u00f3 i visualitzaci\u00f3 m\u00e9s dif\u00edcils en altres formats. Aquestes aplicacions, despr\u00e9s d\u2019usar un assistent WYSIWYG (what you see is what you [&hellip;]<\/p>\n","protected":false},"author":1,"featured_media":0,"parent":0,"menu_order":0,"comment_status":"closed","ping_status":"closed","template":"","meta":{"inline_featured_image":false},"acf":[],"_links":{"self":[{"href":"http:\/\/disseny-test.uoc.edu\/materials\/prod-digital\/wp-json\/wp\/v2\/pages\/105"}],"collection":[{"href":"http:\/\/disseny-test.uoc.edu\/materials\/prod-digital\/wp-json\/wp\/v2\/pages"}],"about":[{"href":"http:\/\/disseny-test.uoc.edu\/materials\/prod-digital\/wp-json\/wp\/v2\/types\/page"}],"author":[{"embeddable":true,"href":"http:\/\/disseny-test.uoc.edu\/materials\/prod-digital\/wp-json\/wp\/v2\/users\/1"}],"replies":[{"embeddable":true,"href":"http:\/\/disseny-test.uoc.edu\/materials\/prod-digital\/wp-json\/wp\/v2\/comments?post=105"}],"version-history":[{"count":1,"href":"http:\/\/disseny-test.uoc.edu\/materials\/prod-digital\/wp-json\/wp\/v2\/pages\/105\/revisions"}],"predecessor-version":[{"id":106,"href":"http:\/\/disseny-test.uoc.edu\/materials\/prod-digital\/wp-json\/wp\/v2\/pages\/105\/revisions\/106"}],"wp:attachment":[{"href":"http:\/\/disseny-test.uoc.edu\/materials\/prod-digital\/wp-json\/wp\/v2\/media?parent=105"}],"curies":[{"name":"wp","href":"https:\/\/api.w.org\/{rel}","templated":true}]}}