{"id":107,"date":"2018-01-18T17:51:46","date_gmt":"2018-01-18T17:51:46","guid":{"rendered":"http:\/\/disseny-test.uoc.edu\/materials\/prod-digital\/?page_id=107"},"modified":"2018-01-18T17:51:46","modified_gmt":"2018-01-18T17:51:46","slug":"2-4-documents-digitals-concrets-formats","status":"publish","type":"page","link":"http:\/\/disseny-test.uoc.edu\/materials\/prod-digital\/2-4-documents-digitals-concrets-formats\/","title":{"rendered":"2.4. Documents digitals \u00abconcrets\u00bb: formats"},"content":{"rendered":"<p>Hem creat aquesta categoria gen\u00e8rica per recollir altres documents que no s\u00f3n llibres ni revistes digitals i que a voltes tenen relaci\u00f3 amb la producci\u00f3 editorial digital, tot i que tamb\u00e9 s\u2019associen al disseny gr\u00e0fic de publicacions.<\/p>\n<p>En aquest cas ens referim a cat\u00e0legs de productes, cat\u00e0legs d\u2019obres d\u2019art, reculls d\u2019exposicions, l\u00e0mines, c\u00f2mics, etc.<\/p>\n<div class=\"featured featured-blue\"><p>En la majoria dels casos s\u00f3n documents en qu\u00e8 el text no \u00e9s protagonista i en qu\u00e8 el disseny gr\u00e0fic de la publicaci\u00f3 \u00e9s central per a transmetre correctament el missatge i per a complir l\u2019objectiu de la publicaci\u00f3.<\/p>\n<\/div>\n<p>Atesa aquesta caracter\u00edstica principal, acostumem a usar formats fixos per a crear aquest tipus de documents, sobretot PDF, entre altres motius perqu\u00e8 s\u00f3n publicacions que s\u2019ofereixen normalment tamb\u00e9 en paper. Aix\u00ed, tot i que, com ja hem insistit anteriorment, la tend\u00e8ncia cap als formats web i l\u2019\u00fas de llenguatges de marcatge sem\u00e0ntic i estilat \u00e9s cada cop m\u00e9s habitual en aquest tipus de publicacions, la transici\u00f3 cap a aquests \u00e9s encara incipient en alguns sectors comercials.<\/p>\n<p>En el cas que haguem de produir una publicaci\u00f3 d\u2019aquest tipus ser\u00e0 indispensable tenir en compte si aquesta ser\u00e0 impresa en paper o no; en el cas que ho sigui, haurem d\u2019usar un format com PDF que ens permeti mantenir l\u2019aspecte de la publicaci\u00f3 quan l\u2019imprimim. La versi\u00f3 digital d\u2019aquest contingut, normalment, per no passar per un proc\u00e9s de reconversi\u00f3, s\u2019oferir\u00e0 tamb\u00e9 en PDF per descarregar o visualitzar en l\u00ednia.<\/p>\n<p>El proc\u00e9s de creaci\u00f3 d\u2019aquest tipus de documents ser\u00e0 el mateix que s\u2019usa per a desenvolupar publicacions fixes amb InDesign o Scribus, siguin aquests llibres digitals visuals o revistes.<\/p>\n<p>Evidentment, si tenim l\u2019opci\u00f3 d\u2019oferir aquest tipus de documents en l\u00ednia, i no depenem de la posici\u00f3 fixa dels elements, ser\u00e0 possible usar formats com EPUB o publicar el contingut en l\u00ednia usant els llenguatges per a la web. De nou, de la tipologia del contingut, i de les vies de distribuci\u00f3 i publicaci\u00f3 d\u2019aquest, en dependr\u00e0 l\u2019elecci\u00f3 t\u00e8cnica sobre el format i les eines de creaci\u00f3.<\/p>\n","protected":false},"excerpt":{"rendered":"<p>Hem creat aquesta categoria gen\u00e8rica per recollir altres documents que no s\u00f3n llibres ni revistes digitals i que a voltes tenen relaci\u00f3 amb la producci\u00f3 editorial digital, tot i que tamb\u00e9 s\u2019associen al disseny gr\u00e0fic de publicacions. En aquest cas ens referim a cat\u00e0legs de productes, cat\u00e0legs d\u2019obres d\u2019art, reculls d\u2019exposicions, l\u00e0mines, c\u00f2mics, etc. Atesa [&hellip;]<\/p>\n","protected":false},"author":1,"featured_media":0,"parent":0,"menu_order":0,"comment_status":"closed","ping_status":"closed","template":"","meta":{"inline_featured_image":false},"acf":[],"_links":{"self":[{"href":"http:\/\/disseny-test.uoc.edu\/materials\/prod-digital\/wp-json\/wp\/v2\/pages\/107"}],"collection":[{"href":"http:\/\/disseny-test.uoc.edu\/materials\/prod-digital\/wp-json\/wp\/v2\/pages"}],"about":[{"href":"http:\/\/disseny-test.uoc.edu\/materials\/prod-digital\/wp-json\/wp\/v2\/types\/page"}],"author":[{"embeddable":true,"href":"http:\/\/disseny-test.uoc.edu\/materials\/prod-digital\/wp-json\/wp\/v2\/users\/1"}],"replies":[{"embeddable":true,"href":"http:\/\/disseny-test.uoc.edu\/materials\/prod-digital\/wp-json\/wp\/v2\/comments?post=107"}],"version-history":[{"count":1,"href":"http:\/\/disseny-test.uoc.edu\/materials\/prod-digital\/wp-json\/wp\/v2\/pages\/107\/revisions"}],"predecessor-version":[{"id":108,"href":"http:\/\/disseny-test.uoc.edu\/materials\/prod-digital\/wp-json\/wp\/v2\/pages\/107\/revisions\/108"}],"wp:attachment":[{"href":"http:\/\/disseny-test.uoc.edu\/materials\/prod-digital\/wp-json\/wp\/v2\/media?parent=107"}],"curies":[{"name":"wp","href":"https:\/\/api.w.org\/{rel}","templated":true}]}}