{"id":130,"date":"2018-01-18T21:19:12","date_gmt":"2018-01-18T21:19:12","guid":{"rendered":"http:\/\/disseny-test.uoc.edu\/materials\/prod-digital\/?page_id=130"},"modified":"2018-02-20T16:48:20","modified_gmt":"2018-02-20T16:48:20","slug":"3-1-introduccio","status":"publish","type":"page","link":"http:\/\/disseny-test.uoc.edu\/materials\/prod-digital\/3-1-introduccio\/","title":{"rendered":"3.1. Introducci\u00f3"},"content":{"rendered":"<p>Despr\u00e9s de descriure les diferents opcions que tenim per a publicar continguts editorials digitals, els objectes possibles, els formats adequats i les consideracions pr\u00e8vies a tenir en compte, \u00e9s el moment d\u2019entrar a plantejar el flux de treball idoni (<em>workflow<\/em>) per a desenvolupar aquests tipus de publicacions els llenguatges i les eines necess\u00e0ries per a crear-les.<\/p>\n<p>Al llarg dels punts anteriors ja hem anat presentant algunes de les eines i llenguatges que descriurem a continuaci\u00f3, per\u00f2 ara \u00e9s important veure quines s\u00f3n les seves funcions i en quins casos hem d\u2019usar-ne unes o d\u2019altres per a aconseguir un resultat adequat als objectius de la publicaci\u00f3. Aix\u00ed, descriurem les fases perqu\u00e8 ha de passar un contingut per a \u00e9sser publicat digitalment i les diferents opcions t\u00e8cniques que haurem d\u2019escollir en el proc\u00e9s de creaci\u00f3.<\/p>\n<p>&nbsp;<\/p>\n<table>\n<thead>\n<tr>\n<th colspan=\"2\">Fases de creaci\u00f3<\/th>\n<\/tr>\n<\/thead>\n<tbody>\n<tr>\n<th>\u00a0Primera fase<\/th>\n<td>\u00a0Revisi\u00f3 i verificaci\u00f3 dels continguts i de la seva integritat<\/td>\n<\/tr>\n<tr>\n<th>\u00a0Segona fase<\/th>\n<td>\u00a0Elecci\u00f3 del format de publicaci\u00f3 (format \u00fanic enfront de multiformat)<\/td>\n<\/tr>\n<tr>\n<th>Tercera fase<\/th>\n<td>\u00a0Producci\u00f3\/creaci\u00f3<\/td>\n<\/tr>\n<tr>\n<th>\u00a0Quarta fase<\/th>\n<td>\u00a0Test i depuraci\u00f3<\/td>\n<\/tr>\n<\/tbody>\n<\/table>\n<p>&nbsp;<\/p>\n","protected":false},"excerpt":{"rendered":"<p>Despr\u00e9s de descriure les diferents opcions que tenim per a publicar continguts editorials digitals, els objectes possibles, els formats adequats i les consideracions pr\u00e8vies a tenir en compte, \u00e9s el moment d\u2019entrar a plantejar el flux de treball idoni (workflow) per a desenvolupar aquests tipus de publicacions els llenguatges i les eines necess\u00e0ries per a [&hellip;]<\/p>\n","protected":false},"author":1,"featured_media":0,"parent":0,"menu_order":0,"comment_status":"closed","ping_status":"closed","template":"","meta":{"inline_featured_image":false},"acf":[],"_links":{"self":[{"href":"http:\/\/disseny-test.uoc.edu\/materials\/prod-digital\/wp-json\/wp\/v2\/pages\/130"}],"collection":[{"href":"http:\/\/disseny-test.uoc.edu\/materials\/prod-digital\/wp-json\/wp\/v2\/pages"}],"about":[{"href":"http:\/\/disseny-test.uoc.edu\/materials\/prod-digital\/wp-json\/wp\/v2\/types\/page"}],"author":[{"embeddable":true,"href":"http:\/\/disseny-test.uoc.edu\/materials\/prod-digital\/wp-json\/wp\/v2\/users\/1"}],"replies":[{"embeddable":true,"href":"http:\/\/disseny-test.uoc.edu\/materials\/prod-digital\/wp-json\/wp\/v2\/comments?post=130"}],"version-history":[{"count":4,"href":"http:\/\/disseny-test.uoc.edu\/materials\/prod-digital\/wp-json\/wp\/v2\/pages\/130\/revisions"}],"predecessor-version":[{"id":1137,"href":"http:\/\/disseny-test.uoc.edu\/materials\/prod-digital\/wp-json\/wp\/v2\/pages\/130\/revisions\/1137"}],"wp:attachment":[{"href":"http:\/\/disseny-test.uoc.edu\/materials\/prod-digital\/wp-json\/wp\/v2\/media?parent=130"}],"curies":[{"name":"wp","href":"https:\/\/api.w.org\/{rel}","templated":true}]}}