{"id":134,"date":"2018-01-18T21:23:06","date_gmt":"2018-01-18T21:23:06","guid":{"rendered":"http:\/\/disseny-test.uoc.edu\/materials\/prod-digital\/?page_id=134"},"modified":"2018-01-18T21:23:06","modified_gmt":"2018-01-18T21:23:06","slug":"3-3-1-introduccio","status":"publish","type":"page","link":"http:\/\/disseny-test.uoc.edu\/materials\/prod-digital\/3-3-1-introduccio\/","title":{"rendered":"3.3.1. Introducci\u00f3"},"content":{"rendered":"<p>Com hem vist anteriorment, l\u2019elecci\u00f3 del format d\u2019una publicaci\u00f3 no \u00e9s una decisi\u00f3 que es pugui prendre sense una etapa reflexiva que determini quin tipus d\u2019objecte volem crear, i on i com el volem distribuir. Hem anat plantejant els condicionals necessaris per a prendre aquestes decisions, i ser\u00e0 cadasc\u00fa, en vista de les variables de cada projecte, qui haur\u00e0 de prendre una decisi\u00f3 respecte del format de sortida d\u2019una publicaci\u00f3 i de si aquest \u00e9s exclusiu o si la publicarem en multiformat. Al llarg d\u2019aquest punt anirem exposant diferents mapes conceptuals que ajuden a veure gr\u00e0ficament el que hem plantejat anteriorment i que simplifiquen el proc\u00e9s de presa de decisions tant conceptuals com t\u00e8cniques.<\/p>\n<figure id=\"attachment_78\" aria-describedby=\"caption-attachment-78\" style=\"width: 640px\" class=\"wp-caption aligncenter\"><img loading=\"lazy\" class=\"alignnone size-full wp-image-30\" src=\"http:\/\/disseny-test.uoc.edu\/materials\/prod-digital\/wp-content\/uploads\/sites\/6\/2018\/01\/20015_011.jpg\" alt=\"Formats per a crear produccions editorials digitals\" width=\"640\" height=\"327\" srcset=\"http:\/\/disseny-test.uoc.edu\/materials\/prod-digital\/wp-content\/uploads\/sites\/6\/2018\/01\/20015_011.jpg 640w, http:\/\/disseny-test.uoc.edu\/materials\/prod-digital\/wp-content\/uploads\/sites\/6\/2018\/01\/20015_011-300x153.jpg 300w\" sizes=\"(max-width: 640px) 100vw, 640px\" \/><figcaption id=\"caption-attachment-78\" class=\"wp-caption-text\"><strong>Figura 11.<\/strong> Formats per a crear produccions editorials digitals<\/figcaption><\/figure>\n<p>La figura 11 mostra, a grans trets, totes les opcions disponibles per a publicar contingut editorial digital segons l\u2019ecosistema digital actual. Per\u00f2 \u00e9s ben probable que hom pugui objectar que hi ha m\u00e9s formats en qu\u00e8 \u00e9s possible distribuir aquest tipus de continguts, i \u00e9s cert que o s\u00f3n formats ja molt poc usats o presenten dificultats i inconvenients t\u00e8cnics massa significatius per a construir un projecte editorial factible.<\/p>\n<p>Amb aquests formats cobrim tot l\u2019espectre comercial de les publicacions digitals i podem arribar a tots els mercats existents amb garanties t\u00e8cniques suficients. Ara ens tocar\u00e0 decidir, en funci\u00f3 dels recursos disponibles (tamb\u00e9 del temps), si pretenem publicar un contingut en un sol format o en diversos.<\/p>\n","protected":false},"excerpt":{"rendered":"<p>Com hem vist anteriorment, l\u2019elecci\u00f3 del format d\u2019una publicaci\u00f3 no \u00e9s una decisi\u00f3 que es pugui prendre sense una etapa reflexiva que determini quin tipus d\u2019objecte volem crear, i on i com el volem distribuir. Hem anat plantejant els condicionals necessaris per a prendre aquestes decisions, i ser\u00e0 cadasc\u00fa, en vista de les variables de [&hellip;]<\/p>\n","protected":false},"author":1,"featured_media":0,"parent":0,"menu_order":0,"comment_status":"closed","ping_status":"closed","template":"","meta":{"inline_featured_image":false},"acf":[],"_links":{"self":[{"href":"http:\/\/disseny-test.uoc.edu\/materials\/prod-digital\/wp-json\/wp\/v2\/pages\/134"}],"collection":[{"href":"http:\/\/disseny-test.uoc.edu\/materials\/prod-digital\/wp-json\/wp\/v2\/pages"}],"about":[{"href":"http:\/\/disseny-test.uoc.edu\/materials\/prod-digital\/wp-json\/wp\/v2\/types\/page"}],"author":[{"embeddable":true,"href":"http:\/\/disseny-test.uoc.edu\/materials\/prod-digital\/wp-json\/wp\/v2\/users\/1"}],"replies":[{"embeddable":true,"href":"http:\/\/disseny-test.uoc.edu\/materials\/prod-digital\/wp-json\/wp\/v2\/comments?post=134"}],"version-history":[{"count":1,"href":"http:\/\/disseny-test.uoc.edu\/materials\/prod-digital\/wp-json\/wp\/v2\/pages\/134\/revisions"}],"predecessor-version":[{"id":135,"href":"http:\/\/disseny-test.uoc.edu\/materials\/prod-digital\/wp-json\/wp\/v2\/pages\/134\/revisions\/135"}],"wp:attachment":[{"href":"http:\/\/disseny-test.uoc.edu\/materials\/prod-digital\/wp-json\/wp\/v2\/media?parent=134"}],"curies":[{"name":"wp","href":"https:\/\/api.w.org\/{rel}","templated":true}]}}