{"id":136,"date":"2018-01-18T21:24:04","date_gmt":"2018-01-18T21:24:04","guid":{"rendered":"http:\/\/disseny-test.uoc.edu\/materials\/prod-digital\/?page_id=136"},"modified":"2018-01-18T21:24:04","modified_gmt":"2018-01-18T21:24:04","slug":"3-3-2-format-unic-enfront-de-multiformat","status":"publish","type":"page","link":"http:\/\/disseny-test.uoc.edu\/materials\/prod-digital\/3-3-2-format-unic-enfront-de-multiformat\/","title":{"rendered":"3.3.2. Format \u00fanic enfront de multiformat"},"content":{"rendered":"<p>En molts casos no ser\u00e0 possible oferir un contingut editorial digital en diferents formats, sia per una decisi\u00f3 empresarial o t\u00e8cnica, per la falta de recursos o pel simple fet d\u2019haver de fer encaixar el projecte amb les predileccions d\u2019un p\u00fablic extern (un client, per exemple). En d\u2019altres, per\u00f2, i sempre que aix\u00f2 sigui possible \u00e9s una bona idea fer-ho, podrem crear el contingut en diferents formats transformant el mapa anterior de decisions en un mapa d\u2019opcions en qu\u00e8 intentarem maximitzar la compatibilitat del contingut oferint-lo en els diferents formats majoritaris.<\/p>\n<p>Aix\u00ed, quan hom crea un llibre digital, si no t\u00e9 la intenci\u00f3 d\u2019accedir al programa d\u2019exclusivitat d\u2019alguna empresa (Amazon, Google, etc.), la via per a maximitzar la penetraci\u00f3 de mercat del producte, d\u2019arribar al m\u00e0xim nombre de lectors i potencials compradors del llibre, ser\u00e0 editar el contingut en el format KF8 per a poder accedir al mercat de venda d\u2019Amazon, per\u00f2 tamb\u00e9 fer-ne un EPUB per a accedir a la resta de mercats (Google, Apple, etc.).<\/p>\n<p>En el cas de les revistes digitals, com veurem en la secci\u00f3 sobre models de negoci i plataformes de publicaci\u00f3 editorial digital, si tenim l\u2019opci\u00f3 d\u2019oferir el contingut en una p\u00e0gina web, alhora que en facilitarem la desc\u00e0rrega i incorporem el contingut en plataformes externes de lectura, maximitzarem l\u2019expansi\u00f3 de la publicaci\u00f3 i podrem accedir a diferents models de negoci associats al mateix contingut (publicitat per clic, venta d\u2019exemplars, subscripcions, etc.).<\/p>\n<p>Ara b\u00e9, el proc\u00e9s de creaci\u00f3 d\u2019un contingut en multiformat \u00e9s m\u00e9s complex i normalment m\u00e9s lent que la creaci\u00f3 en un format \u00fanic.<\/p>\n<div class=\"featured featured-blue\"><p>Per a maximitzar l\u2019efici\u00e8ncia de la producci\u00f3 d&#8217;un contingut digital, \u00e9s important que prenguem la decisi\u00f3 sobre el format o formats en qu\u00e8 oferirem un contingut ja en aquesta segona fase del proc\u00e9s de producci\u00f3.<\/p>\n<\/div>\n<p class=\"Normalesp\"><span lang=\"CA\">D\u2019aquesta manera, podrem endre\u00e7ar els processos t\u00e8cnics de tal manera que segueixin un ordre l\u00f2gic, atenent a les caracter\u00edstiques i requisits t\u00e8cnics que ens demana cada format. <\/span><\/p>\n","protected":false},"excerpt":{"rendered":"<p>En molts casos no ser\u00e0 possible oferir un contingut editorial digital en diferents formats, sia per una decisi\u00f3 empresarial o t\u00e8cnica, per la falta de recursos o pel simple fet d\u2019haver de fer encaixar el projecte amb les predileccions d\u2019un p\u00fablic extern (un client, per exemple). En d\u2019altres, per\u00f2, i sempre que aix\u00f2 sigui possible [&hellip;]<\/p>\n","protected":false},"author":1,"featured_media":0,"parent":0,"menu_order":0,"comment_status":"closed","ping_status":"closed","template":"","meta":{"inline_featured_image":false},"acf":[],"_links":{"self":[{"href":"http:\/\/disseny-test.uoc.edu\/materials\/prod-digital\/wp-json\/wp\/v2\/pages\/136"}],"collection":[{"href":"http:\/\/disseny-test.uoc.edu\/materials\/prod-digital\/wp-json\/wp\/v2\/pages"}],"about":[{"href":"http:\/\/disseny-test.uoc.edu\/materials\/prod-digital\/wp-json\/wp\/v2\/types\/page"}],"author":[{"embeddable":true,"href":"http:\/\/disseny-test.uoc.edu\/materials\/prod-digital\/wp-json\/wp\/v2\/users\/1"}],"replies":[{"embeddable":true,"href":"http:\/\/disseny-test.uoc.edu\/materials\/prod-digital\/wp-json\/wp\/v2\/comments?post=136"}],"version-history":[{"count":1,"href":"http:\/\/disseny-test.uoc.edu\/materials\/prod-digital\/wp-json\/wp\/v2\/pages\/136\/revisions"}],"predecessor-version":[{"id":137,"href":"http:\/\/disseny-test.uoc.edu\/materials\/prod-digital\/wp-json\/wp\/v2\/pages\/136\/revisions\/137"}],"wp:attachment":[{"href":"http:\/\/disseny-test.uoc.edu\/materials\/prod-digital\/wp-json\/wp\/v2\/media?parent=136"}],"curies":[{"name":"wp","href":"https:\/\/api.w.org\/{rel}","templated":true}]}}