{"id":138,"date":"2018-01-18T21:25:45","date_gmt":"2018-01-18T21:25:45","guid":{"rendered":"http:\/\/disseny-test.uoc.edu\/materials\/prod-digital\/?page_id=138"},"modified":"2018-01-18T21:25:45","modified_gmt":"2018-01-18T21:25:45","slug":"3-4-1-introduccio","status":"publish","type":"page","link":"http:\/\/disseny-test.uoc.edu\/materials\/prod-digital\/3-4-1-introduccio\/","title":{"rendered":"3.4.1. Introducci\u00f3"},"content":{"rendered":"<p>En aquest moment del proc\u00e9s no solament ja tenim clar quin objecte volem produir<br \/>\n\u2014un llibre digital, una revista, un document&#8230;\u2014 sin\u00f3 que hem determinat en quin format o formats volem crear-lo i en quins ecosistemes el volem distribuir. Per tant, ja sabem si volem crear un llibre digital nom\u00e9s per a l\u2019ecosistema d\u2019Amazon o si volem crear una revista digital en l\u00ednia amb l\u2019ajuda d\u2019un gestor de continguts com WordPress.<\/p>\n<p>Com \u00e9s evident, les difer\u00e8ncies entre el proc\u00e9s t\u00e8cnic de creaci\u00f3 d\u2019un llibre digital per a Amazon i el de configuraci\u00f3 i \u00fas d\u2019un CMS per a publicar una revista digital en l\u00ednia s\u00f3n molt significatives, per\u00f2 si atenem a les fases conceptuals d\u2019aquest proc\u00e9s, i als requisits que totes les publicacions han de complir, ens adonarem que tamb\u00e9 hi ha moltes similituds en els processos que \u00e9s necessari portar a terme. Les eines seran diferents, els llenguatges t\u00e8cnics normalment tamb\u00e9, per\u00f2 trobarem molts punts en com\u00fa que ens ajudaran a entendre el funcionament de cada sistema i, alhora, ser capa\u00e7os de maximitzar l\u2019efici\u00e8ncia dels processos de creaci\u00f3 en multiformat.<\/p>\n<figure id=\"attachment_78\" aria-describedby=\"caption-attachment-78\" style=\"width: 535px\" class=\"wp-caption aligncenter\"><img loading=\"lazy\" class=\"alignnone size-full wp-image-31\" src=\"http:\/\/disseny-test.uoc.edu\/materials\/prod-digital\/wp-content\/uploads\/sites\/6\/2018\/01\/20015_012.jpg\" alt=\"Passos per a crear llibres digitals\" width=\"535\" height=\"795\" srcset=\"http:\/\/disseny-test.uoc.edu\/materials\/prod-digital\/wp-content\/uploads\/sites\/6\/2018\/01\/20015_012.jpg 535w, http:\/\/disseny-test.uoc.edu\/materials\/prod-digital\/wp-content\/uploads\/sites\/6\/2018\/01\/20015_012-202x300.jpg 202w\" sizes=\"(max-width: 535px) 100vw, 535px\" \/><figcaption id=\"caption-attachment-78\" class=\"wp-caption-text\"><strong>Figura 12.<\/strong> Passos per a crear llibres digitals<\/figcaption><\/figure>\n","protected":false},"excerpt":{"rendered":"<p>En aquest moment del proc\u00e9s no solament ja tenim clar quin objecte volem produir \u2014un llibre digital, una revista, un document&#8230;\u2014 sin\u00f3 que hem determinat en quin format o formats volem crear-lo i en quins ecosistemes el volem distribuir. Per tant, ja sabem si volem crear un llibre digital nom\u00e9s per a l\u2019ecosistema d\u2019Amazon o [&hellip;]<\/p>\n","protected":false},"author":1,"featured_media":0,"parent":0,"menu_order":0,"comment_status":"closed","ping_status":"closed","template":"","meta":{"inline_featured_image":false},"acf":[],"_links":{"self":[{"href":"http:\/\/disseny-test.uoc.edu\/materials\/prod-digital\/wp-json\/wp\/v2\/pages\/138"}],"collection":[{"href":"http:\/\/disseny-test.uoc.edu\/materials\/prod-digital\/wp-json\/wp\/v2\/pages"}],"about":[{"href":"http:\/\/disseny-test.uoc.edu\/materials\/prod-digital\/wp-json\/wp\/v2\/types\/page"}],"author":[{"embeddable":true,"href":"http:\/\/disseny-test.uoc.edu\/materials\/prod-digital\/wp-json\/wp\/v2\/users\/1"}],"replies":[{"embeddable":true,"href":"http:\/\/disseny-test.uoc.edu\/materials\/prod-digital\/wp-json\/wp\/v2\/comments?post=138"}],"version-history":[{"count":1,"href":"http:\/\/disseny-test.uoc.edu\/materials\/prod-digital\/wp-json\/wp\/v2\/pages\/138\/revisions"}],"predecessor-version":[{"id":139,"href":"http:\/\/disseny-test.uoc.edu\/materials\/prod-digital\/wp-json\/wp\/v2\/pages\/138\/revisions\/139"}],"wp:attachment":[{"href":"http:\/\/disseny-test.uoc.edu\/materials\/prod-digital\/wp-json\/wp\/v2\/media?parent=138"}],"curies":[{"name":"wp","href":"https:\/\/api.w.org\/{rel}","templated":true}]}}