{"id":157,"date":"2018-01-19T09:52:20","date_gmt":"2018-01-19T09:52:20","guid":{"rendered":"http:\/\/disseny-test.uoc.edu\/materials\/prod-digital\/?page_id=157"},"modified":"2018-01-19T10:08:27","modified_gmt":"2018-01-19T10:08:27","slug":"3-4-5-creacio-de-documents-fixos-fixed-layout","status":"publish","type":"page","link":"http:\/\/disseny-test.uoc.edu\/materials\/prod-digital\/3-4-5-creacio-de-documents-fixos-fixed-layout\/","title":{"rendered":"3.4.5. Creaci\u00f3 de documents fixos (<em>fixed layout<\/em>)"},"content":{"rendered":"<div class=\"featured featured-blue\"><p>Al llarg d\u2019aquesta secci\u00f3 hem parlat sovint dels documents fixos, aquells en qu\u00e8 volem que la posici\u00f3 de les imatges respecte al text sigui sempre fixa i que no s\u2019esdevingui el proc\u00e9s de <em>reflow<\/em>, d\u2019adaptaci\u00f3 dels continguts a la pantalla de lectura.<\/p>\n<\/div>\n<p>Aquest tipus de documents, en qu\u00e8 normalment els gr\u00e0fics i continguts visuals s\u00f3n protagonistes, demanden l\u2019\u00fas d\u2019eines i formats que garanteixin que es mantindran les proporcions de la publicaci\u00f3.<\/p>\n<p>La creaci\u00f3 d\u2019aquest tipus de continguts t\u00e9 poques consideracions t\u00e8cniques pr\u00e8vies a fer, ja que el procediment a seguir i les opcions disponibles dependran de manera directa del programari que usem per a crear-los. \u00c9s cert que podem crear contingut fix en EPUB (des de la versi\u00f3 <em>fixed layout<\/em> amb EPUB3) o en altres formats minoritaris, per\u00f2 pel que fa a aquest tipus de publicacions el <strong>format PDF<\/strong> continua essent el protagonista absolut.<\/p>\n<div class=\"featured featured-blue\"><p>La majoria d\u2019editors de textos actuals permeten exportar al format PDF assegurant, en la majoria dels casos, una correcta visualitzaci\u00f3 de l\u2019edici\u00f3 feta en l\u2019objecte de sortida en PDF.<\/p>\n<\/div>\n<p>A m\u00e9s a m\u00e9s, per a editar en aquest format podem usar un programa com Adobe InDesign, protagonista principal en la ind\u00fastria editorial, que permet un treball molt eficient i complex a l\u2019entorn d\u2019aquest format. <strong>InDesign<\/strong> ha estat el responsable de la creaci\u00f3 de la majoria de publicacions digitals durant molts anys i l\u2019evoluci\u00f3 a qu\u00e8 s\u2019ha sotm\u00e8s aquest programari fa que s\u2019adapti for\u00e7a b\u00e9 a les particularitats i canvis de l\u2019entorn actual.<\/p>\n<p>L\u2019alternativa lliure a InDesign, que \u00e9s programa propietari, \u00e9s <strong>Scribus<\/strong>, que \u00e9s totalment eficient i usable professionalment per\u00f2 que t\u00e9 menys opcions extres i algunes restriccions t\u00e8cniques que no t\u00e9 InDesign. Principalment, aquestes passen pels formats d\u2019exportaci\u00f3 de contingut molt m\u00e9s amplis en el software d\u2019Adobe. En funci\u00f3 de les necessitats de cada projecte, podrem decidir si davant un projecte senzill usem l\u2019editor de textos habitual (Word, LibreOffice, etc.) o hem d\u2019usar un programari per a maquetar i editar p\u00e0gines com InDesign o Scribus. En aquest cas, un cop haguem editat contingut, tant la seva estructura i paginaci\u00f3 com els estils visuals de la publicaci\u00f3, obtindrem un arxiu PDF que podrem distribuir digitalment (parlarem de les possibles exportacions de contingut a altres formats en el punt seg\u00fcent).<\/p>\n<p>L\u2019\u00fas d\u2019aquest tipus de programari \u00e9s molt senzill un cop es tenen clars els principals conceptes i criteris de cada publicaci\u00f3, i uns coneixements m\u00ednims de la maquetaci\u00f3 i disseny de publicacions. La producci\u00f3 en PDF ens permetr\u00e0 la distribuci\u00f3 multi-sistema i multiplataforma per\u00f2 sense els avantatges del disseny adaptable.<\/p>\n<div class=\"featured featured-blue\"><p>El format PDF es pot prendre de base per a publicar en la majoria de plataformes existents.<\/p>\n<\/div>\n<p>A la xarxa trobarem disponibles un gran nombre de tutorials per a aprendre a usar aquest tipus de programari que ens guiaran al llarg de tots els passos necessaris per a configurar l\u2019entorn de treball i usar les eines que ens ofereix aquest tipus de programari:<\/p>\n<ul>\n<li><a href=\"https:\/\/www.adobe.com\/es\/products\/indesign.html\" target=\"_blank\" rel=\"noopener\">Adobe InDesign<\/a><\/li>\n<li><a href=\"https:\/\/helpx.adobe.com\/es\/indesign\/user-guide.html\" target=\"_blank\" rel=\"noopener\">Gu\u00eda del usuario de InDesign<\/a><\/li>\n<li><a href=\"https:\/\/helpx.adobe.com\/es\/pdf\/indesign_reference.pdf\" target=\"_blank\" rel=\"noopener\">Adobe InDesign. Ayuda y tutoriales<\/a><\/li>\n<li>Morera Vidal, F.; S\u00e1nchez Vila, A. (2014). <a href=\"http:\/\/multimedia.uoc.edu\/guias\/InDesign\/PID_00210572.pdf\" target=\"_blank\" rel=\"noopener\"><em>InDesign CS6: gui\u0301a de maquetacio\u0301n<\/em><\/a>. Barcelona: UOC.<\/li>\n<li>Morera Vidal, F. (2013). <a href=\"http:\/\/multimedia.uoc.edu\/blogs\/labeines\/files\/2013\/10\/Introduccio-n_a_InDesign.pdf\" target=\"_blank\" rel=\"noopener\"><em>Introducci\u00f3n a InDesign. Gu\u00eda b\u00e1sica<\/em><\/a>. Barcelona: UOC.<\/li>\n<li><a href=\"https:\/\/www.scribus.net\/\" target=\"_blank\" rel=\"noopener\">Scribus<\/a><\/li>\n<li><a href=\"https:\/\/wiki.scribus.net\/canvas\/Scribus_Video_Tutorials\" target=\"_blank\" rel=\"noopener\">Guia wiki de Scribus<\/a><\/li>\n<\/ul>\n","protected":false},"excerpt":{"rendered":"<p>Aquest tipus de documents, en qu\u00e8 normalment els gr\u00e0fics i continguts visuals s\u00f3n protagonistes, demanden l\u2019\u00fas d\u2019eines i formats que garanteixin que es mantindran les proporcions de la publicaci\u00f3. La creaci\u00f3 d\u2019aquest tipus de continguts t\u00e9 poques consideracions t\u00e8cniques pr\u00e8vies a fer, ja que el procediment a seguir i les opcions disponibles dependran de manera [&hellip;]<\/p>\n","protected":false},"author":1,"featured_media":0,"parent":0,"menu_order":0,"comment_status":"closed","ping_status":"closed","template":"","meta":{"inline_featured_image":false},"acf":[],"_links":{"self":[{"href":"http:\/\/disseny-test.uoc.edu\/materials\/prod-digital\/wp-json\/wp\/v2\/pages\/157"}],"collection":[{"href":"http:\/\/disseny-test.uoc.edu\/materials\/prod-digital\/wp-json\/wp\/v2\/pages"}],"about":[{"href":"http:\/\/disseny-test.uoc.edu\/materials\/prod-digital\/wp-json\/wp\/v2\/types\/page"}],"author":[{"embeddable":true,"href":"http:\/\/disseny-test.uoc.edu\/materials\/prod-digital\/wp-json\/wp\/v2\/users\/1"}],"replies":[{"embeddable":true,"href":"http:\/\/disseny-test.uoc.edu\/materials\/prod-digital\/wp-json\/wp\/v2\/comments?post=157"}],"version-history":[{"count":1,"href":"http:\/\/disseny-test.uoc.edu\/materials\/prod-digital\/wp-json\/wp\/v2\/pages\/157\/revisions"}],"predecessor-version":[{"id":158,"href":"http:\/\/disseny-test.uoc.edu\/materials\/prod-digital\/wp-json\/wp\/v2\/pages\/157\/revisions\/158"}],"wp:attachment":[{"href":"http:\/\/disseny-test.uoc.edu\/materials\/prod-digital\/wp-json\/wp\/v2\/media?parent=157"}],"curies":[{"name":"wp","href":"https:\/\/api.w.org\/{rel}","templated":true}]}}