{"id":163,"date":"2018-01-19T09:56:17","date_gmt":"2018-01-19T09:56:17","guid":{"rendered":"http:\/\/disseny-test.uoc.edu\/materials\/prod-digital\/?page_id=163"},"modified":"2018-01-19T10:10:25","modified_gmt":"2018-01-19T10:10:25","slug":"3-5-1-introduccio","status":"publish","type":"page","link":"http:\/\/disseny-test.uoc.edu\/materials\/prod-digital\/3-5-1-introduccio\/","title":{"rendered":"3.5.1. Introducci\u00f3"},"content":{"rendered":"<p>Una de les fases m\u00e9s importants per a la producci\u00f3 editorial digital, probablement la m\u00e9s important, \u00e9s la fase de test i depuraci\u00f3 de l\u2019objecte digital produ\u00eft. Aix\u00f2 \u00e9s aix\u00ed perqu\u00e8 si atenem a l\u2019ecosistema editorial digital que hem definit, i la seva heterogene\u00eftat pel que es refereix a dispositius de lectura, programari de lectura, formats i vies per a la publicaci\u00f3 digital, ens adonarem que \u00e9s molt important verificar que la feina que hem fet dona els resultats que esper\u00e0vem en tots els entorns de lectura possibles.<\/p>\n<p>La interpretaci\u00f3 m\u00e9s o menys lliure que fan alguns sistemes i programes de les especificacions dels formats i els llenguatges, i les diferents opcions per a crear-los, fan imprescindible un <strong>proc\u00e9s de test, revisi\u00f3 i depuraci\u00f3 del contingut<\/strong> a gran escala. I diem a gran escala perqu\u00e8 no n\u2019hi ha prou amb obrir el contingut que hem creat amb un dispositiu de lectura i verificar que aquest funciona correctament, sin\u00f3 que \u00e9s molt important maximitzar tant com sigui possible els dispositius i sistemes diferents en qu\u00e8 farem les proves.<\/p>\n","protected":false},"excerpt":{"rendered":"<p>Una de les fases m\u00e9s importants per a la producci\u00f3 editorial digital, probablement la m\u00e9s important, \u00e9s la fase de test i depuraci\u00f3 de l\u2019objecte digital produ\u00eft. Aix\u00f2 \u00e9s aix\u00ed perqu\u00e8 si atenem a l\u2019ecosistema editorial digital que hem definit, i la seva heterogene\u00eftat pel que es refereix a dispositius de lectura, programari de lectura, [&hellip;]<\/p>\n","protected":false},"author":1,"featured_media":0,"parent":0,"menu_order":0,"comment_status":"closed","ping_status":"closed","template":"","meta":{"inline_featured_image":false},"acf":[],"_links":{"self":[{"href":"http:\/\/disseny-test.uoc.edu\/materials\/prod-digital\/wp-json\/wp\/v2\/pages\/163"}],"collection":[{"href":"http:\/\/disseny-test.uoc.edu\/materials\/prod-digital\/wp-json\/wp\/v2\/pages"}],"about":[{"href":"http:\/\/disseny-test.uoc.edu\/materials\/prod-digital\/wp-json\/wp\/v2\/types\/page"}],"author":[{"embeddable":true,"href":"http:\/\/disseny-test.uoc.edu\/materials\/prod-digital\/wp-json\/wp\/v2\/users\/1"}],"replies":[{"embeddable":true,"href":"http:\/\/disseny-test.uoc.edu\/materials\/prod-digital\/wp-json\/wp\/v2\/comments?post=163"}],"version-history":[{"count":1,"href":"http:\/\/disseny-test.uoc.edu\/materials\/prod-digital\/wp-json\/wp\/v2\/pages\/163\/revisions"}],"predecessor-version":[{"id":164,"href":"http:\/\/disseny-test.uoc.edu\/materials\/prod-digital\/wp-json\/wp\/v2\/pages\/163\/revisions\/164"}],"wp:attachment":[{"href":"http:\/\/disseny-test.uoc.edu\/materials\/prod-digital\/wp-json\/wp\/v2\/media?parent=163"}],"curies":[{"name":"wp","href":"https:\/\/api.w.org\/{rel}","templated":true}]}}