{"id":165,"date":"2018-01-19T09:57:29","date_gmt":"2018-01-19T09:57:29","guid":{"rendered":"http:\/\/disseny-test.uoc.edu\/materials\/prod-digital\/?page_id=165"},"modified":"2018-01-19T10:10:58","modified_gmt":"2018-01-19T10:10:58","slug":"3-5-2-test-i-verificacio","status":"publish","type":"page","link":"http:\/\/disseny-test.uoc.edu\/materials\/prod-digital\/3-5-2-test-i-verificacio\/","title":{"rendered":"3.5.2. Test i verificaci\u00f3"},"content":{"rendered":"<div class=\"featured featured-blue\"><p>El primer pas necessari per a assegurar una correcta verificaci\u00f3 del funcionament de l\u2019objecte digital produ\u00eft \u00e9s la visualitzaci\u00f3 d\u2019aquest contingut en diferents dispositius digitals, sistemes operatius, aplicacions de lectura, etc.<\/p>\n<\/div>\n<p>Aix\u00f2 vol dir intentar cobrir al m\u00e0xim totes les possibilitats que el lector tindr\u00e0 a l\u2019hora d\u2019accedir al contingut.<\/p>\n<p>En un entorn professional hem d\u2019assegurar-nos de tenir disponibles diferents dispositius de lectura: lectors de llibres electr\u00f2nics de format EPUB, d\u2019Amazon (KF8), tauletes t\u00e0ctils, tel\u00e8fons intel\u00b7ligents, ordinadors, port\u00e0tils, etc. \u00c9s molt important assegurar que les especificacions pr\u00f2pies de cada dispositiu o sistema no afecten la visualitzaci\u00f3 i integritat del contingut. El lector espera que aquest contingut sigui visualitzat correctament independentment de l\u2019elecci\u00f3 que faci a l\u2019hora d\u2019escollir el dispositiu de lectura.<\/p>\n<p>A m\u00e9s a m\u00e9s, en el cas de dispositius multifuncionals, que no nom\u00e9s estan\u00a0 pensats per a llegir llibres o continguts textuals com els lectors de tinta electr\u00f2nica, haurem de verificar el contingut no solament en diferents sistemes operatius (Android i iOS principalment) sin\u00f3 tamb\u00e9 amb diferents aplicacions de lectura, ja que en aquest cas \u00e9s l\u2019aplicaci\u00f3 la que s\u2019encarregar\u00e0 de \u00abdonar forma\u00bb al contingut.<\/p>\n<div class=\"featured featured-blue\"><p>En tots els casos en qu\u00e8 visualitzem un contingut per a testejar-lo, \u00e9s important que ho fem maximitzant tamb\u00e9 les variables a estudiar.<\/p>\n<\/div>\n<p class=\"Normalesp\"><span lang=\"CA\">\u00c9s a dir, cal verificar el contingut en horitzontal i en vertical amb l\u2019observaci\u00f3 dels diferents par\u00e0metres que podem modificar com a lectors a les prefer\u00e8ncies de l\u2019aplicaci\u00f3, etc. Caldr\u00e0 variar la mida de les fonts, els marges, el tipus de visualitzaci\u00f3, per a assegurar que el contingut continua funcionant en tots els entorns i atenent a totes les variables de visualitzaci\u00f3 possibles.<\/span><\/p>\n","protected":false},"excerpt":{"rendered":"<p>Aix\u00f2 vol dir intentar cobrir al m\u00e0xim totes les possibilitats que el lector tindr\u00e0 a l\u2019hora d\u2019accedir al contingut. En un entorn professional hem d\u2019assegurar-nos de tenir disponibles diferents dispositius de lectura: lectors de llibres electr\u00f2nics de format EPUB, d\u2019Amazon (KF8), tauletes t\u00e0ctils, tel\u00e8fons intel\u00b7ligents, ordinadors, port\u00e0tils, etc. \u00c9s molt important assegurar que les especificacions [&hellip;]<\/p>\n","protected":false},"author":1,"featured_media":0,"parent":0,"menu_order":0,"comment_status":"closed","ping_status":"closed","template":"","meta":{"inline_featured_image":false},"acf":[],"_links":{"self":[{"href":"http:\/\/disseny-test.uoc.edu\/materials\/prod-digital\/wp-json\/wp\/v2\/pages\/165"}],"collection":[{"href":"http:\/\/disseny-test.uoc.edu\/materials\/prod-digital\/wp-json\/wp\/v2\/pages"}],"about":[{"href":"http:\/\/disseny-test.uoc.edu\/materials\/prod-digital\/wp-json\/wp\/v2\/types\/page"}],"author":[{"embeddable":true,"href":"http:\/\/disseny-test.uoc.edu\/materials\/prod-digital\/wp-json\/wp\/v2\/users\/1"}],"replies":[{"embeddable":true,"href":"http:\/\/disseny-test.uoc.edu\/materials\/prod-digital\/wp-json\/wp\/v2\/comments?post=165"}],"version-history":[{"count":1,"href":"http:\/\/disseny-test.uoc.edu\/materials\/prod-digital\/wp-json\/wp\/v2\/pages\/165\/revisions"}],"predecessor-version":[{"id":166,"href":"http:\/\/disseny-test.uoc.edu\/materials\/prod-digital\/wp-json\/wp\/v2\/pages\/165\/revisions\/166"}],"wp:attachment":[{"href":"http:\/\/disseny-test.uoc.edu\/materials\/prod-digital\/wp-json\/wp\/v2\/media?parent=165"}],"curies":[{"name":"wp","href":"https:\/\/api.w.org\/{rel}","templated":true}]}}