{"id":167,"date":"2018-01-19T09:59:34","date_gmt":"2018-01-19T09:59:34","guid":{"rendered":"http:\/\/disseny-test.uoc.edu\/materials\/prod-digital\/?page_id=167"},"modified":"2018-01-19T10:12:10","modified_gmt":"2018-01-19T10:12:10","slug":"3-5-3-depuracio","status":"publish","type":"page","link":"http:\/\/disseny-test.uoc.edu\/materials\/prod-digital\/3-5-3-depuracio\/","title":{"rendered":"3.5.3. Depuraci\u00f3"},"content":{"rendered":"<p>Un cop portada a terme la fase de test amb la m\u00e0xima amplitud possible, ser\u00e0 el moment de recollir tota la informaci\u00f3 que hem anat obtenint en els diferents dispositius i variables de l\u2019entorn, per a actuar en conseq\u00fc\u00e8ncia en el cas que sigui necessari.<\/p>\n<div class=\"featured featured-blue\"><p>Aquesta fase de depuraci\u00f3 passa per la modificaci\u00f3 del codi o l\u2019edici\u00f3 dels continguts, en funci\u00f3 del format en qu\u00e8 estiguem treballant, per a fer els canvis necessaris en l\u2019objecte digital per solucionar els problemes trobats en el testatge dels continguts.<\/p>\n<\/div>\n<p class=\"Normalesp\"><span lang=\"CA\">Aquesta fase pot ser molt simple i breu si el contingut funciona b\u00e9, o molt extensa i tediosa si trobem diferents mal funcionaments que cal solucionar. En tot cas, sigui com sigui, un cop aplicades les modificacions necess\u00e0ries, haurem de tornar a passar per la fase de testatge per a assegurar que hem solucionat els problemes i que en el proc\u00e9s de modificaci\u00f3 de l\u2019objecte no n\u2019hem generat de nous. Aix\u00f2 \u00e9s un funcionament c\u00edclic entre test i depuraci\u00f3, que nom\u00e9s acaba quan obtenim un objecte digital que es pot visualitzar correctament en tots els dispositius i entorns propis del format en qu\u00e8 l\u2019estem oferint.<\/span><\/p>\n<div class=\"featured featured-blue\"><p>De la correcta verificaci\u00f3 i depuraci\u00f3 de l\u2019objecte en dep\u00e8n, en gran mesura, el seu \u00e8xit t\u00e8cnic futur.<\/p>\n<\/div>\n<p class=\"Normalesp\"><span lang=\"CA\">Els lectors, cada cop m\u00e9s coneixedors de les possibilitats dels seus dispositius i dels diferents formats existents, s\u00f3n molt exigents davant d\u2019un contingut que no funciona correctament en els seus entorns de lectura, especialment si aquest contingut \u00e9s de pagament.<\/span><\/p>\n","protected":false},"excerpt":{"rendered":"<p>Un cop portada a terme la fase de test amb la m\u00e0xima amplitud possible, ser\u00e0 el moment de recollir tota la informaci\u00f3 que hem anat obtenint en els diferents dispositius i variables de l\u2019entorn, per a actuar en conseq\u00fc\u00e8ncia en el cas que sigui necessari. Aquesta fase pot ser molt simple i breu si el [&hellip;]<\/p>\n","protected":false},"author":1,"featured_media":0,"parent":0,"menu_order":0,"comment_status":"closed","ping_status":"closed","template":"","meta":{"inline_featured_image":false},"acf":[],"_links":{"self":[{"href":"http:\/\/disseny-test.uoc.edu\/materials\/prod-digital\/wp-json\/wp\/v2\/pages\/167"}],"collection":[{"href":"http:\/\/disseny-test.uoc.edu\/materials\/prod-digital\/wp-json\/wp\/v2\/pages"}],"about":[{"href":"http:\/\/disseny-test.uoc.edu\/materials\/prod-digital\/wp-json\/wp\/v2\/types\/page"}],"author":[{"embeddable":true,"href":"http:\/\/disseny-test.uoc.edu\/materials\/prod-digital\/wp-json\/wp\/v2\/users\/1"}],"replies":[{"embeddable":true,"href":"http:\/\/disseny-test.uoc.edu\/materials\/prod-digital\/wp-json\/wp\/v2\/comments?post=167"}],"version-history":[{"count":1,"href":"http:\/\/disseny-test.uoc.edu\/materials\/prod-digital\/wp-json\/wp\/v2\/pages\/167\/revisions"}],"predecessor-version":[{"id":168,"href":"http:\/\/disseny-test.uoc.edu\/materials\/prod-digital\/wp-json\/wp\/v2\/pages\/167\/revisions\/168"}],"wp:attachment":[{"href":"http:\/\/disseny-test.uoc.edu\/materials\/prod-digital\/wp-json\/wp\/v2\/media?parent=167"}],"curies":[{"name":"wp","href":"https:\/\/api.w.org\/{rel}","templated":true}]}}