{"id":18,"date":"2018-01-18T13:00:05","date_gmt":"2018-01-18T13:00:05","guid":{"rendered":"http:\/\/disseny-test.uoc.edu\/materials\/prod-digital\/?page_id=18"},"modified":"2018-01-30T13:31:29","modified_gmt":"2018-01-30T13:31:29","slug":"1-3-quin-es-lobjecte-editorial-que-volem-desenvolupar","status":"publish","type":"page","link":"http:\/\/disseny-test.uoc.edu\/materials\/prod-digital\/1-3-quin-es-lobjecte-editorial-que-volem-desenvolupar\/","title":{"rendered":"1.3. Quin \u00e9s l\u2019objecte editorial que volem desenvolupar?"},"content":{"rendered":"<div class=\"featured featured-blue\"><p>En primer lloc, hem d\u2019escollir el concepte editorial que millor encaixi amb el nostre contingut i els nostres objectius culturals i\/o comercials.<\/p>\n<\/div>\n<p class=\"Normalesp\"><span lang=\"CA\">En l\u2019entorn digital, com hem comentat, els objectes s\u2019han multiplicat i han donat lloc a una situaci\u00f3 en qu\u00e8 no solament tenim diferents opcions, sin\u00f3 que aquestes s\u00f3n tangencials les unes amb les altres en molts casos o comparteixen caracter\u00edstiques i llenguatges en d\u2019altres. No obstant aix\u00f2, \u00e9s important tenir clares les caracter\u00edstiques de cada objecte i les seves fronteres conceptuals.<\/span><\/p>\n<figure id=\"attachment_20\" aria-describedby=\"caption-attachment-20\" style=\"width: 578px\" class=\"wp-caption aligncenter\"><img loading=\"lazy\" class=\"alignnone size-full wp-image-20\" src=\"http:\/\/disseny-test.uoc.edu\/materials\/prod-digital\/wp-content\/uploads\/sites\/6\/2018\/01\/20015_001.jpg\" alt=\"Objectes editorials digitals\" width=\"578\" height=\"366\" srcset=\"http:\/\/disseny-test.uoc.edu\/materials\/prod-digital\/wp-content\/uploads\/sites\/6\/2018\/01\/20015_001.jpg 578w, http:\/\/disseny-test.uoc.edu\/materials\/prod-digital\/wp-content\/uploads\/sites\/6\/2018\/01\/20015_001-300x190.jpg 300w\" sizes=\"(max-width: 578px) 100vw, 578px\" \/><figcaption id=\"caption-attachment-20\" class=\"wp-caption-text\"><strong>Figura 1.<\/strong> Mapa d\u2019objectes editorials digitals<\/figcaption><\/figure>\n<p>Plantejada la idea inicial d\u2019un projecte, i at\u00e8s el contingut que volem publicar, quina \u00e9s la forma que volem donar a aquest contingut?: volem crear un llibre digital?, una revista en l\u00ednia?, un portal web amb informaci\u00f3 actualitzada?, un cat\u00e0leg?, un compendi d\u2019articles?, un document digital tancat, amb format fix?<\/p>\n<p>Les opcions s\u00f3n diverses, i en molts casos ens adonarem que no \u00e9s tan senzill determinar l\u2019objecte que volem. Si hom ha d\u2019escollir entre crear un llibre digital o una revista la decisi\u00f3 ser\u00e0 f\u00e0cil: s\u00f3n dos conceptes diferents, amb objectius diferents. Si, en canvi, hom ha de decidir entre crear una revista digital descarregable (normalment en PDF) o publicar aquest contingut en l\u00ednia (en una p\u00e0gina web o un gestor de continguts CMS), el proc\u00e9s d\u2019elecci\u00f3 \u00e9s m\u00e9s complicat. A m\u00e9s a m\u00e9s, haurem de determinar, ja <em>a priori<\/em>, si volem que un mateix contingut prengui formes finals diferents quan arribi al lector, sia com a multiobjecte o en multiformat.<\/p>\n<div class=\"featured featured-blue\"><p>L\u2019objectiu principal del projecte determinar\u00e0, en gran mesura, la soluci\u00f3 a aquest primer repte.<\/p>\n<\/div>\n<p>Generalment, quan hom pren la decisi\u00f3 de produir un contingut editorial digital, ja ha determinat quina \u00e9s la forma conceptual que li vol donar: una revista, un llibre, un article, un portal de continguts, etc. Totes aquestes opcions persegueixen objectius diferents i tenen caracter\u00edstiques exclusives que en condicionen l\u2019\u00fas. Si definim l\u2019objecte conceptual que volem desenvolupar determinant-ne les fronteres i l\u00edmits anticipadament, el proc\u00e9s d\u2019elecci\u00f3 del format i de selecci\u00f3 de les eines i llenguatges necessaris per a crear-lo ser\u00e0 molt m\u00e9s eficient.<\/p>\n<p>Les opcions m\u00e9s habituals en la producci\u00f3 editorial que ens ocupa s\u00f3n els llibres digitals, les revistes i altres petites produccions que recullen en digital les funcions dels documents impresos (cartes de restaurants, cat\u00e0legs, dossiers, compendis, etc.). Tanmateix, si b\u00e9 els dos primers elements s\u00f3n centrals en la ind\u00fastria editorial, els \u00faltims demanen la intervenci\u00f3 del disseny com a element central en la producci\u00f3.<\/p>\n<p>\u00c9s encara for\u00e7a estrany que un projecte d\u2019aplicaci\u00f3 inform\u00e0tica sigui dut a terme per una editorial convencional, tot i que atesa l\u2019evoluci\u00f3 constant de la ind\u00fastria creativa digital trobem casos en qu\u00e8 les editorials plantegen una estrat\u00e8gia que passa per desenvolupar petites aplicacions inform\u00e0tiques basades en els continguts. Acostumen a ser aplicacions educatives o liter\u00e0ries, basades en continguts textuals i gr\u00e0fics (dibuixos, petites animacions&#8230;), que s\u00f3n la mat\u00e8ria prima per excel\u00b7l\u00e8ncia de la ind\u00fastria editorial. No obstant aix\u00f2, el sector editorial digital est\u00e0 en constant evoluci\u00f3, i per aix\u00f2 al llarg dels propers anys veurem una forta tend\u00e8ncia a la transversalitat amb la incorporaci\u00f3 de noves tecnologies i nous espais de treball en com\u00fa entre el disseny, l\u2019edici\u00f3 digital, la programaci\u00f3, etc.<\/p>\n<p>En aquests continguts, per\u00f2, no treballarem aquest tipus d\u2019objectes digitals que escapen de la frontera de la publicaci\u00f3 editorial i requereixen un acostament m\u00e9s t\u00e8cnic i complex. El que ens ocupa en aquest cas \u00e9s la creaci\u00f3 dels objectes que s\u00f3n <strong>remediacions<\/strong> digitals dels objectes anal\u00f2gics que desenvolupa la ind\u00fastria editorial. Per tant, tractarem de manera individual i detallada els llibres digitals, les revistes digitals i la producci\u00f3 de petits documents digitals fixos.<\/p>\n","protected":false},"excerpt":{"rendered":"<p>En l\u2019entorn digital, com hem comentat, els objectes s\u2019han multiplicat i han donat lloc a una situaci\u00f3 en qu\u00e8 no solament tenim diferents opcions, sin\u00f3 que aquestes s\u00f3n tangencials les unes amb les altres en molts casos o comparteixen caracter\u00edstiques i llenguatges en d\u2019altres. No obstant aix\u00f2, \u00e9s important tenir clares les caracter\u00edstiques de cada [&hellip;]<\/p>\n","protected":false},"author":1,"featured_media":0,"parent":0,"menu_order":0,"comment_status":"closed","ping_status":"closed","template":"","meta":{"inline_featured_image":false},"acf":[],"_links":{"self":[{"href":"http:\/\/disseny-test.uoc.edu\/materials\/prod-digital\/wp-json\/wp\/v2\/pages\/18"}],"collection":[{"href":"http:\/\/disseny-test.uoc.edu\/materials\/prod-digital\/wp-json\/wp\/v2\/pages"}],"about":[{"href":"http:\/\/disseny-test.uoc.edu\/materials\/prod-digital\/wp-json\/wp\/v2\/types\/page"}],"author":[{"embeddable":true,"href":"http:\/\/disseny-test.uoc.edu\/materials\/prod-digital\/wp-json\/wp\/v2\/users\/1"}],"replies":[{"embeddable":true,"href":"http:\/\/disseny-test.uoc.edu\/materials\/prod-digital\/wp-json\/wp\/v2\/comments?post=18"}],"version-history":[{"count":5,"href":"http:\/\/disseny-test.uoc.edu\/materials\/prod-digital\/wp-json\/wp\/v2\/pages\/18\/revisions"}],"predecessor-version":[{"id":884,"href":"http:\/\/disseny-test.uoc.edu\/materials\/prod-digital\/wp-json\/wp\/v2\/pages\/18\/revisions\/884"}],"wp:attachment":[{"href":"http:\/\/disseny-test.uoc.edu\/materials\/prod-digital\/wp-json\/wp\/v2\/media?parent=18"}],"curies":[{"name":"wp","href":"https:\/\/api.w.org\/{rel}","templated":true}]}}