{"id":203,"date":"2018-01-19T11:21:21","date_gmt":"2018-01-19T11:21:21","guid":{"rendered":"http:\/\/disseny-test.uoc.edu\/materials\/prod-digital\/?page_id=203"},"modified":"2018-01-19T11:21:21","modified_gmt":"2018-01-19T11:21:21","slug":"4-1-introduccio-a-lecosistema-de-les-imatges-en-un-entorn-digital","status":"publish","type":"page","link":"http:\/\/disseny-test.uoc.edu\/materials\/prod-digital\/4-1-introduccio-a-lecosistema-de-les-imatges-en-un-entorn-digital\/","title":{"rendered":"4.1. Introducci\u00f3 a l&#8217;ecosistema  de les imatges en un entorn digital"},"content":{"rendered":"<p>Diuen que una imatge val m\u00e9s que mil paraules. Aix\u00f2 tamb\u00e9 significa que una imatge mal triada pesar\u00e0 molt m\u00e9s que nou-centes noranta-nou paraules ben treballades i organitzades. Una foto pixelada o una imatge gratu\u00efta poden aniquilar un post en un blog o un fascinant informe en PDF. Estem en la cultura de la velocitat, en qu\u00e8 decidim en pocs segons si val la pena detenir-se en un producte digital o, millor, continuar examinant aquell llistat interminable de \u00abcoses que podrien ser interessants\u00bb.<\/p>\n<p>L\u2019objectiu d\u2019aquest apartat \u00e9s precisament aquest: mostrar-vos com saber incloure la imatge m\u00e9s rellevant en tot moment per aconseguir un impacte m\u00e0xim, millorar les vostres habilitats com a creadors digitals i fer arribar el vostre missatge de la millor manera possible.<\/p>\n<p>El primer que farem \u00e9s esbrinar quin missatge volem transmetre, a quin p\u00fablic va dirigit i de quina manera les nostres imatges explicaran una hist\u00f2ria, crearan una narrativa.<\/p>\n<p>Fer aix\u00f2 b\u00e9 implica entendre els diferents formats d\u2019imatge, quines s\u00f3n les seves caracter\u00edstiques i quin format ser\u00e0 el millor depenent del que volem explicar i a qui volem arribar.<\/p>\n<p>Una vegada tenim clar els aspectes t\u00e8cnics, veurem de quines eines disposem per a produir imatges: m\u00e9s enll\u00e0 de l\u2019obvietat d\u2019emprar una c\u00e0mera digital, veurem altres alternatives, com programes que generen imatges de manera autom\u00e0tica o les imatges amb error o <em>glitch<\/em>.<\/p>\n<p>\u00c9s necessari preparar les imatges perqu\u00e8 transmetin el missatge de la millor manera possible. Partirem del Photoshop com a eina m\u00e9s est\u00e0ndard, per\u00f2 veurem tamb\u00e9 alternatives, especialment les que s\u00f3n de codi obert, com Gimp.<\/p>\n<p>De quina manera distribu\u00efm les nostres imatges \u00e9s tamb\u00e9 una pregunta cabdal tenint al nostre abast diverses xarxes socials, gen\u00e8riques o especialitzades, i diversos repositoris. Internet \u00e9s ple de fotografies accessibles per als nostres projectes, per\u00f2 hem de considerar q\u00fcestions de propietat intel\u00b7lectual si no volem agafar-nos els dits.<\/p>\n<p>Una vegada tenim les nostres imatges amb el millor desenvolupament t\u00e8cnic i creatiu possible, \u00e9s l\u2019hora de construir una hist\u00f2ria amb elles, i ens haurem de fixar en el seu impacte est\u00e8tic evidentment, per\u00f2 tamb\u00e9 en la manera en qu\u00e8 transmeten emocions i com les utilitzem per a construir el nostre missatge que, finalment, \u00e9s el problema central.<\/p>\n","protected":false},"excerpt":{"rendered":"<p>Diuen que una imatge val m\u00e9s que mil paraules. Aix\u00f2 tamb\u00e9 significa que una imatge mal triada pesar\u00e0 molt m\u00e9s que nou-centes noranta-nou paraules ben treballades i organitzades. Una foto pixelada o una imatge gratu\u00efta poden aniquilar un post en un blog o un fascinant informe en PDF. Estem en la cultura de la velocitat, [&hellip;]<\/p>\n","protected":false},"author":1,"featured_media":0,"parent":0,"menu_order":0,"comment_status":"closed","ping_status":"closed","template":"","meta":{"inline_featured_image":false},"acf":[],"_links":{"self":[{"href":"http:\/\/disseny-test.uoc.edu\/materials\/prod-digital\/wp-json\/wp\/v2\/pages\/203"}],"collection":[{"href":"http:\/\/disseny-test.uoc.edu\/materials\/prod-digital\/wp-json\/wp\/v2\/pages"}],"about":[{"href":"http:\/\/disseny-test.uoc.edu\/materials\/prod-digital\/wp-json\/wp\/v2\/types\/page"}],"author":[{"embeddable":true,"href":"http:\/\/disseny-test.uoc.edu\/materials\/prod-digital\/wp-json\/wp\/v2\/users\/1"}],"replies":[{"embeddable":true,"href":"http:\/\/disseny-test.uoc.edu\/materials\/prod-digital\/wp-json\/wp\/v2\/comments?post=203"}],"version-history":[{"count":1,"href":"http:\/\/disseny-test.uoc.edu\/materials\/prod-digital\/wp-json\/wp\/v2\/pages\/203\/revisions"}],"predecessor-version":[{"id":204,"href":"http:\/\/disseny-test.uoc.edu\/materials\/prod-digital\/wp-json\/wp\/v2\/pages\/203\/revisions\/204"}],"wp:attachment":[{"href":"http:\/\/disseny-test.uoc.edu\/materials\/prod-digital\/wp-json\/wp\/v2\/media?parent=203"}],"curies":[{"name":"wp","href":"https:\/\/api.w.org\/{rel}","templated":true}]}}