{"id":207,"date":"2018-01-19T11:23:05","date_gmt":"2018-01-19T11:23:05","guid":{"rendered":"http:\/\/disseny-test.uoc.edu\/materials\/prod-digital\/?page_id=207"},"modified":"2018-01-22T18:41:58","modified_gmt":"2018-01-22T18:41:58","slug":"4-2-2-a-quin-public-van-dirigides","status":"publish","type":"page","link":"http:\/\/disseny-test.uoc.edu\/materials\/prod-digital\/4-2-2-a-quin-public-van-dirigides\/","title":{"rendered":"4.2.2. A quin p\u00fablic van dirigides?"},"content":{"rendered":"<p>Una vegada hem establert qu\u00e8 volem aconseguir amb les nostres imatges, hem de preguntar-nos pel tipus de p\u00fablic que les rebr\u00e0. Potser tenim unes infografies molt elaborades, resultat de combinar d\u2019una manera molt creativa maneres avan\u00e7ades de representar dades, per\u00f2 tot el que aconseguim s\u00f3n queixes del nostre p\u00fablic, que no ent\u00e9n res. S\u00f3n infografies massa avan\u00e7ades per a un p\u00fablic general.<\/p>\n<p>Aix\u00ed, doncs, el seg\u00fcent filtre que hem de dur a terme \u00e9s com \u00e9s el nostre p\u00fablic: ens dirigim al p\u00fablic general? \u00c9s un missatge sols per als nostres amics de les xarxes socials? \u00c9s un article acad\u00e8mic dirigit a investigadors que ja coneixen la mat\u00e8ria? \u00c9s un projecte comunicatiu per a tots els p\u00fablics? Entendran un gr\u00e0fic en angl\u00e8s que hem tret de la xarxa o \u00e9s millor traduir-lo?<\/p>\n<p>En la secci\u00f3 <a href=\"http:\/\/disseny-test.uoc.edu\/materials\/prod-digital\/6-7-1-introduccio\/\" target=\"_blank\" rel=\"noopener\">6.7 \u00ab\u00das correcte dels v\u00eddeos en un projecte transm\u00e8dia\u00bb<\/a> parlem una mica m\u00e9s de com pensar en el p\u00fablic a l\u2019hora de pensar el nostre projecte transm\u00e8dia.<\/p>\n","protected":false},"excerpt":{"rendered":"<p>Una vegada hem establert qu\u00e8 volem aconseguir amb les nostres imatges, hem de preguntar-nos pel tipus de p\u00fablic que les rebr\u00e0. Potser tenim unes infografies molt elaborades, resultat de combinar d\u2019una manera molt creativa maneres avan\u00e7ades de representar dades, per\u00f2 tot el que aconseguim s\u00f3n queixes del nostre p\u00fablic, que no ent\u00e9n res. S\u00f3n infografies [&hellip;]<\/p>\n","protected":false},"author":1,"featured_media":0,"parent":0,"menu_order":0,"comment_status":"closed","ping_status":"closed","template":"","meta":{"inline_featured_image":false},"acf":[],"_links":{"self":[{"href":"http:\/\/disseny-test.uoc.edu\/materials\/prod-digital\/wp-json\/wp\/v2\/pages\/207"}],"collection":[{"href":"http:\/\/disseny-test.uoc.edu\/materials\/prod-digital\/wp-json\/wp\/v2\/pages"}],"about":[{"href":"http:\/\/disseny-test.uoc.edu\/materials\/prod-digital\/wp-json\/wp\/v2\/types\/page"}],"author":[{"embeddable":true,"href":"http:\/\/disseny-test.uoc.edu\/materials\/prod-digital\/wp-json\/wp\/v2\/users\/1"}],"replies":[{"embeddable":true,"href":"http:\/\/disseny-test.uoc.edu\/materials\/prod-digital\/wp-json\/wp\/v2\/comments?post=207"}],"version-history":[{"count":2,"href":"http:\/\/disseny-test.uoc.edu\/materials\/prod-digital\/wp-json\/wp\/v2\/pages\/207\/revisions"}],"predecessor-version":[{"id":569,"href":"http:\/\/disseny-test.uoc.edu\/materials\/prod-digital\/wp-json\/wp\/v2\/pages\/207\/revisions\/569"}],"wp:attachment":[{"href":"http:\/\/disseny-test.uoc.edu\/materials\/prod-digital\/wp-json\/wp\/v2\/media?parent=207"}],"curies":[{"name":"wp","href":"https:\/\/api.w.org\/{rel}","templated":true}]}}