{"id":209,"date":"2018-01-19T11:23:57","date_gmt":"2018-01-19T11:23:57","guid":{"rendered":"http:\/\/disseny-test.uoc.edu\/materials\/prod-digital\/?page_id=209"},"modified":"2018-01-19T11:23:57","modified_gmt":"2018-01-19T11:23:57","slug":"4-2-3-en-quin-mitja-estaran-situades","status":"publish","type":"page","link":"http:\/\/disseny-test.uoc.edu\/materials\/prod-digital\/4-2-3-en-quin-mitja-estaran-situades\/","title":{"rendered":"4.2.3. En quin mitj\u00e0 estaran situades?"},"content":{"rendered":"<p>Aquesta pregunta \u00e9s molt rellevant quan parlem de formats. On situarem el nostre projecte transm\u00e8dia? Est\u00e0 pensat per a estar allotjat en la web per\u00f2 ser accessible solament amb una bona connexi\u00f3 i des d\u2019un ordinador de sobretaula? O \u00e9s un projecte pensat per a ser accessible des de tel\u00e8fons m\u00f2bils? O tal vegada est\u00e0 pensat com una app? Ser\u00e0 un PDF interactiu? O un document que est\u00e0 pensat per a ser impr\u00e8s? O potser forma part d\u2019una complexa instal\u00b7laci\u00f3 art\u00edstica interactiva? Cada mitj\u00e0 t\u00e9 les seves pr\u00f2pies necessitats, i aqu\u00ed els formats s\u00f3n especialment clau.<\/p>\n","protected":false},"excerpt":{"rendered":"<p>Aquesta pregunta \u00e9s molt rellevant quan parlem de formats. On situarem el nostre projecte transm\u00e8dia? Est\u00e0 pensat per a estar allotjat en la web per\u00f2 ser accessible solament amb una bona connexi\u00f3 i des d\u2019un ordinador de sobretaula? O \u00e9s un projecte pensat per a ser accessible des de tel\u00e8fons m\u00f2bils? O tal vegada est\u00e0 [&hellip;]<\/p>\n","protected":false},"author":1,"featured_media":0,"parent":0,"menu_order":0,"comment_status":"closed","ping_status":"closed","template":"","meta":{"inline_featured_image":false},"acf":[],"_links":{"self":[{"href":"http:\/\/disseny-test.uoc.edu\/materials\/prod-digital\/wp-json\/wp\/v2\/pages\/209"}],"collection":[{"href":"http:\/\/disseny-test.uoc.edu\/materials\/prod-digital\/wp-json\/wp\/v2\/pages"}],"about":[{"href":"http:\/\/disseny-test.uoc.edu\/materials\/prod-digital\/wp-json\/wp\/v2\/types\/page"}],"author":[{"embeddable":true,"href":"http:\/\/disseny-test.uoc.edu\/materials\/prod-digital\/wp-json\/wp\/v2\/users\/1"}],"replies":[{"embeddable":true,"href":"http:\/\/disseny-test.uoc.edu\/materials\/prod-digital\/wp-json\/wp\/v2\/comments?post=209"}],"version-history":[{"count":1,"href":"http:\/\/disseny-test.uoc.edu\/materials\/prod-digital\/wp-json\/wp\/v2\/pages\/209\/revisions"}],"predecessor-version":[{"id":210,"href":"http:\/\/disseny-test.uoc.edu\/materials\/prod-digital\/wp-json\/wp\/v2\/pages\/209\/revisions\/210"}],"wp:attachment":[{"href":"http:\/\/disseny-test.uoc.edu\/materials\/prod-digital\/wp-json\/wp\/v2\/media?parent=209"}],"curies":[{"name":"wp","href":"https:\/\/api.w.org\/{rel}","templated":true}]}}