{"id":211,"date":"2018-01-19T11:24:50","date_gmt":"2018-01-19T11:24:50","guid":{"rendered":"http:\/\/disseny-test.uoc.edu\/materials\/prod-digital\/?page_id=211"},"modified":"2018-01-22T18:44:27","modified_gmt":"2018-01-22T18:44:27","slug":"4-2-4-quin-model-de-negoci-hi-ha-darrere-daquests-continguts","status":"publish","type":"page","link":"http:\/\/disseny-test.uoc.edu\/materials\/prod-digital\/4-2-4-quin-model-de-negoci-hi-ha-darrere-daquests-continguts\/","title":{"rendered":"4.2.4. Quin model de negoci hi ha darrere d&#8217;aquests continguts?"},"content":{"rendered":"<p>No fa falta ser un emprenededor a l\u2019Elon Musk per a tenir un model de negoci associat al nostre projecte transm\u00e8dia.<\/p>\n<div class=\"featured featured-blue\"><p>Quan parlem de model de negoci simplement ens preguntem per la sostenibilitat del nostre projecte com a creadors digitals.<\/p>\n<\/div>\n<p>Crear un projecte de comunicaci\u00f3 transm\u00e8dia interessant i rellevant requereix com a m\u00ednim una despesa de temps, temps que no podem dedicar a una altra cosa. I, inevitablement, apareixeran altres despeses: emmagatzematge web, impressi\u00f3, enc\u00e0rrec de diagrames o il\u00b7lustracions\u2026<\/p>\n<p>Potser pensem que el projecte no t\u00e9 una altra funci\u00f3 que divertir-nos i ensenyar-nos alguna cosa sobre la creaci\u00f3 de projectes transm\u00e8dia. Cap problema, aquest \u00e9s el nostre model de negoci.<\/p>\n<p>Una altra possibilitat \u00e9s situar-nos en el model de l\u2019economia de l\u2019atenci\u00f3. Oferim propostes de comunicaci\u00f3 gratis i de qualitat amb l\u2019esperan\u00e7a que el nostre treball ens converteixi en una persona coneguda i puguem guanyar-nos la vida com a creadors digitals. Tampoc no \u00e9s una idea tan boja. <em>El Marci\u00e0<\/em>, el best-seller d\u2019Andy Weir despr\u00e9s convertit en pel\u00b7l\u00edcula, va comen\u00e7ar com una novel\u00b7la per entregues en un blog.<\/p>\n<p>Per\u00f2 tamb\u00e9 podem pensar a monetitzar directament el nostre projecte. L\u2019opci\u00f3 m\u00e9s senzilla \u00e9s incloure anuncis en el nostre projecte i cobrar un petit preu per clic. Tamb\u00e9 podem buscar un distribu\u00efdor que difongui el nostre projecte de manera professional, o confiar en les nostres capacitats a les xarxes socials i distribuir-lo nosaltres mateixos. Si el pla \u00e9s crear un contingut estable podem establir algun tipus de model de subscripci\u00f3 o un sistema de semipagament.<\/p>\n<p>Si no estem segurs de si el nostre projecte crear\u00e0 suficient inter\u00e8s per a obtenir un finan\u00e7ament que el faci sostenible, podem provar algunes de les desenes de plataformes de finan\u00e7ament col\u00b7lectiu que un pot trobar a internet ara mateix i buscar finan\u00e7ament.<\/p>\n<p>En l\u2019apartat\u00a0 <a href=\"http:\/\/disseny-test.uoc.edu\/materials\/prod-digital\/6-2-4-el-financament-collectiu-pas-a-pas\/\" target=\"_blank\" rel=\"noopener\">6.2.4 \u00abEl finan\u00e7ament col\u00b7lectiu pas a pas\u00bb<\/a> donem m\u00e9s detalls sobre com organitzar una campanya aix\u00ed.<\/p>\n<p>La qualitat de les nostres imatges haur\u00e0 de reflectir el model econ\u00f2mic que hem escollit. \u00c9s acceptable utilitzat imatges a baixa resoluci\u00f3 capturades directament de la web i sense citar l\u2019autor si el nostre objectiu \u00e9s simplement xerrar amb els nostres amics, per\u00f2 no podem esperar que alg\u00fa pagui per alguna cosa feta d\u2019una manera tan poc professional.<\/p>\n<p>De la mateixa manera, un PDF que un es descarrega gratu\u00eftament mentre evita un parell de b\u00e0ners pot tenir imatges de baixa resoluci\u00f3, per\u00f2 no us estranyi, despr\u00e9s d\u2019anunciar a so de bombo i platerets a Kickstarter un excel\u00b7lent llibre de fotografies de paisatge, tenir clients indignats en descobrir que aquestes suposades \u00abexcel\u00b7lents fotografies\u00bb tenen una resoluci\u00f3 pobra i tan sols 256 colors.<\/p>\n","protected":false},"excerpt":{"rendered":"<p>No fa falta ser un emprenededor a l\u2019Elon Musk per a tenir un model de negoci associat al nostre projecte transm\u00e8dia. Crear un projecte de comunicaci\u00f3 transm\u00e8dia interessant i rellevant requereix com a m\u00ednim una despesa de temps, temps que no podem dedicar a una altra cosa. I, inevitablement, apareixeran altres despeses: emmagatzematge web, impressi\u00f3, [&hellip;]<\/p>\n","protected":false},"author":1,"featured_media":0,"parent":0,"menu_order":0,"comment_status":"closed","ping_status":"closed","template":"","meta":{"inline_featured_image":false},"acf":[],"_links":{"self":[{"href":"http:\/\/disseny-test.uoc.edu\/materials\/prod-digital\/wp-json\/wp\/v2\/pages\/211"}],"collection":[{"href":"http:\/\/disseny-test.uoc.edu\/materials\/prod-digital\/wp-json\/wp\/v2\/pages"}],"about":[{"href":"http:\/\/disseny-test.uoc.edu\/materials\/prod-digital\/wp-json\/wp\/v2\/types\/page"}],"author":[{"embeddable":true,"href":"http:\/\/disseny-test.uoc.edu\/materials\/prod-digital\/wp-json\/wp\/v2\/users\/1"}],"replies":[{"embeddable":true,"href":"http:\/\/disseny-test.uoc.edu\/materials\/prod-digital\/wp-json\/wp\/v2\/comments?post=211"}],"version-history":[{"count":2,"href":"http:\/\/disseny-test.uoc.edu\/materials\/prod-digital\/wp-json\/wp\/v2\/pages\/211\/revisions"}],"predecessor-version":[{"id":570,"href":"http:\/\/disseny-test.uoc.edu\/materials\/prod-digital\/wp-json\/wp\/v2\/pages\/211\/revisions\/570"}],"wp:attachment":[{"href":"http:\/\/disseny-test.uoc.edu\/materials\/prod-digital\/wp-json\/wp\/v2\/media?parent=211"}],"curies":[{"name":"wp","href":"https:\/\/api.w.org\/{rel}","templated":true}]}}