{"id":213,"date":"2018-01-19T11:26:16","date_gmt":"2018-01-19T11:26:16","guid":{"rendered":"http:\/\/disseny-test.uoc.edu\/materials\/prod-digital\/?page_id=213"},"modified":"2018-01-19T11:26:16","modified_gmt":"2018-01-19T11:26:16","slug":"4-2-5-per-que-necessitem-algorismes-de-compressio","status":"publish","type":"page","link":"http:\/\/disseny-test.uoc.edu\/materials\/prod-digital\/4-2-5-per-que-necessitem-algorismes-de-compressio\/","title":{"rendered":"4.2.5. Per qu\u00e8 necessitem algorismes  de compressi\u00f3?"},"content":{"rendered":"<p>Els diferents formats d\u2019imatge que descriurem en l\u2019apartat seg\u00fcent s\u00f3n el resultat d\u2019utilitzar diverses t\u00e8cniques i estils de compressi\u00f3 de fitxers. Aquestes t\u00e8cniques i estils busquen millorar la velocitat amb qu\u00e8 una imatge apareixer\u00e0 en la nostra pantalla i l\u2019espai que ocupar\u00e0 en un disc dur.<\/p>\n<div class=\"featured featured-blue\"><p>Un fitxer no comprimit \u00e9s aquell al qual no s\u2019ha aplicat cap tipus de reducci\u00f3 de mida i els bytes que el componen s\u00f3n els mateixos que componien la imatge original.<\/p>\n<\/div>\n<p>Aquesta manera d\u2019emmagatzemar informaci\u00f3 es descriu de vegades com <em>raw<\/em> (crua), perqu\u00e8 les dades originals no han sofert cap tipus de \u00abcocci\u00f3\u00bb que les transformi.<\/p>\n<p>En principi l\u2019ideal seria no modificar gens les dades. Un text, com un poema o un programa d\u2019ordinador, es tendeix a emmagatzemar de manera no comprimida, ja que la p\u00e8rdua d\u2019una sola paraula podria donar una incomprensi\u00f3 del poema o un error en l\u2019execuci\u00f3 del programa. A part d\u2019aix\u00f2, ocupen tan poc espai que tampoc no tindria molt sentit comprimir-los.<\/p>\n<p>No obstant aix\u00f2, com acabem de dir, moltes vegades ens interessa, per q\u00fcestions d\u2019emmagatzematge i\/o velocitat, disposar de fitxers amb una grand\u00e0ria m\u00e9s petita. A l\u2019hora de localitzar l\u2019avatar d\u2019un amic nostre en un canal de continguts de Twitter o veure un v\u00eddeo del nostre grup favorit en el m\u00f2bil, ens podem acontentar amb una versi\u00f3 aproximada encara que perdem matisos. D\u2019aqu\u00ed la import\u00e0ncia dels <strong>mecanismes de compressi\u00f3<\/strong>.<\/p>\n","protected":false},"excerpt":{"rendered":"<p>Els diferents formats d\u2019imatge que descriurem en l\u2019apartat seg\u00fcent s\u00f3n el resultat d\u2019utilitzar diverses t\u00e8cniques i estils de compressi\u00f3 de fitxers. Aquestes t\u00e8cniques i estils busquen millorar la velocitat amb qu\u00e8 una imatge apareixer\u00e0 en la nostra pantalla i l\u2019espai que ocupar\u00e0 en un disc dur. Aquesta manera d\u2019emmagatzemar informaci\u00f3 es descriu de vegades com [&hellip;]<\/p>\n","protected":false},"author":1,"featured_media":0,"parent":0,"menu_order":0,"comment_status":"closed","ping_status":"closed","template":"","meta":{"inline_featured_image":false},"acf":[],"_links":{"self":[{"href":"http:\/\/disseny-test.uoc.edu\/materials\/prod-digital\/wp-json\/wp\/v2\/pages\/213"}],"collection":[{"href":"http:\/\/disseny-test.uoc.edu\/materials\/prod-digital\/wp-json\/wp\/v2\/pages"}],"about":[{"href":"http:\/\/disseny-test.uoc.edu\/materials\/prod-digital\/wp-json\/wp\/v2\/types\/page"}],"author":[{"embeddable":true,"href":"http:\/\/disseny-test.uoc.edu\/materials\/prod-digital\/wp-json\/wp\/v2\/users\/1"}],"replies":[{"embeddable":true,"href":"http:\/\/disseny-test.uoc.edu\/materials\/prod-digital\/wp-json\/wp\/v2\/comments?post=213"}],"version-history":[{"count":1,"href":"http:\/\/disseny-test.uoc.edu\/materials\/prod-digital\/wp-json\/wp\/v2\/pages\/213\/revisions"}],"predecessor-version":[{"id":214,"href":"http:\/\/disseny-test.uoc.edu\/materials\/prod-digital\/wp-json\/wp\/v2\/pages\/213\/revisions\/214"}],"wp:attachment":[{"href":"http:\/\/disseny-test.uoc.edu\/materials\/prod-digital\/wp-json\/wp\/v2\/media?parent=213"}],"curies":[{"name":"wp","href":"https:\/\/api.w.org\/{rel}","templated":true}]}}