{"id":220,"date":"2018-01-19T11:34:25","date_gmt":"2018-01-19T11:34:25","guid":{"rendered":"http:\/\/disseny-test.uoc.edu\/materials\/prod-digital\/?page_id=220"},"modified":"2018-01-22T18:45:51","modified_gmt":"2018-01-22T18:45:51","slug":"4-3-3-gif","status":"publish","type":"page","link":"http:\/\/disseny-test.uoc.edu\/materials\/prod-digital\/4-3-3-gif\/","title":{"rendered":"4.3.3. GIF"},"content":{"rendered":"<div class=\"featured featured-blue\"><p>Seguint l\u2019esquema de tipus de format que expliquem en el punt anterior, <a href=\"javascript:void(0);\" class=\"tooltip\" data-toggle=\"popover\" data-placement=\"bottom\" data-content=\"GIF s\u00f3n les sigles de <em>Graphics Interchange Format<\/em>, o format per a l\u2019intercanvi de gr\u00e0fics.\" data-placement=\"top\" data-html=\"true\" ><strong>GIF<\/strong><\/a>\u00a0\u00e9s un format comprimit sense p\u00e8rdua \u2014cap dels p\u00edxels originals de la imatge no es perd en passar-la a GIF\u2014 amb paleta de color indexat.<\/p>\n<\/div>\n<ol>\n<li>GIF usa una paleta de color indexat de 256 i per tant pot reduir la grand\u00e0ria d\u2019imatge fins al 50% sense necessitat de perdre cap p\u00edxel pel cam\u00ed.<\/li>\n<li>\u00c9s l\u2019\u00fanic sistema de compressi\u00f3 d\u2019\u00fas com\u00fa que permet crear imatges animades que ocupin relativament poc espai.<\/li>\n<li>GIF va ser creat en 1989, i \u00e9s el format d\u2019imatge per a la web m\u00e9s antic. Aix\u00ed, funciona en qualsevol sistema operatiu i aplicaci\u00f3 est\u00e0ndard.<\/li>\n<\/ol>\n<h4><strong>Quan cal usar GIF?<\/strong><\/h4>\n<p>Podem usar un GIF per a generar una animaci\u00f3, i de fet \u00e9s la millor opci\u00f3.<\/p>\n<p>Tamb\u00e9 funciona per a diagrames, dibuixos, logotips amb pocs colors, o quan necessitem jugar amb transpar\u00e8ncies. De totes maneres, si no pensem animar-la, probablement la mateixa imatge guardada com a PNG ocupar\u00e0 menys espai.<\/p>\n<p>Per a m\u00e9s informaci\u00f3: <a href=\"http:\/\/disseny-test.uoc.edu\/materials\/prod-digital\/4-3-5-png\/\" target=\"_blank\" rel=\"noopener\">4.3.5 \u00abPNG\u00bb<\/a><\/p>\n<div class=\"featured featured-blue\"><p>No \u00e9s recomanable amb imatges amb molts colors, com fotografies, tret que el nostre objectiu sigui fer una animaci\u00f3 amb elles.<\/p>\n<\/div>\n","protected":false},"excerpt":{"rendered":"<p>GIF usa una paleta de color indexat de 256 i per tant pot reduir la grand\u00e0ria d\u2019imatge fins al 50% sense necessitat de perdre cap p\u00edxel pel cam\u00ed. \u00c9s l\u2019\u00fanic sistema de compressi\u00f3 d\u2019\u00fas com\u00fa que permet crear imatges animades que ocupin relativament poc espai. GIF va ser creat en 1989, i \u00e9s el format [&hellip;]<\/p>\n","protected":false},"author":1,"featured_media":0,"parent":0,"menu_order":0,"comment_status":"closed","ping_status":"closed","template":"","meta":{"inline_featured_image":false},"acf":[],"_links":{"self":[{"href":"http:\/\/disseny-test.uoc.edu\/materials\/prod-digital\/wp-json\/wp\/v2\/pages\/220"}],"collection":[{"href":"http:\/\/disseny-test.uoc.edu\/materials\/prod-digital\/wp-json\/wp\/v2\/pages"}],"about":[{"href":"http:\/\/disseny-test.uoc.edu\/materials\/prod-digital\/wp-json\/wp\/v2\/types\/page"}],"author":[{"embeddable":true,"href":"http:\/\/disseny-test.uoc.edu\/materials\/prod-digital\/wp-json\/wp\/v2\/users\/1"}],"replies":[{"embeddable":true,"href":"http:\/\/disseny-test.uoc.edu\/materials\/prod-digital\/wp-json\/wp\/v2\/comments?post=220"}],"version-history":[{"count":5,"href":"http:\/\/disseny-test.uoc.edu\/materials\/prod-digital\/wp-json\/wp\/v2\/pages\/220\/revisions"}],"predecessor-version":[{"id":571,"href":"http:\/\/disseny-test.uoc.edu\/materials\/prod-digital\/wp-json\/wp\/v2\/pages\/220\/revisions\/571"}],"wp:attachment":[{"href":"http:\/\/disseny-test.uoc.edu\/materials\/prod-digital\/wp-json\/wp\/v2\/media?parent=220"}],"curies":[{"name":"wp","href":"https:\/\/api.w.org\/{rel}","templated":true}]}}