{"id":229,"date":"2018-01-19T11:43:27","date_gmt":"2018-01-19T11:43:27","guid":{"rendered":"http:\/\/disseny-test.uoc.edu\/materials\/prod-digital\/?page_id=229"},"modified":"2018-01-19T13:18:52","modified_gmt":"2018-01-19T13:18:52","slug":"4-3-7-bmp","status":"publish","type":"page","link":"http:\/\/disseny-test.uoc.edu\/materials\/prod-digital\/4-3-7-bmp\/","title":{"rendered":"4.3.7. BMP"},"content":{"rendered":"<p>Els fitxers en <a href=\"javascript:void(0);\" class=\"tooltip\" data-toggle=\"popover\" data-placement=\"bottom\" data-content=\"BMP \u00e9s l\u2019\u00e0lies per a referir-se al format <em>Windows Bitmap<\/em>, propietat de Microsoft. \u00c9s un format antic, sense comprimir, dissenyat espec\u00edficament per a l\u2019entorn Windows.\" data-placement=\"top\" data-html=\"true\" ><strong>BMP<\/strong><\/a> ofereixen milions de colors i bona qualitat fotogr\u00e0fica, per\u00f2 ocupen molt espai.<\/p>\n<p>Un BMP \u00e9s b\u00e0sicament una gran graella de milions de p\u00edxels organitzats en diferents estructures i coloracions. Pot estar generat com una imatge de 8, 16 o 24 bits. Quan fem un BMP m\u00e9s gran o m\u00e9s petit, estem ampliant o reduint els p\u00edxels, i aix\u00ed \u00e9s f\u00e0cil que distorsionem la imatge original tornant-la m\u00e9s borrosa i menys definida.<\/p>\n<h4><strong>Quan cal usar BMP?<\/strong><\/h4>\n<p>Tret que tinguem entre mans algun projecte per treballar amb imatges <em>off-line<\/em> en un entorn Windows, BMP no \u00e9s una bona idea. Els BMP no redimensionen ni es comprimeixen b\u00e9, i qualsevol cosa que puguem fer amb un BMP la podrem fer millor amb un altre format.<\/p>\n","protected":false},"excerpt":{"rendered":"<p>Els fitxers en ofereixen milions de colors i bona qualitat fotogr\u00e0fica, per\u00f2 ocupen molt espai. Un BMP \u00e9s b\u00e0sicament una gran graella de milions de p\u00edxels organitzats en diferents estructures i coloracions. Pot estar generat com una imatge de 8, 16 o 24 bits. Quan fem un BMP m\u00e9s gran o m\u00e9s petit, estem ampliant [&hellip;]<\/p>\n","protected":false},"author":1,"featured_media":0,"parent":0,"menu_order":0,"comment_status":"closed","ping_status":"closed","template":"","meta":{"inline_featured_image":false},"acf":[],"_links":{"self":[{"href":"http:\/\/disseny-test.uoc.edu\/materials\/prod-digital\/wp-json\/wp\/v2\/pages\/229"}],"collection":[{"href":"http:\/\/disseny-test.uoc.edu\/materials\/prod-digital\/wp-json\/wp\/v2\/pages"}],"about":[{"href":"http:\/\/disseny-test.uoc.edu\/materials\/prod-digital\/wp-json\/wp\/v2\/types\/page"}],"author":[{"embeddable":true,"href":"http:\/\/disseny-test.uoc.edu\/materials\/prod-digital\/wp-json\/wp\/v2\/users\/1"}],"replies":[{"embeddable":true,"href":"http:\/\/disseny-test.uoc.edu\/materials\/prod-digital\/wp-json\/wp\/v2\/comments?post=229"}],"version-history":[{"count":3,"href":"http:\/\/disseny-test.uoc.edu\/materials\/prod-digital\/wp-json\/wp\/v2\/pages\/229\/revisions"}],"predecessor-version":[{"id":296,"href":"http:\/\/disseny-test.uoc.edu\/materials\/prod-digital\/wp-json\/wp\/v2\/pages\/229\/revisions\/296"}],"wp:attachment":[{"href":"http:\/\/disseny-test.uoc.edu\/materials\/prod-digital\/wp-json\/wp\/v2\/media?parent=229"}],"curies":[{"name":"wp","href":"https:\/\/api.w.org\/{rel}","templated":true}]}}