{"id":235,"date":"2018-01-19T11:51:02","date_gmt":"2018-01-19T11:51:02","guid":{"rendered":"http:\/\/disseny-test.uoc.edu\/materials\/prod-digital\/?page_id=235"},"modified":"2018-01-19T11:51:02","modified_gmt":"2018-01-19T11:51:02","slug":"4-4-1-recursos-sobre-fotografia-digital","status":"publish","type":"page","link":"http:\/\/disseny-test.uoc.edu\/materials\/prod-digital\/4-4-1-recursos-sobre-fotografia-digital\/","title":{"rendered":"4.4.1. Recursos sobre fotografia digital"},"content":{"rendered":"<p>Internet est\u00e0 farcit de tutorials en diferents estils, longituds i detall. Uns preferirem explicacions concises, uns altres que ens detallin l\u2019exemple pas a pas. Uns ja coneixen les bases i busquen tutorials avan\u00e7ats i uns altres s\u00f3n totalment novells. Tenim opcions de sol text, esquemes gr\u00e0fics, \u00e0udio, v\u00eddeo\u2026 Aix\u00ed, doncs, el millor \u00e9s fer una cerca personalitzada en funci\u00f3 de les nostres habilitats, interessos i estils d\u2019aprenentatge. A continuaci\u00f3, vegeu solament uns quants recursos que ens semblen \u00fatils.<\/p>\n<ul>\n<li><a href=\"https:\/\/www.youtube.com\/watch?v=y6ve1k7cvuw\" target=\"_blank\" rel=\"noopener\"><strong>Curs de fotografia digital en espa\u00f1ol 2014<\/strong><\/a>. Aquest tutorial de 40 minuts a Youtube \u00e9s molt popular i explica de manera senzilla i molt visual com treure el m\u00e0xim partit de la nostra c\u00e0mera r\u00e8flex.<\/li>\n<li><a href=\"http:\/\/www.geofflawrence.com\/esp\/lecciones_de_fotografia.htm\" target=\"_blank\" rel=\"noopener\"><strong>Tutorials de fotografia de Geoff Lawrence<\/strong><\/a>. Aquest tutorial est\u00e0 en bon castell\u00e0 i, encara que t\u00e9 de vegades alguna cosa peculiar, introdueix pas a pas en tots els aspectes t\u00e8cnics de la fotografia d\u2019una manera aplicada. Ens introdueix en tota la part t\u00e8cnica de lents, tr\u00edpodes, flaixos i com anar m\u00e9s enll\u00e0 de l\u2019automatisme de les c\u00e0meres actuals i jugar amb llum, exposici\u00f3, temps, etc. per aconseguir fotos millors.<\/li>\n<li><a href=\"https:\/\/fotografia101.com\/manual-de-fotografia\/\" target=\"_blank\" rel=\"noopener\"><strong>Manual de fotografia<\/strong><\/a>. Es tracta d\u2019una molt bona recopilaci\u00f3 de consells t\u00e8cnics per a poder treballar amb la nostra c\u00e0mera digital de manera manual i obtenir aix\u00ed millors fotos. El curs \u00e9s ofert per la comunitat Fotografia 101 d\u2019apassionats per la fotografia.<\/li>\n<li><a href=\"https:\/\/sites.google.com\/site\/marclevoylectures\/home\" target=\"_blank\" rel=\"noopener\"><strong><em>Lectures on digital photography<\/em><\/strong><strong>, de Mark Levoy<\/strong><\/a>. Aquest curs en angl\u00e8s del professor de Stanford Mark Levoy cobreix tots els aspectes de la fotografia digital, del maquinari de les c\u00e0meres als algorismes que s\u2019usen per a processar les imatges, incloses tamb\u00e9 q\u00fcestions art\u00edstiques i pr\u00e0ctiques per a millorar les nostres habilitats com a fot\u00f2grafs. El curs \u00e9s gratu\u00eft i est\u00e0 pensat per a novells. Inclou exercicis setmanals opcionals. \u00c9s la versi\u00f3 en l\u00ednia d\u2019un curs presencial que el professor Levoy ofereix a la Universitat de Stanford (Calif\u00f2rnia) des del 2014 amb enorme \u00e8xit.<\/li>\n<\/ul>\n","protected":false},"excerpt":{"rendered":"<p>Internet est\u00e0 farcit de tutorials en diferents estils, longituds i detall. Uns preferirem explicacions concises, uns altres que ens detallin l\u2019exemple pas a pas. Uns ja coneixen les bases i busquen tutorials avan\u00e7ats i uns altres s\u00f3n totalment novells. Tenim opcions de sol text, esquemes gr\u00e0fics, \u00e0udio, v\u00eddeo\u2026 Aix\u00ed, doncs, el millor \u00e9s fer una [&hellip;]<\/p>\n","protected":false},"author":1,"featured_media":0,"parent":0,"menu_order":0,"comment_status":"closed","ping_status":"closed","template":"","meta":{"inline_featured_image":false},"acf":[],"_links":{"self":[{"href":"http:\/\/disseny-test.uoc.edu\/materials\/prod-digital\/wp-json\/wp\/v2\/pages\/235"}],"collection":[{"href":"http:\/\/disseny-test.uoc.edu\/materials\/prod-digital\/wp-json\/wp\/v2\/pages"}],"about":[{"href":"http:\/\/disseny-test.uoc.edu\/materials\/prod-digital\/wp-json\/wp\/v2\/types\/page"}],"author":[{"embeddable":true,"href":"http:\/\/disseny-test.uoc.edu\/materials\/prod-digital\/wp-json\/wp\/v2\/users\/1"}],"replies":[{"embeddable":true,"href":"http:\/\/disseny-test.uoc.edu\/materials\/prod-digital\/wp-json\/wp\/v2\/comments?post=235"}],"version-history":[{"count":1,"href":"http:\/\/disseny-test.uoc.edu\/materials\/prod-digital\/wp-json\/wp\/v2\/pages\/235\/revisions"}],"predecessor-version":[{"id":236,"href":"http:\/\/disseny-test.uoc.edu\/materials\/prod-digital\/wp-json\/wp\/v2\/pages\/235\/revisions\/236"}],"wp:attachment":[{"href":"http:\/\/disseny-test.uoc.edu\/materials\/prod-digital\/wp-json\/wp\/v2\/media?parent=235"}],"curies":[{"name":"wp","href":"https:\/\/api.w.org\/{rel}","templated":true}]}}