{"id":243,"date":"2018-01-19T12:25:29","date_gmt":"2018-01-19T12:25:29","guid":{"rendered":"http:\/\/disseny-test.uoc.edu\/materials\/prod-digital\/?page_id=243"},"modified":"2018-01-30T18:14:19","modified_gmt":"2018-01-30T18:14:19","slug":"4-5-eines-per-a-editar-imatges","status":"publish","type":"page","link":"http:\/\/disseny-test.uoc.edu\/materials\/prod-digital\/4-5-eines-per-a-editar-imatges\/","title":{"rendered":"4.5. Eines per a editar imatges"},"content":{"rendered":"<h4><strong>Recursos Photoshop<\/strong><\/h4>\n<table>\n<tbody>\n<tr>\n<th width=\"20%\"><a href=\"http:\/\/tv.adobe.com\/es\/show\/aprende-photoshop-cc\/\" target=\"_blank\" rel=\"noopener\">Tutorials oficials<\/a><\/th>\n<td width=\"80%\">Bons tutorials actualitzats sobre com utilitzar Photoshop, desenvolupats per Tova. Aquests tutorials toquen tots els temes rellevants per a convertir-vos en experts en Photoshop. Necessitareu Flaix per a visualitzar-los.<\/td>\n<\/tr>\n<tr>\n<th><a href=\"http:\/\/fotografodigital.com\/category\/tutoriales-photoshop\/\" target=\"_blank\" rel=\"noopener\">Fot\u00f3grafo digital<\/a><\/th>\n<td>\u00a0El lloc web <em>Fot\u00f3grafo digital<\/em> ofereix una gran quantitat de tutorials i informacions de tot tipus, i la seva selecci\u00f3 de trucs i t\u00e8cniques per a Photoshop i equivalents com Lightroom \u00e9s molt completa. Tant si busqueu coses gen\u00e8riques com millorar la llum en un retrat, com espec\u00edfiques com incloure n\u00favols a la foto d\u2019una muntanya, \u00e9s un lloc molt \u00fatil.<\/td>\n<\/tr>\n<tr>\n<th><a href=\"https:\/\/www.youtube.com\/user\/eldelphotoshop\" target=\"_blank\" rel=\"noopener\">PSD Box Espanya<\/a><\/th>\n<td>\u00a0Segurament el canal de YouTube m\u00e9s popular que ofereix tutorials tant b\u00e0sics com avan\u00e7ats per a dominar\u00a0 Photoshop. Inclou tamb\u00e9 desafiaments per a comprovar la nostra habilitat amb el programa.<\/td>\n<\/tr>\n<\/tbody>\n<\/table>\n<h4><strong>Gimp: alternativa a Photoshop<\/strong><\/h4>\n<p><strong><a href=\"http:\/\/www.jesusda.com\/docs\/tutoriales-gimp\/\" target=\"_blank\" rel=\"noopener\">Tutorials<\/a><\/strong>\u00a0<a href=\"javascript:void(0);\" class=\"tooltip\" data-toggle=\"popover\" data-placement=\"bottom\" data-content=\"Et podr\u00e0s descarregar sense problemes l\u2019\u00faltima versi\u00f3 de <a href='http:\/\/www.gimp.org.es\/descargar-gimp.html' target='_blank'>Gimp<\/a> per a Linux, Windows o OS X en espanyol gratu\u00eftament.\" data-placement=\"top\" data-html=\"true\" ><strong>Gimp<\/strong><\/a>. En una web <em>old style<\/em>, Jes\u00fas David, m\u00e9s conegut pel sobrenom de jEsuSdA, defensor del programari lliure i dissenyador gr\u00e0fic, ens introdueix a Gimp, l\u2019alternativa a Photoshop en programari lliure. Els tallers estan organitzats en tres nivells: b\u00e0sic, intermedi i avan\u00e7at. Tamb\u00e9 inclou instruccions per a instal\u00b7lar-lo en el nostre sistema operatiu favorit (Linux, Windows, OS X).<\/p>\n<h4><strong>Eines per a optimitzaci\u00f3<\/strong><\/h4>\n<table>\n<tbody>\n<tr>\n<th width=\"20%\"><a href=\"http:\/\/www.lcdf.org\/gifsicle\/\" target=\"_blank\" rel=\"noopener\"><strong>Gifsicle<\/strong><\/a><\/th>\n<td width=\"80%\">Gifsicle \u00e9s una eina de l\u00ednia de comandaments que funciona en Linux, OS X i Windows, i que permet crear i optimitzar GIF, a m\u00e9s de convertir-los en animacions.<\/td>\n<\/tr>\n<tr>\n<th><a href=\"http:\/\/blog.bahraniapps.com\/gifcam\/\" target=\"_blank\" rel=\"noopener\"><strong>GIFCam<\/strong><\/a><\/th>\n<td>Aquesta pr\u00e0ctica eina per a Windows permet fer gifs animats molt detallats com si tingu\u00e9ssim una c\u00e0mera amb la qual gravem una escena movent GIF. Tamb\u00e9 disposa d\u2019un sistema d\u2019edici\u00f3 simple per\u00f2 efica\u00e7.<\/td>\n<\/tr>\n<tr>\n<th><a href=\"https:\/\/giphy.com\" target=\"_blank\" rel=\"noopener\"><strong>Giphy<\/strong><\/a><\/th>\n<td>Els desenvolupadors de Giphy ofereixen diverses aplicacions per a treballar amb GIF en OS X i iOS: GIPHY per a localitzar i compartir GIF animats via m\u00f2bil, GIPHYCAM per a crear gifs animats a partir de la c\u00e0mera del nostre m\u00f2bil, i GIPHYCapture per a crear gifs de manera senzilla en el nostre Mac.<\/td>\n<\/tr>\n<tr>\n<th><a href=\"http:\/\/optipng.sourceforge.net\/\" target=\"_blank\" rel=\"noopener\"><strong>OptiPNG<\/strong><\/a><\/th>\n<td>Un programa per a optimitzar la conversi\u00f3 a PNG per als preocupats per l\u2019optimitzaci\u00f3, que vulguin una conversi\u00f3 realment sense p\u00e8rdues i que no es conformin amb les opcions que ofereixen els editors d\u2019imatges.<\/td>\n<\/tr>\n<\/tbody>\n<\/table>\n","protected":false},"excerpt":{"rendered":"<p>Recursos Photoshop Tutorials oficials Bons tutorials actualitzats sobre com utilitzar Photoshop, desenvolupats per Tova. Aquests tutorials toquen tots els temes rellevants per a convertir-vos en experts en Photoshop. Necessitareu Flaix per a visualitzar-los. Fot\u00f3grafo digital \u00a0El lloc web Fot\u00f3grafo digital ofereix una gran quantitat de tutorials i informacions de tot tipus, i la seva selecci\u00f3 [&hellip;]<\/p>\n","protected":false},"author":1,"featured_media":0,"parent":0,"menu_order":0,"comment_status":"closed","ping_status":"closed","template":"","meta":{"inline_featured_image":false},"acf":[],"_links":{"self":[{"href":"http:\/\/disseny-test.uoc.edu\/materials\/prod-digital\/wp-json\/wp\/v2\/pages\/243"}],"collection":[{"href":"http:\/\/disseny-test.uoc.edu\/materials\/prod-digital\/wp-json\/wp\/v2\/pages"}],"about":[{"href":"http:\/\/disseny-test.uoc.edu\/materials\/prod-digital\/wp-json\/wp\/v2\/types\/page"}],"author":[{"embeddable":true,"href":"http:\/\/disseny-test.uoc.edu\/materials\/prod-digital\/wp-json\/wp\/v2\/users\/1"}],"replies":[{"embeddable":true,"href":"http:\/\/disseny-test.uoc.edu\/materials\/prod-digital\/wp-json\/wp\/v2\/comments?post=243"}],"version-history":[{"count":8,"href":"http:\/\/disseny-test.uoc.edu\/materials\/prod-digital\/wp-json\/wp\/v2\/pages\/243\/revisions"}],"predecessor-version":[{"id":1108,"href":"http:\/\/disseny-test.uoc.edu\/materials\/prod-digital\/wp-json\/wp\/v2\/pages\/243\/revisions\/1108"}],"wp:attachment":[{"href":"http:\/\/disseny-test.uoc.edu\/materials\/prod-digital\/wp-json\/wp\/v2\/media?parent=243"}],"curies":[{"name":"wp","href":"https:\/\/api.w.org\/{rel}","templated":true}]}}