{"id":250,"date":"2018-01-19T12:50:11","date_gmt":"2018-01-19T12:50:11","guid":{"rendered":"http:\/\/disseny-test.uoc.edu\/materials\/prod-digital\/?page_id=250"},"modified":"2018-01-19T12:50:11","modified_gmt":"2018-01-19T12:50:11","slug":"4-7-1-introduccio","status":"publish","type":"page","link":"http:\/\/disseny-test.uoc.edu\/materials\/prod-digital\/4-7-1-introduccio\/","title":{"rendered":"4.7.1. Introducci\u00f3"},"content":{"rendered":"<p>Com ja plantej\u00e0vem anteriorment, quin tipus de continguts vull transmetre? La part m\u00e9s important d\u2019un projecte transm\u00e8dia \u00e9s decidir quin tipus de continguts vull transmetre i resistir la falsa immediatesa d\u2019omplir-lo de fotos i diagrames simplement perqu\u00e8 s\u00f3n f\u00e0cilment assequibles.<\/p>\n<p>Aix\u00ed, doncs, la primera recomanaci\u00f3 \u00e9s evitar les imatges purament decoratives. Si estem redactant un post sobre les gestes de Steve Jobs, la primera temptaci\u00f3 \u00e9s anar al nostre repositori d\u2019imatges favorit, buscar la foto t\u00edpica de Steve Jobs estirant-se la barba i posar-la en l\u2019inici del post. No obstant aix\u00f2, podem fer un pas m\u00e9s enll\u00e0 i preguntar-nos qu\u00e8 aporta aquesta fotografia. Probablement res, tret que el nostre post vagi dirigit a persones que hagin passat els \u00faltims anys amagats en una cova i mai no han vist aquesta foto de Steve Jobs.<\/p>\n","protected":false},"excerpt":{"rendered":"<p>Com ja plantej\u00e0vem anteriorment, quin tipus de continguts vull transmetre? La part m\u00e9s important d\u2019un projecte transm\u00e8dia \u00e9s decidir quin tipus de continguts vull transmetre i resistir la falsa immediatesa d\u2019omplir-lo de fotos i diagrames simplement perqu\u00e8 s\u00f3n f\u00e0cilment assequibles. Aix\u00ed, doncs, la primera recomanaci\u00f3 \u00e9s evitar les imatges purament decoratives. Si estem redactant un [&hellip;]<\/p>\n","protected":false},"author":1,"featured_media":0,"parent":0,"menu_order":0,"comment_status":"closed","ping_status":"closed","template":"","meta":{"inline_featured_image":false},"acf":[],"_links":{"self":[{"href":"http:\/\/disseny-test.uoc.edu\/materials\/prod-digital\/wp-json\/wp\/v2\/pages\/250"}],"collection":[{"href":"http:\/\/disseny-test.uoc.edu\/materials\/prod-digital\/wp-json\/wp\/v2\/pages"}],"about":[{"href":"http:\/\/disseny-test.uoc.edu\/materials\/prod-digital\/wp-json\/wp\/v2\/types\/page"}],"author":[{"embeddable":true,"href":"http:\/\/disseny-test.uoc.edu\/materials\/prod-digital\/wp-json\/wp\/v2\/users\/1"}],"replies":[{"embeddable":true,"href":"http:\/\/disseny-test.uoc.edu\/materials\/prod-digital\/wp-json\/wp\/v2\/comments?post=250"}],"version-history":[{"count":1,"href":"http:\/\/disseny-test.uoc.edu\/materials\/prod-digital\/wp-json\/wp\/v2\/pages\/250\/revisions"}],"predecessor-version":[{"id":251,"href":"http:\/\/disseny-test.uoc.edu\/materials\/prod-digital\/wp-json\/wp\/v2\/pages\/250\/revisions\/251"}],"wp:attachment":[{"href":"http:\/\/disseny-test.uoc.edu\/materials\/prod-digital\/wp-json\/wp\/v2\/media?parent=250"}],"curies":[{"name":"wp","href":"https:\/\/api.w.org\/{rel}","templated":true}]}}