{"id":254,"date":"2018-01-19T12:55:45","date_gmt":"2018-01-19T12:55:45","guid":{"rendered":"http:\/\/disseny-test.uoc.edu\/materials\/prod-digital\/?page_id=254"},"modified":"2018-01-19T12:55:45","modified_gmt":"2018-01-19T12:55:45","slug":"4-7-3-questions-retoriques","status":"publish","type":"page","link":"http:\/\/disseny-test.uoc.edu\/materials\/prod-digital\/4-7-3-questions-retoriques\/","title":{"rendered":"4.7.3. Q\u00fcestions ret\u00f2riques"},"content":{"rendered":"<p>Afortunadament, l\u2019\u00fas de gr\u00e0fics no ha de limitar-se a oferir dades mitjan\u00e7ant visualitzacions.<\/p>\n<p>Hi ha l\u2019aspecte de la ret\u00f2rica, \u00e9s a dir, com arribem al cor, a les emocions, del nostre p\u00fablic i aconseguim atreure\u2019l cap a la nostra posici\u00f3, o compartir el nostre rebuig amb alguna proposta que considerem equivocada.<\/p>\n<p>\u00c9s important que les imatges que utilitzem estiguin connectades d\u2019alguna manera amb la proposta que estem construint en el nostre projecte transm\u00e8dia. No hi ha l\u00edmit en les diferents maneres en qu\u00e8 una imatge pot utilitzar-se, per\u00f2 tampoc no ser\u00e0 sobrer apuntar alguns usos comuns:<\/p>\n<ul>\n<li>L\u2019\u00fas m\u00e9s com\u00fa \u00e9s <strong>potenciar l\u2019emoci\u00f3<\/strong> que volem establir en un moment concret del nostre projecte transm\u00e8dia: alegria, tristesa, solitud, repugn\u00e0ncia, ira, avorriment, quedaran potenciades per la imatge d\u2019un esdeveniment associat a aquestes emocions o simplement per un rostre que mostri aquest estat d\u2019\u00e0nim.<\/li>\n<li>Una imatge pot funcionar com a <strong>met\u00e0fora d\u2019un concepte abstracte<\/strong>: Goethe o Beethoven s\u00f3n il\u00b7lustracions comunes quan parlem del \u00abgeni rom\u00e0ntic\u00bb; una cosa tan abstracta com el concepte de \u00abconsiderar la perspectiva de l\u2019autor\u00bb es pot il\u00b7lustrar amb una fotografia de <em>Las<\/em> <em>Meninas<\/em> de Vel\u00e1zquez.<\/li>\n<li>De vegades nom\u00e9s volem <strong>cridar l\u2019atenci\u00f3 del nostre possible p\u00fablic<\/strong> i posarem una imatge provocativa, estranya, inusual, agressiva. Tant per raons \u00e8tiques com per a demostrar professionalitat, recomanem evitar la temptaci\u00f3 de posar imatges impactants o de tipus sexual simplement per a atreure p\u00fablic que despr\u00e9s descobreix que la nostra proposta no t\u00e9 res a veure amb la imatge en q\u00fcesti\u00f3. Deixem que els ciberhams s\u2019enfonsin al fons del mar i intentem pujar el nivell de la discussi\u00f3 i les propostes.<\/li>\n<\/ul>\n","protected":false},"excerpt":{"rendered":"<p>Afortunadament, l\u2019\u00fas de gr\u00e0fics no ha de limitar-se a oferir dades mitjan\u00e7ant visualitzacions. Hi ha l\u2019aspecte de la ret\u00f2rica, \u00e9s a dir, com arribem al cor, a les emocions, del nostre p\u00fablic i aconseguim atreure\u2019l cap a la nostra posici\u00f3, o compartir el nostre rebuig amb alguna proposta que considerem equivocada. \u00c9s important que les [&hellip;]<\/p>\n","protected":false},"author":1,"featured_media":0,"parent":0,"menu_order":0,"comment_status":"closed","ping_status":"closed","template":"","meta":{"inline_featured_image":false},"acf":[],"_links":{"self":[{"href":"http:\/\/disseny-test.uoc.edu\/materials\/prod-digital\/wp-json\/wp\/v2\/pages\/254"}],"collection":[{"href":"http:\/\/disseny-test.uoc.edu\/materials\/prod-digital\/wp-json\/wp\/v2\/pages"}],"about":[{"href":"http:\/\/disseny-test.uoc.edu\/materials\/prod-digital\/wp-json\/wp\/v2\/types\/page"}],"author":[{"embeddable":true,"href":"http:\/\/disseny-test.uoc.edu\/materials\/prod-digital\/wp-json\/wp\/v2\/users\/1"}],"replies":[{"embeddable":true,"href":"http:\/\/disseny-test.uoc.edu\/materials\/prod-digital\/wp-json\/wp\/v2\/comments?post=254"}],"version-history":[{"count":1,"href":"http:\/\/disseny-test.uoc.edu\/materials\/prod-digital\/wp-json\/wp\/v2\/pages\/254\/revisions"}],"predecessor-version":[{"id":255,"href":"http:\/\/disseny-test.uoc.edu\/materials\/prod-digital\/wp-json\/wp\/v2\/pages\/254\/revisions\/255"}],"wp:attachment":[{"href":"http:\/\/disseny-test.uoc.edu\/materials\/prod-digital\/wp-json\/wp\/v2\/media?parent=254"}],"curies":[{"name":"wp","href":"https:\/\/api.w.org\/{rel}","templated":true}]}}