{"id":258,"date":"2018-01-19T12:58:13","date_gmt":"2018-01-19T12:58:13","guid":{"rendered":"http:\/\/disseny-test.uoc.edu\/materials\/prod-digital\/?page_id=258"},"modified":"2018-01-19T12:58:13","modified_gmt":"2018-01-19T12:58:13","slug":"4-8-conclusio","status":"publish","type":"page","link":"http:\/\/disseny-test.uoc.edu\/materials\/prod-digital\/4-8-conclusio\/","title":{"rendered":"4.8. Conclusi\u00f3"},"content":{"rendered":"<p>Les imatges donen suport a raonaments, creen emocions i expliquen hist\u00f2ries. Com a creador digital, cal anar m\u00e9s enll\u00e0 de la idea d\u2019imatges decoratives o de posar una imatge perqu\u00e8 puc. Tamb\u00e9 heu d\u2019evitar copiar coses que heu vist en altres llocs. El que funciona b\u00e9 en un determinat context no t\u00e9 perqu\u00e8 funcionar en aquells en qu\u00e8 que us moveu.<\/p>\n<p>\u00c9s important reflexionar sobre qu\u00e8 volem transmetre i a qui volem arribar, i planificar per a decidir quines imatges s\u00f3n realment rellevants i per qu\u00e8.<\/p>\n<p>No deixeu que els vostres programes decideixin per vosaltres sobre quin \u00e9s el format final d\u2019una imatge simplement perqu\u00e8 JPEG \u00e9s el format amb qu\u00e8 exporten per defecte. Quin format utilitzar no \u00e9s una decisi\u00f3 merament t\u00e8cnica, sin\u00f3 que dep\u00e8n dels continguts que voleu transmetre i el mitj\u00e0 que utilitzareu per a distribuir-los.<\/p>\n","protected":false},"excerpt":{"rendered":"<p>Les imatges donen suport a raonaments, creen emocions i expliquen hist\u00f2ries. Com a creador digital, cal anar m\u00e9s enll\u00e0 de la idea d\u2019imatges decoratives o de posar una imatge perqu\u00e8 puc. Tamb\u00e9 heu d\u2019evitar copiar coses que heu vist en altres llocs. El que funciona b\u00e9 en un determinat context no t\u00e9 perqu\u00e8 funcionar en [&hellip;]<\/p>\n","protected":false},"author":1,"featured_media":0,"parent":0,"menu_order":0,"comment_status":"closed","ping_status":"closed","template":"","meta":{"inline_featured_image":false},"acf":[],"_links":{"self":[{"href":"http:\/\/disseny-test.uoc.edu\/materials\/prod-digital\/wp-json\/wp\/v2\/pages\/258"}],"collection":[{"href":"http:\/\/disseny-test.uoc.edu\/materials\/prod-digital\/wp-json\/wp\/v2\/pages"}],"about":[{"href":"http:\/\/disseny-test.uoc.edu\/materials\/prod-digital\/wp-json\/wp\/v2\/types\/page"}],"author":[{"embeddable":true,"href":"http:\/\/disseny-test.uoc.edu\/materials\/prod-digital\/wp-json\/wp\/v2\/users\/1"}],"replies":[{"embeddable":true,"href":"http:\/\/disseny-test.uoc.edu\/materials\/prod-digital\/wp-json\/wp\/v2\/comments?post=258"}],"version-history":[{"count":1,"href":"http:\/\/disseny-test.uoc.edu\/materials\/prod-digital\/wp-json\/wp\/v2\/pages\/258\/revisions"}],"predecessor-version":[{"id":259,"href":"http:\/\/disseny-test.uoc.edu\/materials\/prod-digital\/wp-json\/wp\/v2\/pages\/258\/revisions\/259"}],"wp:attachment":[{"href":"http:\/\/disseny-test.uoc.edu\/materials\/prod-digital\/wp-json\/wp\/v2\/media?parent=258"}],"curies":[{"name":"wp","href":"https:\/\/api.w.org\/{rel}","templated":true}]}}