{"id":306,"date":"2018-01-19T13:29:44","date_gmt":"2018-01-19T13:29:44","guid":{"rendered":"http:\/\/disseny-test.uoc.edu\/materials\/prod-digital\/?page_id=306"},"modified":"2018-01-19T13:29:44","modified_gmt":"2018-01-19T13:29:44","slug":"5-1-ecosistema-de-laudio-en-un-entorn-digital","status":"publish","type":"page","link":"http:\/\/disseny-test.uoc.edu\/materials\/prod-digital\/5-1-ecosistema-de-laudio-en-un-entorn-digital\/","title":{"rendered":"5.1. Ecosistema de l&#8217;\u00e0udio en un entorn digital"},"content":{"rendered":"<p>La veu, la m\u00fasica, els sons de la naturalesa, els sorolls de tot tipus s\u00f3n eines molt potents per a transmetre continguts, per\u00f2 cal emprar-les de manera acurada. Al contrari de la imatge, davant la qual podem desviar simplement la mirada i desapareix, el so \u00e9s molt m\u00e9s invasor, de manera que hem de ser molt m\u00e9s acurats a l\u2019hora d\u2019utilitzar-lo en un projecte transm\u00e8dia. Com ocorria amb la imatge, \u00e9s necessari primer que pensem minuciosament quin \u00e9s el missatge que volem transmetre, a quin p\u00fablic va dirigit, quin ser\u00e0 el mitj\u00e0 sobre el qual s\u2019organitzaran els sons i quin \u00e9s el model de negoci darrere el nostre projecte.<\/p>\n<p>Les q\u00fcestions t\u00e8cniques amb l\u2019\u00e0udio s\u00f3n realment importants. Una confer\u00e8ncia o podcast gravat a baixa resoluci\u00f3, amb soroll de fons i la veu del conferenciant que puja o baixa de volum en funci\u00f3 de si est\u00e0 m\u00e9s o menys a prop del micr\u00f2fon, s\u00f3n una f\u00f3rmula gaireb\u00e9 segura de perdre el nostre p\u00fablic. D\u2019aqu\u00ed la import\u00e0ncia de disposar de bon material d\u2019enregistrament i saber com utilitzar-lo. Tamb\u00e9 \u00e9s al nostre abast la possibilitat de generar sons sint\u00e8tics amb l\u2019ajuda de programari, i la capacitat de convertir dades i altres mitjans en so, de manera que podem crear des de projectes informatius fins a experiments art\u00edstics conceptuals.<\/p>\n<p>Per a editar, ens enfoquem en Audacity, que \u00e9s un programa lliure, molt f\u00e0cil d\u2019usar i amb moltes possibilitats, per\u00f2 tamb\u00e9 comentarem alternatives.<\/p>\n<p>Com en el cas de la imatge, disposem de xarxes socials especialitzades en tot tipus de sons i repositoris per a accedir a tot tipus de projectes d\u2019\u00e0udio i distribuir-los, encara que hem de treballar sempre des de par\u00e0metres respectuosos amb la propietat intel\u00b7lectual.<\/p>\n<p>Emocions, teories, experiments&#8230; El so \u00e9s un aliat molt poder\u00f3s per a explicar hist\u00f2ries i arribar a la nostra audi\u00e8ncia. Per a utilitzar-lo b\u00e9, \u00e9s necessari que coneguem amb cert detall els diferents formats d\u2019\u00e0udio disponibles i les seves caracter\u00edstiques.<\/p>\n<h4><strong>Comunicar amb \u00e0udio. Reptes a resoldre<\/strong><\/h4>\n<p>Tot el que expliquem sobre les imatges s\u2019aplica igual de b\u00e9 a l\u2019\u00e0udio. Que disposem d\u2019una fant\u00e0stica biblioteca d\u2019efectes de so \u2014o de bandes sonores lliures de drets\u2014 no significa que h\u00e0gim d\u2019incloure-les necess\u00e0riament en el nostre projecte transm\u00e8dia. Primer hem de preguntar-nos qu\u00e8 volem comunicar, a quin p\u00fablic ens volem dirigir, i pensar en quin mitj\u00e0 volem arribar al p\u00fablic.<\/p>\n<p>Tal com hem dit en parlar d\u2019imatges, la decisi\u00f3 que t\u00e9 m\u00e9s efecte en l\u2019elecci\u00f3 del format final \u00e9s el mitj\u00e0 amb qu\u00e8 arribarem al nostre p\u00fablic. El punt clau d\u2019aquesta decisi\u00f3 \u00e9s el treball fora de l\u00ednia enfront del treball en l\u00ednia. Si volem que el nostre projecte transm\u00e8dia amb \u00e0udio sigui descarregable des de la web, haurem d\u2019incloure algun tipus de compressi\u00f3 rellevant perqu\u00e8 la desc\u00e0rrega sigui senzilla. Si treballem fora de l\u00ednia, ser\u00e0 molt millor generar fitxers m\u00e9s pesants per\u00f2 que siguin al m\u00e9s fidels possible a l\u2019original.<\/p>\n<p>Insistim que la decisi\u00f3 del mitj\u00e0 no la pugueu prendre a\u00eflladament. \u00c9s una cosa que sorgeix de contestar les preguntes sobre quins continguts voleu alliberar i a quins p\u00fablic voleu arribar. Si el vostre objectiu \u00e9s crear una col\u00b7lecci\u00f3 de m\u00fasica cl\u00e0ssica d\u2019alta qualitat per a mel\u00f2mans exigents, el m\u00e9s raonable ser\u00e0 crear un projecte fora de l\u00ednia d\u2019alta definici\u00f3, encara que penseu que si la pugeu al vostre web arribareu a molta m\u00e9s gent.<\/p>\n<p>El model de negoci tamb\u00e9 \u00e9s rellevant sempre. Per no repetir-nos, donem per bo el que hem dit anteriorment de les imatges, i en l\u2019apartat dedicat al v\u00eddeo donarem m\u00e9s detalls del model econ\u00f2mic de finan\u00e7ament col\u00b7lectiu.<\/p>\n","protected":false},"excerpt":{"rendered":"<p>La veu, la m\u00fasica, els sons de la naturalesa, els sorolls de tot tipus s\u00f3n eines molt potents per a transmetre continguts, per\u00f2 cal emprar-les de manera acurada. Al contrari de la imatge, davant la qual podem desviar simplement la mirada i desapareix, el so \u00e9s molt m\u00e9s invasor, de manera que hem de ser [&hellip;]<\/p>\n","protected":false},"author":1,"featured_media":0,"parent":0,"menu_order":0,"comment_status":"closed","ping_status":"closed","template":"","meta":{"inline_featured_image":false},"acf":[],"_links":{"self":[{"href":"http:\/\/disseny-test.uoc.edu\/materials\/prod-digital\/wp-json\/wp\/v2\/pages\/306"}],"collection":[{"href":"http:\/\/disseny-test.uoc.edu\/materials\/prod-digital\/wp-json\/wp\/v2\/pages"}],"about":[{"href":"http:\/\/disseny-test.uoc.edu\/materials\/prod-digital\/wp-json\/wp\/v2\/types\/page"}],"author":[{"embeddable":true,"href":"http:\/\/disseny-test.uoc.edu\/materials\/prod-digital\/wp-json\/wp\/v2\/users\/1"}],"replies":[{"embeddable":true,"href":"http:\/\/disseny-test.uoc.edu\/materials\/prod-digital\/wp-json\/wp\/v2\/comments?post=306"}],"version-history":[{"count":1,"href":"http:\/\/disseny-test.uoc.edu\/materials\/prod-digital\/wp-json\/wp\/v2\/pages\/306\/revisions"}],"predecessor-version":[{"id":307,"href":"http:\/\/disseny-test.uoc.edu\/materials\/prod-digital\/wp-json\/wp\/v2\/pages\/306\/revisions\/307"}],"wp:attachment":[{"href":"http:\/\/disseny-test.uoc.edu\/materials\/prod-digital\/wp-json\/wp\/v2\/media?parent=306"}],"curies":[{"name":"wp","href":"https:\/\/api.w.org\/{rel}","templated":true}]}}