{"id":312,"date":"2018-01-19T13:35:28","date_gmt":"2018-01-19T13:35:28","guid":{"rendered":"http:\/\/disseny-test.uoc.edu\/materials\/prod-digital\/?page_id=312"},"modified":"2018-01-19T13:35:28","modified_gmt":"2018-01-19T13:35:28","slug":"5-2-3-wav","status":"publish","type":"page","link":"http:\/\/disseny-test.uoc.edu\/materials\/prod-digital\/5-2-3-wav\/","title":{"rendered":"5.2.3. WAV"},"content":{"rendered":"<div class=\"featured featured-blue\"><p><a href=\"javascript:void(0);\" class=\"tooltip\" data-toggle=\"popover\" data-placement=\"bottom\" data-content=\"WAV \u00e9s l\u2019abreviatura de <em>waveform audio format<\/em>, o format d\u2019\u00e0udio amb forma d\u2019ona.\" data-placement=\"top\" data-html=\"true\" ><strong>WAV<\/strong><\/a> \u00e9s un contenidor de dades d\u2019\u00e0udio obtingudes mitjan\u00e7ant diferents processos, encara que comunament l\u2019\u00e0udio que trobarem en un WAV ha sorgit d\u2019un proc\u00e9s de PCM.<\/p>\n<\/div>\n<p>\u00c9s un format propietari de Microsoft i IBM, per\u00f2 pot obrir-se sense problemes amb un ordinador amb OS X o Linux.<\/p>\n<p>WAV \u00e9s un format d\u2019\u00e0udio sense comprimir, \u00e9s a dir, mant\u00e9 tota la informaci\u00f3 i la qualitat de l\u2019\u00e0udio original. En no estar comprimit, genera fitxers molt pesants, de prop de 10 MB per minut de so. A causa de la manera en qu\u00e8 est\u00e0 desenvolupat, aquest format no permet crear fitxers de m\u00e9s de 6,6 hores de so.<\/p>\n<h4><strong>Quan cal usar WAV?<\/strong><\/h4>\n<p>Quan volem distribuir \u00e0udio fora de l\u00ednia amb qualitat professional, mantenint tots els matisos de l\u2019enregistrament original, com per exemple en crear un CD d\u2019\u00e0udio. De fet, podem crear en format WAV fitxers d\u2019\u00e0udio amb una qualitat m\u00e9s alta que la d\u2019un CD comercial.<\/p>\n<p>Per a gravar entrevistes, concerts, etc. amb una qualitat professional, el m\u00e9s recomanat \u00e9s gravar en WAV per a aix\u00ed tenir la millor qualitat possible i despr\u00e9s comprimir a algun altre format per a facilitar-ne la distribuci\u00f3.<\/p>\n<div class=\"featured featured-blue\"><p>No es recomana l\u2019\u00fas de WAV directament a internet en ser els fitxers massa pesants, ja que trigaran molt a carregar-se.<\/p>\n<\/div>\n<p>&nbsp;<\/p>\n","protected":false},"excerpt":{"rendered":"<p>\u00c9s un format propietari de Microsoft i IBM, per\u00f2 pot obrir-se sense problemes amb un ordinador amb OS X o Linux. WAV \u00e9s un format d\u2019\u00e0udio sense comprimir, \u00e9s a dir, mant\u00e9 tota la informaci\u00f3 i la qualitat de l\u2019\u00e0udio original. En no estar comprimit, genera fitxers molt pesants, de prop de 10 MB per [&hellip;]<\/p>\n","protected":false},"author":1,"featured_media":0,"parent":0,"menu_order":0,"comment_status":"closed","ping_status":"closed","template":"","meta":{"inline_featured_image":false},"acf":[],"_links":{"self":[{"href":"http:\/\/disseny-test.uoc.edu\/materials\/prod-digital\/wp-json\/wp\/v2\/pages\/312"}],"collection":[{"href":"http:\/\/disseny-test.uoc.edu\/materials\/prod-digital\/wp-json\/wp\/v2\/pages"}],"about":[{"href":"http:\/\/disseny-test.uoc.edu\/materials\/prod-digital\/wp-json\/wp\/v2\/types\/page"}],"author":[{"embeddable":true,"href":"http:\/\/disseny-test.uoc.edu\/materials\/prod-digital\/wp-json\/wp\/v2\/users\/1"}],"replies":[{"embeddable":true,"href":"http:\/\/disseny-test.uoc.edu\/materials\/prod-digital\/wp-json\/wp\/v2\/comments?post=312"}],"version-history":[{"count":1,"href":"http:\/\/disseny-test.uoc.edu\/materials\/prod-digital\/wp-json\/wp\/v2\/pages\/312\/revisions"}],"predecessor-version":[{"id":313,"href":"http:\/\/disseny-test.uoc.edu\/materials\/prod-digital\/wp-json\/wp\/v2\/pages\/312\/revisions\/313"}],"wp:attachment":[{"href":"http:\/\/disseny-test.uoc.edu\/materials\/prod-digital\/wp-json\/wp\/v2\/media?parent=312"}],"curies":[{"name":"wp","href":"https:\/\/api.w.org\/{rel}","templated":true}]}}