{"id":314,"date":"2018-01-19T13:37:22","date_gmt":"2018-01-19T13:37:22","guid":{"rendered":"http:\/\/disseny-test.uoc.edu\/materials\/prod-digital\/?page_id=314"},"modified":"2018-01-22T18:58:39","modified_gmt":"2018-01-22T18:58:39","slug":"5-2-4-flac","status":"publish","type":"page","link":"http:\/\/disseny-test.uoc.edu\/materials\/prod-digital\/5-2-4-flac\/","title":{"rendered":"5.2.4. FLAC"},"content":{"rendered":"<div class=\"featured featured-blue\"><p>Com el seu nom indica, <a href=\"javascript:void(0);\" class=\"tooltip\" data-toggle=\"popover\" data-placement=\"bottom\" data-content=\"FLAC \u00e9s la sigla de <em>Free Lossless Audio Codec<\/em>, \u00e9s a dir, c\u00f2dec d\u2019\u00e0udio lliure sense p\u00e8rdua.\" data-placement=\"top\" data-html=\"true\" ><strong>FLAC<\/strong><\/a><strong><a href=\"#_ftn1\" name=\"_ftnref1\"><\/a><\/strong> \u00e9s un format d\u2019\u00e0udio no propietari que comprimeix sons per\u00f2 sense que hi hagi p\u00e8rdua aparent de qualitat en el proc\u00e9s de compressi\u00f3.<\/p>\n<\/div>\n<p>Aix\u00ed, a difer\u00e8ncia de WAV, ocupa molt menys espai, \u00e9s capa\u00e7 de reduir la grand\u00e0ria original de l\u2019\u00e0udio fins al 60% sense perdre qualitat. I, per si aix\u00f2 no fos poc, no \u00e9s propietat de cap empresa, de manera que no estem obligats a pagar cap tipus de c\u00e0non pel seu \u00fas comercial.<\/p>\n<h4><strong>Quan cal usar FLAC?<\/strong><\/h4>\n<p>Una vegada gravat el nostre \u00e0udio amb la millor qualitat possible, podem utilitzar FLAC per a guardar una c\u00f2pia menys pesant en els nostres discos durs o per a distribuir-lo a usuaris que tinguin acc\u00e9s a FLAC.<\/p>\n<p>Un problema important amb FLAC \u00e9s que no \u00e9s un format acceptat a iTunes i iOS d\u2019Apple, i per tant cal usar el format propietari d\u2019aquesta empresa.<\/p>\n<p>M\u00e9s informaci\u00f3: <a href=\"http:\/\/disseny-test.uoc.edu\/materials\/prod-digital\/5-2-9-altres-formats\/\" target=\"_blank\" rel=\"noopener\">5.2.9 \u00abAltres formats\u00bb<\/a><\/p>\n<p>&nbsp;<\/p>\n","protected":false},"excerpt":{"rendered":"<p>Aix\u00ed, a difer\u00e8ncia de WAV, ocupa molt menys espai, \u00e9s capa\u00e7 de reduir la grand\u00e0ria original de l\u2019\u00e0udio fins al 60% sense perdre qualitat. I, per si aix\u00f2 no fos poc, no \u00e9s propietat de cap empresa, de manera que no estem obligats a pagar cap tipus de c\u00e0non pel seu \u00fas comercial. Quan cal [&hellip;]<\/p>\n","protected":false},"author":1,"featured_media":0,"parent":0,"menu_order":0,"comment_status":"closed","ping_status":"closed","template":"","meta":{"inline_featured_image":false},"acf":[],"_links":{"self":[{"href":"http:\/\/disseny-test.uoc.edu\/materials\/prod-digital\/wp-json\/wp\/v2\/pages\/314"}],"collection":[{"href":"http:\/\/disseny-test.uoc.edu\/materials\/prod-digital\/wp-json\/wp\/v2\/pages"}],"about":[{"href":"http:\/\/disseny-test.uoc.edu\/materials\/prod-digital\/wp-json\/wp\/v2\/types\/page"}],"author":[{"embeddable":true,"href":"http:\/\/disseny-test.uoc.edu\/materials\/prod-digital\/wp-json\/wp\/v2\/users\/1"}],"replies":[{"embeddable":true,"href":"http:\/\/disseny-test.uoc.edu\/materials\/prod-digital\/wp-json\/wp\/v2\/comments?post=314"}],"version-history":[{"count":2,"href":"http:\/\/disseny-test.uoc.edu\/materials\/prod-digital\/wp-json\/wp\/v2\/pages\/314\/revisions"}],"predecessor-version":[{"id":394,"href":"http:\/\/disseny-test.uoc.edu\/materials\/prod-digital\/wp-json\/wp\/v2\/pages\/314\/revisions\/394"}],"wp:attachment":[{"href":"http:\/\/disseny-test.uoc.edu\/materials\/prod-digital\/wp-json\/wp\/v2\/media?parent=314"}],"curies":[{"name":"wp","href":"https:\/\/api.w.org\/{rel}","templated":true}]}}