{"id":320,"date":"2018-01-19T13:44:14","date_gmt":"2018-01-19T13:44:14","guid":{"rendered":"http:\/\/disseny-test.uoc.edu\/materials\/prod-digital\/?page_id=320"},"modified":"2018-01-30T13:55:37","modified_gmt":"2018-01-30T13:55:37","slug":"5-2-7-aac","status":"publish","type":"page","link":"http:\/\/disseny-test.uoc.edu\/materials\/prod-digital\/5-2-7-aac\/","title":{"rendered":"5.2.7. AAC"},"content":{"rendered":"<p><a href=\"javascript:void(0);\" class=\"tooltip\" data-toggle=\"popover\" data-placement=\"bottom\" data-content=\"\u00c9s la sigla d\u2019<em>Advanced Audio Encoding<\/em>, o codificaci\u00f3 d\u2019\u00e0udio avan\u00e7ada.\" data-placement=\"top\" data-html=\"true\" ><strong>AAC<\/strong><\/a>\u00a0\u00e9s un format amb p\u00e8rdua com MP3, ofereix la mateixa qualitat d\u2019un MP3 per\u00f2 ocupa menys espai per fitxer en disposar d\u2019un algorisme de compressi\u00f3 molt m\u00e9s avan\u00e7at (d\u2019aqu\u00ed la primera A del nom).<\/p>\n<h4><strong>Quan cal usar AAC?<\/strong><\/h4>\n<p>AAC \u00e9s el format per defecte en plataformes digitals com YouTube i a Android. Tamb\u00e9 s\u2019usa molt freq\u00fcentment a iOS i podem trobar-lo en consoles de joc com la PlayStation.<\/p>\n<p>&nbsp;<\/p>\n","protected":false},"excerpt":{"rendered":"<p>\u00a0\u00e9s un format amb p\u00e8rdua com MP3, ofereix la mateixa qualitat d\u2019un MP3 per\u00f2 ocupa menys espai per fitxer en disposar d\u2019un algorisme de compressi\u00f3 molt m\u00e9s avan\u00e7at (d\u2019aqu\u00ed la primera A del nom). Quan cal usar AAC? AAC \u00e9s el format per defecte en plataformes digitals com YouTube i a Android. Tamb\u00e9 s\u2019usa molt [&hellip;]<\/p>\n","protected":false},"author":1,"featured_media":0,"parent":0,"menu_order":0,"comment_status":"closed","ping_status":"closed","template":"","meta":{"inline_featured_image":false},"acf":[],"_links":{"self":[{"href":"http:\/\/disseny-test.uoc.edu\/materials\/prod-digital\/wp-json\/wp\/v2\/pages\/320"}],"collection":[{"href":"http:\/\/disseny-test.uoc.edu\/materials\/prod-digital\/wp-json\/wp\/v2\/pages"}],"about":[{"href":"http:\/\/disseny-test.uoc.edu\/materials\/prod-digital\/wp-json\/wp\/v2\/types\/page"}],"author":[{"embeddable":true,"href":"http:\/\/disseny-test.uoc.edu\/materials\/prod-digital\/wp-json\/wp\/v2\/users\/1"}],"replies":[{"embeddable":true,"href":"http:\/\/disseny-test.uoc.edu\/materials\/prod-digital\/wp-json\/wp\/v2\/comments?post=320"}],"version-history":[{"count":2,"href":"http:\/\/disseny-test.uoc.edu\/materials\/prod-digital\/wp-json\/wp\/v2\/pages\/320\/revisions"}],"predecessor-version":[{"id":906,"href":"http:\/\/disseny-test.uoc.edu\/materials\/prod-digital\/wp-json\/wp\/v2\/pages\/320\/revisions\/906"}],"wp:attachment":[{"href":"http:\/\/disseny-test.uoc.edu\/materials\/prod-digital\/wp-json\/wp\/v2\/media?parent=320"}],"curies":[{"name":"wp","href":"https:\/\/api.w.org\/{rel}","templated":true}]}}