{"id":322,"date":"2018-01-19T13:45:55","date_gmt":"2018-01-19T13:45:55","guid":{"rendered":"http:\/\/disseny-test.uoc.edu\/materials\/prod-digital\/?page_id=322"},"modified":"2018-01-19T13:45:55","modified_gmt":"2018-01-19T13:45:55","slug":"5-2-8-wma","status":"publish","type":"page","link":"http:\/\/disseny-test.uoc.edu\/materials\/prod-digital\/5-2-8-wma\/","title":{"rendered":"5.2.8. WMA"},"content":{"rendered":"<div class=\"featured featured-blue\"><p><a href=\"javascript:void(0);\" class=\"tooltip\" data-toggle=\"popover\" data-placement=\"bottom\" data-content=\"\u00c9s la sigla de Windows Media Audio.\" data-placement=\"top\" data-html=\"true\" ><strong>WMA<\/strong><\/a><a href=\"#_ftn1\" name=\"_ftnref1\"><\/a> is un sistema amb p\u00e8rdua, similar a MP3 o ACC, per\u00f2 no est\u00e0 tan est\u00e8s i no \u00e9s tan eficient.<\/p>\n<\/div>\n<p>\u00c9s un format propietari de Microsoft pensat per al seu sistema operatiu Windows.<\/p>\n<h4><strong>Quan cal usar WMA?<\/strong><\/h4>\n<p>Per a un projecte centrat en usuaris de Windows en qu\u00e8 per algun motiu MP3 o ACC no siguin funcionals.<\/p>\n<p>&nbsp;<\/p>\n","protected":false},"excerpt":{"rendered":"<p>\u00c9s un format propietari de Microsoft pensat per al seu sistema operatiu Windows. Quan cal usar WMA? Per a un projecte centrat en usuaris de Windows en qu\u00e8 per algun motiu MP3 o ACC no siguin funcionals. &nbsp;<\/p>\n","protected":false},"author":1,"featured_media":0,"parent":0,"menu_order":0,"comment_status":"closed","ping_status":"closed","template":"","meta":{"inline_featured_image":false},"acf":[],"_links":{"self":[{"href":"http:\/\/disseny-test.uoc.edu\/materials\/prod-digital\/wp-json\/wp\/v2\/pages\/322"}],"collection":[{"href":"http:\/\/disseny-test.uoc.edu\/materials\/prod-digital\/wp-json\/wp\/v2\/pages"}],"about":[{"href":"http:\/\/disseny-test.uoc.edu\/materials\/prod-digital\/wp-json\/wp\/v2\/types\/page"}],"author":[{"embeddable":true,"href":"http:\/\/disseny-test.uoc.edu\/materials\/prod-digital\/wp-json\/wp\/v2\/users\/1"}],"replies":[{"embeddable":true,"href":"http:\/\/disseny-test.uoc.edu\/materials\/prod-digital\/wp-json\/wp\/v2\/comments?post=322"}],"version-history":[{"count":1,"href":"http:\/\/disseny-test.uoc.edu\/materials\/prod-digital\/wp-json\/wp\/v2\/pages\/322\/revisions"}],"predecessor-version":[{"id":323,"href":"http:\/\/disseny-test.uoc.edu\/materials\/prod-digital\/wp-json\/wp\/v2\/pages\/322\/revisions\/323"}],"wp:attachment":[{"href":"http:\/\/disseny-test.uoc.edu\/materials\/prod-digital\/wp-json\/wp\/v2\/media?parent=322"}],"curies":[{"name":"wp","href":"https:\/\/api.w.org\/{rel}","templated":true}]}}