{"id":324,"date":"2018-01-19T13:49:41","date_gmt":"2018-01-19T13:49:41","guid":{"rendered":"http:\/\/disseny-test.uoc.edu\/materials\/prod-digital\/?page_id=324"},"modified":"2018-01-30T18:57:45","modified_gmt":"2018-01-30T18:57:45","slug":"5-2-9-altres-formats","status":"publish","type":"page","link":"http:\/\/disseny-test.uoc.edu\/materials\/prod-digital\/5-2-9-altres-formats\/","title":{"rendered":"5.2.9. Altres formats"},"content":{"rendered":"<table>\n<tbody>\n<tr>\n<th width=\"20%\">AIFF<\/th>\n<td width=\"80%\">\u00c9s un format equivalent a WAV, amb les mateixes caracter\u00edstiques solament que \u00e9s propietat d\u2019Apple. Per defecte, un usuari d\u2019OS X es trobar\u00e0 amb fitxers AIFF quan generi \u00e0udios i un de Windows WAV, per\u00f2 un ordinador amb Windows pot obrir fitxers AIFF sense problemes.<\/td>\n<\/tr>\n<tr>\n<th><a href=\"javascript:void(0);\" class=\"tooltip\" data-toggle=\"popover\" data-placement=\"bottom\" data-content=\"Sigla d\u2019<em>Apple Losless Audio Code<\/em>, o c\u00f2dec d\u2019\u00e0udio d\u2019Apple sense p\u00e8rdua. Tamb\u00e9 el podem trobar esmentat com a <em>Apple Losless<\/em>.\" data-placement=\"top\" data-html=\"true\" >ALAC<\/a><\/th>\n<td>\u00c9s un format similar a FLAC per\u00f2 desenvolupat per Apple, no \u00e9s tan eficient com FLAC, genera fitxers una mica m\u00e9s pesants que el que ens donaria el c\u00f2dec lliure. \u00c9s el format per defecte a iTunes i iOS.<\/td>\n<\/tr>\n<tr>\n<th><a href=\"javascript:void(0);\" class=\"tooltip\" data-toggle=\"popover\" data-placement=\"bottom\" data-content=\"\u00c9s a dir, l\u2019\u00ab\u00e0udio del mico\u00bb.\" data-placement=\"top\" data-html=\"true\" >Monkey\u2019s Audio<\/a><\/th>\n<td>\u00c9s un sistema de compressi\u00f3 sense p\u00e8rdua molt potent, \u00e9s propietari i \u00e9s dif\u00edcil fer-lo funcionar fora de l\u2019entorn Windows, amb la qual cosa no \u00e9s una opci\u00f3 gaire recomanable.<\/td>\n<\/tr>\n<\/tbody>\n<\/table>\n","protected":false},"excerpt":{"rendered":"<p>AIFF \u00c9s un format equivalent a WAV, amb les mateixes caracter\u00edstiques solament que \u00e9s propietat d\u2019Apple. Per defecte, un usuari d\u2019OS X es trobar\u00e0 amb fitxers AIFF quan generi \u00e0udios i un de Windows WAV, per\u00f2 un ordinador amb Windows pot obrir fitxers AIFF sense problemes. \u00c9s un format similar a FLAC per\u00f2 desenvolupat per [&hellip;]<\/p>\n","protected":false},"author":1,"featured_media":0,"parent":0,"menu_order":0,"comment_status":"closed","ping_status":"closed","template":"","meta":{"inline_featured_image":false},"acf":[],"_links":{"self":[{"href":"http:\/\/disseny-test.uoc.edu\/materials\/prod-digital\/wp-json\/wp\/v2\/pages\/324"}],"collection":[{"href":"http:\/\/disseny-test.uoc.edu\/materials\/prod-digital\/wp-json\/wp\/v2\/pages"}],"about":[{"href":"http:\/\/disseny-test.uoc.edu\/materials\/prod-digital\/wp-json\/wp\/v2\/types\/page"}],"author":[{"embeddable":true,"href":"http:\/\/disseny-test.uoc.edu\/materials\/prod-digital\/wp-json\/wp\/v2\/users\/1"}],"replies":[{"embeddable":true,"href":"http:\/\/disseny-test.uoc.edu\/materials\/prod-digital\/wp-json\/wp\/v2\/comments?post=324"}],"version-history":[{"count":3,"href":"http:\/\/disseny-test.uoc.edu\/materials\/prod-digital\/wp-json\/wp\/v2\/pages\/324\/revisions"}],"predecessor-version":[{"id":1112,"href":"http:\/\/disseny-test.uoc.edu\/materials\/prod-digital\/wp-json\/wp\/v2\/pages\/324\/revisions\/1112"}],"wp:attachment":[{"href":"http:\/\/disseny-test.uoc.edu\/materials\/prod-digital\/wp-json\/wp\/v2\/media?parent=324"}],"curies":[{"name":"wp","href":"https:\/\/api.w.org\/{rel}","templated":true}]}}