{"id":327,"date":"2018-01-19T13:51:06","date_gmt":"2018-01-19T13:51:06","guid":{"rendered":"http:\/\/disseny-test.uoc.edu\/materials\/prod-digital\/?page_id=327"},"modified":"2018-01-19T13:51:06","modified_gmt":"2018-01-19T13:51:06","slug":"5-2-10-estereo-o-mono","status":"publish","type":"page","link":"http:\/\/disseny-test.uoc.edu\/materials\/prod-digital\/5-2-10-estereo-o-mono\/","title":{"rendered":"5.2.10. Est\u00e8reo o mono?"},"content":{"rendered":"<p>Com d\u00e8iem en la introducci\u00f3, l\u2019\u00e0udio no ofereix la possibilitat d\u2019una paleta de freq\u00fc\u00e8ncies redu\u00efda, per\u00f2 una opci\u00f3 senzilla que redueix de manera significativa la grand\u00e0ria d\u2019un fitxer d\u2019\u00e0udio \u00e9s gravar-lo en mono. De fet, quan generem un fitxer d\u2019\u00e0udio en est\u00e8reo estem generant en realitat dues pistes de l\u2019\u00e0udio. Si convertim el fitxer en mono eliminem una d\u2019aquestes pistes, i aix\u00ed l\u2019\u00e0udio es redueix el 50%.<\/p>\n<p>Pot semblar una heretgia o ganes de tornar al passat, gravar en mono, per\u00f2 si el nostre \u00e0udio cont\u00e9 b\u00e0sicament veus (una entrevista, un podcast) processar-lo com a est\u00e8reo no ofereix cap avantatge rellevant, i per tant podem exportar el nostre \u00e0udio com a mono sense problemes.<\/p>\n","protected":false},"excerpt":{"rendered":"<p>Com d\u00e8iem en la introducci\u00f3, l\u2019\u00e0udio no ofereix la possibilitat d\u2019una paleta de freq\u00fc\u00e8ncies redu\u00efda, per\u00f2 una opci\u00f3 senzilla que redueix de manera significativa la grand\u00e0ria d\u2019un fitxer d\u2019\u00e0udio \u00e9s gravar-lo en mono. De fet, quan generem un fitxer d\u2019\u00e0udio en est\u00e8reo estem generant en realitat dues pistes de l\u2019\u00e0udio. Si convertim el fitxer en [&hellip;]<\/p>\n","protected":false},"author":1,"featured_media":0,"parent":0,"menu_order":0,"comment_status":"closed","ping_status":"closed","template":"","meta":{"inline_featured_image":false},"acf":[],"_links":{"self":[{"href":"http:\/\/disseny-test.uoc.edu\/materials\/prod-digital\/wp-json\/wp\/v2\/pages\/327"}],"collection":[{"href":"http:\/\/disseny-test.uoc.edu\/materials\/prod-digital\/wp-json\/wp\/v2\/pages"}],"about":[{"href":"http:\/\/disseny-test.uoc.edu\/materials\/prod-digital\/wp-json\/wp\/v2\/types\/page"}],"author":[{"embeddable":true,"href":"http:\/\/disseny-test.uoc.edu\/materials\/prod-digital\/wp-json\/wp\/v2\/users\/1"}],"replies":[{"embeddable":true,"href":"http:\/\/disseny-test.uoc.edu\/materials\/prod-digital\/wp-json\/wp\/v2\/comments?post=327"}],"version-history":[{"count":1,"href":"http:\/\/disseny-test.uoc.edu\/materials\/prod-digital\/wp-json\/wp\/v2\/pages\/327\/revisions"}],"predecessor-version":[{"id":328,"href":"http:\/\/disseny-test.uoc.edu\/materials\/prod-digital\/wp-json\/wp\/v2\/pages\/327\/revisions\/328"}],"wp:attachment":[{"href":"http:\/\/disseny-test.uoc.edu\/materials\/prod-digital\/wp-json\/wp\/v2\/media?parent=327"}],"curies":[{"name":"wp","href":"https:\/\/api.w.org\/{rel}","templated":true}]}}