{"id":329,"date":"2018-01-19T13:51:38","date_gmt":"2018-01-19T13:51:38","guid":{"rendered":"http:\/\/disseny-test.uoc.edu\/materials\/prod-digital\/?page_id=329"},"modified":"2018-01-19T13:51:38","modified_gmt":"2018-01-19T13:51:38","slug":"5-2-11-resum-quin-format-daudio-hauria-dusar","status":"publish","type":"page","link":"http:\/\/disseny-test.uoc.edu\/materials\/prod-digital\/5-2-11-resum-quin-format-daudio-hauria-dusar\/","title":{"rendered":"5.2.11. Resum: quin format d&#8217;\u00e0udio hauria d&#8217;usar?"},"content":{"rendered":"<p>A l\u2019hora de capturar \u00e0udio, el millor \u00e9s treballar sempre en un format sense compressi\u00f3, WAV o AIFF en funci\u00f3 de la plataforma en qu\u00e8 estiguem treballant.<\/p>\n<p>Tal com explic\u00e0vem quan parl\u00e0vem d\u2019imatges, la compressi\u00f3 cal fer-la solament una vegada, quan h\u00e0gim acabat tots els retocs necessaris en el nostre projecte. Cada vegada que comprimim un fitxer perdrem alguna dada pel cam\u00ed.<\/p>\n<p>Si el nostre pla \u00e9s distribuir l\u2019\u00e0udio fora de l\u00ednia, el millor \u00e9s utilitzar un format de compressi\u00f3 sense p\u00e8rdua, com FLAC.<\/p>\n<p>Si el nostre \u00e0udio estar\u00e0 a internet per a ser descarregat, la nostra primera recomanaci\u00f3 \u00e9s intentar treballar en un entorn que faciliti l\u2019\u00fas d\u2019Ogg Vorbis. Si aix\u00f2 no \u00e9s possible, o volem que el nostre fitxer circuli per tot tipus de plataformes possibles, el millor ser\u00e0 convertir-lo a MP3.<\/p>\n","protected":false},"excerpt":{"rendered":"<p>A l\u2019hora de capturar \u00e0udio, el millor \u00e9s treballar sempre en un format sense compressi\u00f3, WAV o AIFF en funci\u00f3 de la plataforma en qu\u00e8 estiguem treballant. Tal com explic\u00e0vem quan parl\u00e0vem d\u2019imatges, la compressi\u00f3 cal fer-la solament una vegada, quan h\u00e0gim acabat tots els retocs necessaris en el nostre projecte. Cada vegada que comprimim [&hellip;]<\/p>\n","protected":false},"author":1,"featured_media":0,"parent":0,"menu_order":0,"comment_status":"closed","ping_status":"closed","template":"","meta":{"inline_featured_image":false},"acf":[],"_links":{"self":[{"href":"http:\/\/disseny-test.uoc.edu\/materials\/prod-digital\/wp-json\/wp\/v2\/pages\/329"}],"collection":[{"href":"http:\/\/disseny-test.uoc.edu\/materials\/prod-digital\/wp-json\/wp\/v2\/pages"}],"about":[{"href":"http:\/\/disseny-test.uoc.edu\/materials\/prod-digital\/wp-json\/wp\/v2\/types\/page"}],"author":[{"embeddable":true,"href":"http:\/\/disseny-test.uoc.edu\/materials\/prod-digital\/wp-json\/wp\/v2\/users\/1"}],"replies":[{"embeddable":true,"href":"http:\/\/disseny-test.uoc.edu\/materials\/prod-digital\/wp-json\/wp\/v2\/comments?post=329"}],"version-history":[{"count":1,"href":"http:\/\/disseny-test.uoc.edu\/materials\/prod-digital\/wp-json\/wp\/v2\/pages\/329\/revisions"}],"predecessor-version":[{"id":330,"href":"http:\/\/disseny-test.uoc.edu\/materials\/prod-digital\/wp-json\/wp\/v2\/pages\/329\/revisions\/330"}],"wp:attachment":[{"href":"http:\/\/disseny-test.uoc.edu\/materials\/prod-digital\/wp-json\/wp\/v2\/media?parent=329"}],"curies":[{"name":"wp","href":"https:\/\/api.w.org\/{rel}","templated":true}]}}