{"id":333,"date":"2018-01-19T13:54:22","date_gmt":"2018-01-19T13:54:22","guid":{"rendered":"http:\/\/disseny-test.uoc.edu\/materials\/prod-digital\/?page_id=333"},"modified":"2018-01-30T13:57:48","modified_gmt":"2018-01-30T13:57:48","slug":"5-3-2-sintesi-electronica-de-sons","status":"publish","type":"page","link":"http:\/\/disseny-test.uoc.edu\/materials\/prod-digital\/5-3-2-sintesi-electronica-de-sons\/","title":{"rendered":"5.3.2. S\u00edntesi electr\u00f2nica de sons"},"content":{"rendered":"<div class=\"featured featured-blue\"><p>Encara que l\u2019associem exclusivament a la m\u00fasica, un <strong>sintetitzador<\/strong> \u00e9s una eina per a crear sons de manera artificial.<\/p>\n<\/div>\n<p>El m\u00f3n dels sintetitzadors \u00e9s enorme: aparells anal\u00f2gics i digitals, simuladors en programari de sintetitzadors f\u00edsics, llenguatges de programaci\u00f3 que permeten la s\u00edntesi autom\u00e0tica de sons. Deixem el m\u00f3n del maquinari, que s\u2019escapa dels objectius d\u2019aquest curs, i us comentem alguns recursos digitals:<\/p>\n<ul>\n<li><strong>Pro Tools<\/strong>. \u00c9s una impressionant eina professional que ofereix tot el que necessiteu per a generar i editar sons. \u00c9s un programari molt m\u00e9s complex i sofisticat que Audacity, i de fet \u00e9s tota una estaci\u00f3 de treball d\u2019\u00e0udio digital que pot funcionar com un estudi d\u2019enregistrament professional. El seu sistema de s\u00edntesi de so \u00e9s especialment reconegut, i \u00e9s la manera m\u00e9s professional de generar sons. Est\u00e0 disponible tant en Windows com en Apple.<\/li>\n<li><strong>Ableton Live<\/strong>. Aquest programa \u00e9s l\u2019alternativa a Pro Tools i ofereix nivells similars de possibilitats i professionalitat. Tamb\u00e9 ofereix un excel\u00b7lent sistema de s\u00edntesi de sons. Est\u00e0 disponible per als sistemes de Microsoft i Apple.<\/li>\n<\/ul>\n<p>Pro Tools i Ableton s\u00f3n els programes professionals, per\u00f2 si el que voleu \u00e9s simplement jugar una mica amb un sintetitzador i generar sons curiosos per a afegir al vostre podcast o un altre projecte transm\u00e8dia, \u00e9s molt m\u00e9s divertit i senzill aconseguir un sintetitzador virtual i jugar-hi una estona.<\/p>\n<p>Una bona part \u2014els millors\u2014 dels sintetitzadors virtuals actuals s\u00f3n connectors associats a la tecnologia digital <strong>Virtual Studio Technology<\/strong>, normalment referenciada per la sigla VST. Ableton pot llegir aquests connectors sense problemes, per\u00f2 tamb\u00e9 hi ha programari lliure. Un bon candidat \u00e9s <a href=\"http:\/\/ardour.org\" target=\"_blank\" rel=\"noopener\"><strong>Ardour<\/strong><\/a>, disponible en les tres plataformes. Per als qui saben programar, \u00e9s possible tamb\u00e9 baixar-se el codi font.<\/p>\n<p>Tamb\u00e9 hi ha, en format Windows i Mac, <a href=\"http:\/\/www.niallmoody.com\/apps\/pedalboard2\" target=\"_blank\" rel=\"noopener\"><strong>Pedalboard 2<\/strong><\/a>, un sistema visual de programaci\u00f3 per a usar la tecnologia VST.<\/p>\n<p>Una vegada tingueu algun programa VST capa\u00e7 de llegir els connectors de sintetitzadors, en l\u2019article \u00ab<a href=\"http:\/\/www.futuremusic-es.com\/los-25-mejores-sintes-virtuales-gratis-vst-y-audio-units-para-pc-y-mac\/\" target=\"_blank\" rel=\"noopener\">Los 25 mejores sintes virtuales gratis VST y Audio Units para PC y Mac<\/a>\u00bb de la revista <em>Future Music<\/em> trobareu la llista dels millors sintetitzadors virtuals.<\/p>\n<p>Si us fa mandra tanta instal\u00b7laci\u00f3 o solament voleu explorar una mica, una alternativa m\u00e9s senzilla \u00e9s <a href=\"https:\/\/chrome.google.com\/webstore\/detail\/audiotool\/bkgoccjhfjgjedhkiefaclppgbmoobnk\" target=\"_blank\" rel=\"noopener\"><strong>AudioTools<\/strong><\/a>, un connector per a Chrome que s\u2019instal\u00b7la en un clic i permet disposar d\u2019una estaci\u00f3 d\u2019\u00e0udio digital amb moltes possibilitats de s\u00edntesi de so en el vostre navegador.<\/p>\n","protected":false},"excerpt":{"rendered":"<p>El m\u00f3n dels sintetitzadors \u00e9s enorme: aparells anal\u00f2gics i digitals, simuladors en programari de sintetitzadors f\u00edsics, llenguatges de programaci\u00f3 que permeten la s\u00edntesi autom\u00e0tica de sons. Deixem el m\u00f3n del maquinari, que s\u2019escapa dels objectius d\u2019aquest curs, i us comentem alguns recursos digitals: Pro Tools. \u00c9s una impressionant eina professional que ofereix tot el que [&hellip;]<\/p>\n","protected":false},"author":1,"featured_media":0,"parent":0,"menu_order":0,"comment_status":"closed","ping_status":"closed","template":"","meta":{"inline_featured_image":false},"acf":[],"_links":{"self":[{"href":"http:\/\/disseny-test.uoc.edu\/materials\/prod-digital\/wp-json\/wp\/v2\/pages\/333"}],"collection":[{"href":"http:\/\/disseny-test.uoc.edu\/materials\/prod-digital\/wp-json\/wp\/v2\/pages"}],"about":[{"href":"http:\/\/disseny-test.uoc.edu\/materials\/prod-digital\/wp-json\/wp\/v2\/types\/page"}],"author":[{"embeddable":true,"href":"http:\/\/disseny-test.uoc.edu\/materials\/prod-digital\/wp-json\/wp\/v2\/users\/1"}],"replies":[{"embeddable":true,"href":"http:\/\/disseny-test.uoc.edu\/materials\/prod-digital\/wp-json\/wp\/v2\/comments?post=333"}],"version-history":[{"count":2,"href":"http:\/\/disseny-test.uoc.edu\/materials\/prod-digital\/wp-json\/wp\/v2\/pages\/333\/revisions"}],"predecessor-version":[{"id":907,"href":"http:\/\/disseny-test.uoc.edu\/materials\/prod-digital\/wp-json\/wp\/v2\/pages\/333\/revisions\/907"}],"wp:attachment":[{"href":"http:\/\/disseny-test.uoc.edu\/materials\/prod-digital\/wp-json\/wp\/v2\/media?parent=333"}],"curies":[{"name":"wp","href":"https:\/\/api.w.org\/{rel}","templated":true}]}}