{"id":335,"date":"2018-01-19T13:57:18","date_gmt":"2018-01-19T13:57:18","guid":{"rendered":"http:\/\/disseny-test.uoc.edu\/materials\/prod-digital\/?page_id=335"},"modified":"2018-01-30T18:59:00","modified_gmt":"2018-01-30T18:59:00","slug":"5-3-3-convertidors","status":"publish","type":"page","link":"http:\/\/disseny-test.uoc.edu\/materials\/prod-digital\/5-3-3-convertidors\/","title":{"rendered":"5.3.3. Convertidors"},"content":{"rendered":"<table>\n<tbody>\n<tr>\n<th width=\"20%\">\u00a0<a href=\"http:\/\/www.nch.com.au\/switch\/es\/index.html\" target=\"_blank\" rel=\"noopener\"><strong>Switch<\/strong><\/a><\/th>\n<td width=\"80%\">\u00a0\u00c9s un excel\u00b7lent convertidor d\u2019\u00e0udio per a Mac capa\u00e7 de transformar el so obtingut amb la vostra gravadora digital a qualsevol dels formats que hem explicat en l\u2019apartat\u00a0 anterior i algun m\u00e9s. Est\u00e0 disponible solament per a maquinari d\u2019Apple.<\/td>\n<\/tr>\n<tr>\n<th>\u00a0<a href=\"https:\/\/www.freac.org\" target=\"_blank\" rel=\"noopener\"><strong>fre:ac Free Audio Converter<\/strong><\/a><\/th>\n<td>Aquest convertidor d\u2019\u00e0udio funciona per a totes les plataformes i a m\u00e9s \u00e9s gratu\u00eft. No cobreix tots els formats que domina Switch, per\u00f2 podeu passar el vostre \u00e0udio a MP3, MP4\/M4A, WMA, Ogg Vorbis, FLAC i AAC, que \u00e9s m\u00e9s que suficient.<\/td>\n<\/tr>\n<\/tbody>\n<\/table>\n","protected":false},"excerpt":{"rendered":"<p>\u00a0Switch \u00a0\u00c9s un excel\u00b7lent convertidor d\u2019\u00e0udio per a Mac capa\u00e7 de transformar el so obtingut amb la vostra gravadora digital a qualsevol dels formats que hem explicat en l\u2019apartat\u00a0 anterior i algun m\u00e9s. Est\u00e0 disponible solament per a maquinari d\u2019Apple. \u00a0fre:ac Free Audio Converter Aquest convertidor d\u2019\u00e0udio funciona per a totes les plataformes i a [&hellip;]<\/p>\n","protected":false},"author":1,"featured_media":0,"parent":0,"menu_order":0,"comment_status":"closed","ping_status":"closed","template":"","meta":{"inline_featured_image":false},"acf":[],"_links":{"self":[{"href":"http:\/\/disseny-test.uoc.edu\/materials\/prod-digital\/wp-json\/wp\/v2\/pages\/335"}],"collection":[{"href":"http:\/\/disseny-test.uoc.edu\/materials\/prod-digital\/wp-json\/wp\/v2\/pages"}],"about":[{"href":"http:\/\/disseny-test.uoc.edu\/materials\/prod-digital\/wp-json\/wp\/v2\/types\/page"}],"author":[{"embeddable":true,"href":"http:\/\/disseny-test.uoc.edu\/materials\/prod-digital\/wp-json\/wp\/v2\/users\/1"}],"replies":[{"embeddable":true,"href":"http:\/\/disseny-test.uoc.edu\/materials\/prod-digital\/wp-json\/wp\/v2\/comments?post=335"}],"version-history":[{"count":2,"href":"http:\/\/disseny-test.uoc.edu\/materials\/prod-digital\/wp-json\/wp\/v2\/pages\/335\/revisions"}],"predecessor-version":[{"id":1114,"href":"http:\/\/disseny-test.uoc.edu\/materials\/prod-digital\/wp-json\/wp\/v2\/pages\/335\/revisions\/1114"}],"wp:attachment":[{"href":"http:\/\/disseny-test.uoc.edu\/materials\/prod-digital\/wp-json\/wp\/v2\/media?parent=335"}],"curies":[{"name":"wp","href":"https:\/\/api.w.org\/{rel}","templated":true}]}}