{"id":337,"date":"2018-01-19T13:59:57","date_gmt":"2018-01-19T13:59:57","guid":{"rendered":"http:\/\/disseny-test.uoc.edu\/materials\/prod-digital\/?page_id=337"},"modified":"2018-01-19T13:59:57","modified_gmt":"2018-01-19T13:59:57","slug":"5-3-4-transduccio","status":"publish","type":"page","link":"http:\/\/disseny-test.uoc.edu\/materials\/prod-digital\/5-3-4-transduccio\/","title":{"rendered":"5.3.4. Transducci\u00f3"},"content":{"rendered":"<div class=\"featured featured-blue\"><p><strong>Transducci\u00f3<\/strong> \u00e9s el proc\u00e9s, fisicomatem\u00e0tic primer i digital despr\u00e9s, de convertir en \u00e0udio informaci\u00f3 que originalment no era so.<\/p>\n<\/div>\n<p>Per exemple, podem associar una freq\u00fc\u00e8ncia de so a un color (el vermell \u00e9s un do, el verd \u00e9s un fa, etc.) i escoltar una foto. Originalment, el terme tenia un significat m\u00e9s t\u00e8cnic que es referia a la q\u00fcesti\u00f3 d\u2019enginyeria de com convertir dades \u2014en una cinta magn\u00e8tica, en un disc de vinil, etc.\u2014 en canvis en un camp electromagn\u00e8tic que facin vibrar uns altaveus i puguem escoltar el so.<\/p>\n<p>Aqu\u00ed l\u2019utilitzem en el sentit m\u00e9s art\u00edstic i infogr\u00e0fic de buscar alguna informaci\u00f3 senzilla que canvi\u00ef de manera gradual en el temps i convertir-la en so per aix\u00ed percebre-la d\u2019una altra manera. Aix\u00ed, podem convertir en so les \u00f2rbites dels planetes, l\u2019evoluci\u00f3 de l\u2019IBEX 35, la reducci\u00f3 dels casquets polars i qualsevol altra magnitud que tingui sentit convertir en so de manera que no es converteixi l\u2019\u00e0udio en un simple soroll blanc.<\/p>\n<p>Fer una bona transducci\u00f3 \u00e9s una tasca complicada, que implicar\u00e0 con\u00e8ixer detalladament la tem\u00e0tica que volem transduir \u2014seria absurd intentar convertir en so dades de la borsa si no tenim idea sobre com funciona i qu\u00e8 signifiquen els canvis\u2014 i una mica de programaci\u00f3.<\/p>\n<p>Si voleu explorar el m\u00f3n de la transducci\u00f3, la millor opci\u00f3 ara mateix \u00e9s <a href=\"http:\/\/supercollider.github.io\/\" target=\"_blank\" rel=\"noopener\"><strong>SuperCollider<\/strong><\/a>, un entorn de programaci\u00f3 pensat espec\u00edficament per a l\u2019art sonor amb el qual una bona part de les funcions necess\u00e0ries per a crear transduccions ja estan automatitzades.<\/p>\n<p>En el <a href=\"http:\/\/swiki.hfbk-hamburg.de:8888\/MusicTechnology\/6\" target=\"_blank\" rel=\"noopener\">SuperCollider Swiki<\/a> teniu un tutorial oficial sobre com funciona l\u2019entorn de programaci\u00f3, i en <a href=\"http:\/\/doc.sccode.org\/\" target=\"_blank\" rel=\"noopener\">SuperCollider 3.9dev<\/a> la documentaci\u00f3 detallada.<\/p>\n","protected":false},"excerpt":{"rendered":"<p>Per exemple, podem associar una freq\u00fc\u00e8ncia de so a un color (el vermell \u00e9s un do, el verd \u00e9s un fa, etc.) i escoltar una foto. Originalment, el terme tenia un significat m\u00e9s t\u00e8cnic que es referia a la q\u00fcesti\u00f3 d\u2019enginyeria de com convertir dades \u2014en una cinta magn\u00e8tica, en un disc de vinil, etc.\u2014 [&hellip;]<\/p>\n","protected":false},"author":1,"featured_media":0,"parent":0,"menu_order":0,"comment_status":"closed","ping_status":"closed","template":"","meta":{"inline_featured_image":false},"acf":[],"_links":{"self":[{"href":"http:\/\/disseny-test.uoc.edu\/materials\/prod-digital\/wp-json\/wp\/v2\/pages\/337"}],"collection":[{"href":"http:\/\/disseny-test.uoc.edu\/materials\/prod-digital\/wp-json\/wp\/v2\/pages"}],"about":[{"href":"http:\/\/disseny-test.uoc.edu\/materials\/prod-digital\/wp-json\/wp\/v2\/types\/page"}],"author":[{"embeddable":true,"href":"http:\/\/disseny-test.uoc.edu\/materials\/prod-digital\/wp-json\/wp\/v2\/users\/1"}],"replies":[{"embeddable":true,"href":"http:\/\/disseny-test.uoc.edu\/materials\/prod-digital\/wp-json\/wp\/v2\/comments?post=337"}],"version-history":[{"count":1,"href":"http:\/\/disseny-test.uoc.edu\/materials\/prod-digital\/wp-json\/wp\/v2\/pages\/337\/revisions"}],"predecessor-version":[{"id":338,"href":"http:\/\/disseny-test.uoc.edu\/materials\/prod-digital\/wp-json\/wp\/v2\/pages\/337\/revisions\/338"}],"wp:attachment":[{"href":"http:\/\/disseny-test.uoc.edu\/materials\/prod-digital\/wp-json\/wp\/v2\/media?parent=337"}],"curies":[{"name":"wp","href":"https:\/\/api.w.org\/{rel}","templated":true}]}}