{"id":339,"date":"2018-01-19T14:01:12","date_gmt":"2018-01-19T14:01:12","guid":{"rendered":"http:\/\/disseny-test.uoc.edu\/materials\/prod-digital\/?page_id=339"},"modified":"2018-01-30T13:58:18","modified_gmt":"2018-01-30T13:58:18","slug":"5-3-5-sonificacio","status":"publish","type":"page","link":"http:\/\/disseny-test.uoc.edu\/materials\/prod-digital\/5-3-5-sonificacio\/","title":{"rendered":"5.3.5. Sonificaci\u00f3"},"content":{"rendered":"<div class=\"featured featured-blue\"><\/p>\n<p>En la<strong> sonificaci\u00f3<\/strong> el que fem \u00e9s prendre ones que no s\u00f3n audibles per als humans i transformar-les perqu\u00e8 puguin ser escoltades per una persona.<\/p>\n<p>\n<\/div>\n<p>\u00c9s un proc\u00e9s b\u00e0sicament matem\u00e0tic de canviar freq\u00fc\u00e8ncies i\/o amplitud d\u2019ones per aix\u00ed poder escoltar el radar d\u2019una ratapinyada o les ones d\u2019un terratr\u00e8mol. Observa que no diem escoltar els efectes d\u2019un terratr\u00e8mol, cosa que aconseguir\u00edem simplement gravant amb un micr\u00f2fon els sorolls provocats pel terratr\u00e8mol, sin\u00f3 escoltar les ones del terratr\u00e8mol, \u00e9s a dir, convertir les ones que capta un sism\u00f2graf en so que puguem sentir.<\/p>\n<p>Igual que la transducci\u00f3, no \u00e9s un proc\u00e9s que un pugui generar autom\u00e0ticament, sin\u00f3 que es necessita saber de la mat\u00e8ria a sonificar i una mica de programaci\u00f3.<\/p>\n<p><strong>SuperCollider<\/strong> ofereix funcions espec\u00edfiques que fan la tasca de sonificaci\u00f3 relativament senzilla si un t\u00e9 nocions de programaci\u00f3.<\/p>\n<p>Si no voleu complicar-vos la vida amb un entorn de programaci\u00f3, una alternativa senzilla \u00e9s <a href=\"http:\/\/musicalgorithms.ewu.edu\/algorithms.html\" target=\"_blank\" rel=\"noopener\"><strong>Musical Algorithms<\/strong><\/a>, una web interactiva que ofereix la possibilitat de convertir diversos nombres i dades en m\u00fasica. Una de les seves opcions us permet pujar els nombres que vulgueu i, amb uns pocs clics, convertir-los en m\u00fasica.<\/p>\n","protected":false},"excerpt":{"rendered":"<p>\u00c9s un proc\u00e9s b\u00e0sicament matem\u00e0tic de canviar freq\u00fc\u00e8ncies i\/o amplitud d\u2019ones per aix\u00ed poder escoltar el radar d\u2019una ratapinyada o les ones d\u2019un terratr\u00e8mol. Observa que no diem escoltar els efectes d\u2019un terratr\u00e8mol, cosa que aconseguir\u00edem simplement gravant amb un micr\u00f2fon els sorolls provocats pel terratr\u00e8mol, sin\u00f3 escoltar les ones del terratr\u00e8mol, \u00e9s a dir, [&hellip;]<\/p>\n","protected":false},"author":1,"featured_media":0,"parent":0,"menu_order":0,"comment_status":"closed","ping_status":"closed","template":"","meta":{"inline_featured_image":false},"acf":[],"_links":{"self":[{"href":"http:\/\/disseny-test.uoc.edu\/materials\/prod-digital\/wp-json\/wp\/v2\/pages\/339"}],"collection":[{"href":"http:\/\/disseny-test.uoc.edu\/materials\/prod-digital\/wp-json\/wp\/v2\/pages"}],"about":[{"href":"http:\/\/disseny-test.uoc.edu\/materials\/prod-digital\/wp-json\/wp\/v2\/types\/page"}],"author":[{"embeddable":true,"href":"http:\/\/disseny-test.uoc.edu\/materials\/prod-digital\/wp-json\/wp\/v2\/users\/1"}],"replies":[{"embeddable":true,"href":"http:\/\/disseny-test.uoc.edu\/materials\/prod-digital\/wp-json\/wp\/v2\/comments?post=339"}],"version-history":[{"count":3,"href":"http:\/\/disseny-test.uoc.edu\/materials\/prod-digital\/wp-json\/wp\/v2\/pages\/339\/revisions"}],"predecessor-version":[{"id":908,"href":"http:\/\/disseny-test.uoc.edu\/materials\/prod-digital\/wp-json\/wp\/v2\/pages\/339\/revisions\/908"}],"wp:attachment":[{"href":"http:\/\/disseny-test.uoc.edu\/materials\/prod-digital\/wp-json\/wp\/v2\/media?parent=339"}],"curies":[{"name":"wp","href":"https:\/\/api.w.org\/{rel}","templated":true}]}}