{"id":341,"date":"2018-01-19T14:06:16","date_gmt":"2018-01-19T14:06:16","guid":{"rendered":"http:\/\/disseny-test.uoc.edu\/materials\/prod-digital\/?page_id=341"},"modified":"2018-01-30T18:59:56","modified_gmt":"2018-01-30T18:59:56","slug":"5-4-1-repositoris","status":"publish","type":"page","link":"http:\/\/disseny-test.uoc.edu\/materials\/prod-digital\/5-4-1-repositoris\/","title":{"rendered":"5.4.1. Repositoris"},"content":{"rendered":"<table>\n<tbody>\n<tr>\n<th width=\"20%\"><a href=\"https:\/\/soundcloud.com\/search\/sounds?q%5Bcc_licensed%5D=true\" target=\"_blank\" rel=\"noopener\"><strong>Cercador de SoundCloud<\/strong><\/a><\/th>\n<td width=\"80%\">SoundCloud \u00e9s, en el moment d\u2019escriure aquestes l\u00ednies, la base de dades m\u00e9s rellevant d\u2019\u00e0udio. M\u00fasics, podc\u00e0sters, col\u00b7leccionistes de sons, cient\u00edfics, ag\u00e8ncies governamentals usen SoundCloud per a emmagatzemar i distribuir els seus sons. Diem \u00aben el moment d\u2019escriure aquestes l\u00ednies\u00bb, ja que a l\u2019estiu del 2017 hi va\u00a0 haver rumors insistents que podria tancar per falta de finan\u00e7ament i res no indica que no pugui tornar a passar una altra vegada.<\/p>\n<p>SoundCloud inclou un cercador que us facilita la tasca de localitzar el so que cerqueu i us permet tamb\u00e9 localitzar material lliure de drets per a evitar-vos violacions de propietat intel\u00b7lectual.<\/td>\n<\/tr>\n<tr>\n<th><a href=\"http:\/\/freesound.org\/browse\/\" target=\"_blank\" rel=\"noopener\"><strong>Freesound<\/strong><\/a>&nbsp;<\/th>\n<td>Freesound \u00e9s una fascinant base de dades amb sons de tot tipus. \u00c9s el resultat d\u2019un projecte col\u00b7laboratiu en qu\u00e8 els usuaris pugen els seus \u00e0udios i els etiqueten en un sistema de folksonomia amb qu\u00e8 podeu trobar sons molt espec\u00edfics, des de sons de la naturalesa com gu\u00e8isers o grills fins a la sirena d\u2019una ambul\u00e0ncia o un helic\u00f2pter que s\u2019enlaira.<\/td>\n<\/tr>\n<tr>\n<th>\u00a0<strong><a href=\"http:\/\/mccoyproductions.net\/free-music-for-videos\/\" target=\"_blank\" rel=\"noopener\">McCoy<\/a>, cercador de m\u00fasica lliure <\/strong><strong><br \/>\nper als nostres projectes<\/strong><\/th>\n<td>McCoy Productions llista m\u00e9s de trenta recursos en qu\u00e8 un pot descarregar-se de manera gratu\u00efta m\u00fasica per a acompanyar el nostre projecte transm\u00e8dia, efectes de so, etc. Tamb\u00e9 inclou una descripci\u00f3 sistem\u00e0tica dels diferents tipus de llic\u00e8ncies que un pot trobar-se a l\u2019hora de descarregar sons.<\/td>\n<\/tr>\n<tr>\n<th>\u00a0<a href=\"https:\/\/www.jamendo.com\/explore\" target=\"_blank\" rel=\"noopener\"><strong>Jamendo<\/strong><\/a><\/th>\n<td>Jamendo \u00e9s una ampl\u00edssima biblioteca de m\u00fasica lliure, organitzada per estils musicals.<\/td>\n<\/tr>\n<tr>\n<th>\u00a0<a href=\"https:\/\/www.dvidshub.net\/search?filter%5Btype%5D=\u00e0udio\" target=\"_blank\" rel=\"noopener\"><strong>Base de dades del Departament <\/strong><strong><br \/>\nde Defensa dels Estats Units<\/strong><\/a><\/th>\n<td>Una quantitat impressionant de sons, inclosos els de la NASA per si algun dia voleu incloure el compte enrere de l\u2019Apol\u00b7lo XI en el vostre projecte.<\/td>\n<\/tr>\n<\/tbody>\n<\/table>\n","protected":false},"excerpt":{"rendered":"<p>Cercador de SoundCloud SoundCloud \u00e9s, en el moment d\u2019escriure aquestes l\u00ednies, la base de dades m\u00e9s rellevant d\u2019\u00e0udio. M\u00fasics, podc\u00e0sters, col\u00b7leccionistes de sons, cient\u00edfics, ag\u00e8ncies governamentals usen SoundCloud per a emmagatzemar i distribuir els seus sons. Diem \u00aben el moment d\u2019escriure aquestes l\u00ednies\u00bb, ja que a l\u2019estiu del 2017 hi va\u00a0 haver rumors insistents que [&hellip;]<\/p>\n","protected":false},"author":1,"featured_media":0,"parent":0,"menu_order":0,"comment_status":"closed","ping_status":"closed","template":"","meta":{"inline_featured_image":false},"acf":[],"_links":{"self":[{"href":"http:\/\/disseny-test.uoc.edu\/materials\/prod-digital\/wp-json\/wp\/v2\/pages\/341"}],"collection":[{"href":"http:\/\/disseny-test.uoc.edu\/materials\/prod-digital\/wp-json\/wp\/v2\/pages"}],"about":[{"href":"http:\/\/disseny-test.uoc.edu\/materials\/prod-digital\/wp-json\/wp\/v2\/types\/page"}],"author":[{"embeddable":true,"href":"http:\/\/disseny-test.uoc.edu\/materials\/prod-digital\/wp-json\/wp\/v2\/users\/1"}],"replies":[{"embeddable":true,"href":"http:\/\/disseny-test.uoc.edu\/materials\/prod-digital\/wp-json\/wp\/v2\/comments?post=341"}],"version-history":[{"count":2,"href":"http:\/\/disseny-test.uoc.edu\/materials\/prod-digital\/wp-json\/wp\/v2\/pages\/341\/revisions"}],"predecessor-version":[{"id":1116,"href":"http:\/\/disseny-test.uoc.edu\/materials\/prod-digital\/wp-json\/wp\/v2\/pages\/341\/revisions\/1116"}],"wp:attachment":[{"href":"http:\/\/disseny-test.uoc.edu\/materials\/prod-digital\/wp-json\/wp\/v2\/media?parent=341"}],"curies":[{"name":"wp","href":"https:\/\/api.w.org\/{rel}","templated":true}]}}