{"id":343,"date":"2018-01-19T14:10:09","date_gmt":"2018-01-19T14:10:09","guid":{"rendered":"http:\/\/disseny-test.uoc.edu\/materials\/prod-digital\/?page_id=343"},"modified":"2018-01-30T19:00:38","modified_gmt":"2018-01-30T19:00:38","slug":"5-4-2-xarxes-socials","status":"publish","type":"page","link":"http:\/\/disseny-test.uoc.edu\/materials\/prod-digital\/5-4-2-xarxes-socials\/","title":{"rendered":"5.4.2. Xarxes socials"},"content":{"rendered":"<table>\n<tbody>\n<tr>\n<th width=\"20%\"><a href=\"http:\/\/www.soundcloud.com\" target=\"_blank\" rel=\"noopener\"><strong>SoundCloud<\/strong><\/a><\/th>\n<td width=\"80%\">\u00a0Tal com hem vist en l\u2019apartat anterior, SoundCloud \u00e9s un impressionant cercador de sons i m\u00fasica per als nostres projectes, per\u00f2 tamb\u00e9 pot ser una xarxa social dedicada al so, on podem pujar els nostres projectes, seguir persones amb sons i m\u00fasica que ens resulti interessant, etc.<\/td>\n<\/tr>\n<tr>\n<th><strong><a href=\"http:\/\/www.heyheyapp.com\/\" target=\"_blank\" rel=\"noopener\">HeyHey<\/a><a href=\"#_ftn1\" name=\"_ftnref1\"><br \/>\n<\/a><\/strong><\/th>\n<td>Aquesta xarxa social, amb una app per a m\u00f2bils associada, permet crear posts d\u2019\u00e0udio d\u2019uns quinze segons per a compartir entre els nostres seguidors.<\/td>\n<\/tr>\n<tr>\n<th><a href=\"http:\/\/feelinghello.com\/\" target=\"_blank\" rel=\"noopener\"><strong>Hello<\/strong><\/a><\/th>\n<td>Una altra xarxa social per a compartir \u00e0udio, pensada per a comen\u00e7ar converses d\u2019uns dos minuts com a m\u00e0xim i despr\u00e9s seguir si es considera que la conversa val la pena. \u00c9s dif\u00edcil determinar si aquesta idea general de xarxes socials d\u2019\u00e0udio \u00e9s realment sostenible o simplement ser\u00e0 una moda passatgera.<\/p>\n<p>Per exemple, Pundit, una xarxa social que l\u2019any passat s\u2019anunciava basada en \u00e0udio, s\u2019ha despla\u00e7at als continguts multim\u00e8dia i \u00e9s b\u00e0sicament una alternativa al WhatsApp.<\/td>\n<\/tr>\n<tr>\n<th>\u00a0<strong>Audiogram Generator<\/strong><\/th>\n<td>\u00a0En les xarxes socials \u00e9s dif\u00edcil distribuir solament \u00e0udio, ja que tendeixen a acceptar solament v\u00eddeo per defecte. Per a evitar aquest problema, hi ha Audiogram Generator, un projecte de la r\u00e0dio p\u00fablica de Nova York WNYC que permet \u00abconvertir\u00bb l\u2019\u00e0udio en v\u00eddeo i compartir-lo m\u00e9s f\u00e0cilment en les xarxes socials. La r\u00e0dio de la BBC usa un sistema similar. En el post \u00ab<a href=\"https:\/\/medium.com\/@WNYC\/socialaudio-i648i8a5f2i9#.xry6x73hv\" target=\"_blank\" rel=\"noopener\">The future of social audio is here: presenting the Audiogram Generator<\/a>\u00bb de <em>Medium<\/em>, en angl\u00e8s, s\u2019explica el concepte amb m\u00e9s detall.<\/td>\n<\/tr>\n<\/tbody>\n<\/table>\n","protected":false},"excerpt":{"rendered":"<p>SoundCloud \u00a0Tal com hem vist en l\u2019apartat anterior, SoundCloud \u00e9s un impressionant cercador de sons i m\u00fasica per als nostres projectes, per\u00f2 tamb\u00e9 pot ser una xarxa social dedicada al so, on podem pujar els nostres projectes, seguir persones amb sons i m\u00fasica que ens resulti interessant, etc. HeyHey Aquesta xarxa social, amb una app [&hellip;]<\/p>\n","protected":false},"author":1,"featured_media":0,"parent":0,"menu_order":0,"comment_status":"closed","ping_status":"closed","template":"","meta":{"inline_featured_image":false},"acf":[],"_links":{"self":[{"href":"http:\/\/disseny-test.uoc.edu\/materials\/prod-digital\/wp-json\/wp\/v2\/pages\/343"}],"collection":[{"href":"http:\/\/disseny-test.uoc.edu\/materials\/prod-digital\/wp-json\/wp\/v2\/pages"}],"about":[{"href":"http:\/\/disseny-test.uoc.edu\/materials\/prod-digital\/wp-json\/wp\/v2\/types\/page"}],"author":[{"embeddable":true,"href":"http:\/\/disseny-test.uoc.edu\/materials\/prod-digital\/wp-json\/wp\/v2\/users\/1"}],"replies":[{"embeddable":true,"href":"http:\/\/disseny-test.uoc.edu\/materials\/prod-digital\/wp-json\/wp\/v2\/comments?post=343"}],"version-history":[{"count":2,"href":"http:\/\/disseny-test.uoc.edu\/materials\/prod-digital\/wp-json\/wp\/v2\/pages\/343\/revisions"}],"predecessor-version":[{"id":1118,"href":"http:\/\/disseny-test.uoc.edu\/materials\/prod-digital\/wp-json\/wp\/v2\/pages\/343\/revisions\/1118"}],"wp:attachment":[{"href":"http:\/\/disseny-test.uoc.edu\/materials\/prod-digital\/wp-json\/wp\/v2\/media?parent=343"}],"curies":[{"name":"wp","href":"https:\/\/api.w.org\/{rel}","templated":true}]}}