{"id":345,"date":"2018-01-19T14:11:57","date_gmt":"2018-01-19T14:11:57","guid":{"rendered":"http:\/\/disseny-test.uoc.edu\/materials\/prod-digital\/?page_id=345"},"modified":"2018-01-19T14:11:57","modified_gmt":"2018-01-19T14:11:57","slug":"5-4-3-podcasts","status":"publish","type":"page","link":"http:\/\/disseny-test.uoc.edu\/materials\/prod-digital\/5-4-3-podcasts\/","title":{"rendered":"5.4.3. Podcasts"},"content":{"rendered":"<div class=\"featured featured-blue\"><p>El <strong>podcast<\/strong> \u00e9s una de les maneres m\u00e9s senzilles i interactives de distribuir \u00e0udio a internet.<\/p>\n<\/div>\n<p>Hi ha podcasts de tot tipus: literaris, per a aprendre idiomes, amb seleccions musicals, debats pol\u00edtics, hist\u00f2ries de ficci\u00f3, entrevistes, religiosos\u2026 Sobre qualsevol tema de qu\u00e8 es pugui parlar, segur que hi ha un podcast.<\/p>\n<p>Com a usuaris, el m\u00e9s senzill \u00e9s descarregar-nos un client de podcast, anar als directoris que ens ofereixi i subscriure\u2019ns als continguts que ens siguin m\u00e9s interessants. Hi ha clients de podcast (coneguts normalment com a podc\u00e0sters) en totes les plataformes i maquinaris possibles.<\/p>\n<p>En l\u2019entorn Mac, l\u2019aplicaci\u00f3 de refer\u00e8ncia \u00e9s <strong>iTunes<\/strong>, que tamb\u00e9 funciona com a directori de podcasts. No obstant aix\u00f2, si voleu una aplicaci\u00f3 una mica m\u00e9s \u00e0gil i amb millors prestacions, <strong>Overcast<\/strong> \u00e9s l\u2019aplicaci\u00f3 de refer\u00e8ncia. Funciona per a iPhone, iPad i Apple Watch.<\/p>\n<p>Per a Android tamb\u00e9 hi ha diverses opcions. Una aplicaci\u00f3 reconeguda per les seves funcionalitats \u00e9s <strong>BeyondPod<\/strong>.<\/p>\n<p>Per\u00f2 el que ens interessa aqu\u00ed \u00e9s com distribu\u00efm el nostre podcast.<\/p>\n<p>El pas m\u00e9s obvi, per\u00f2 no per aix\u00f2 menys important, \u00e9s donar-lo a con\u00e8ixer a iTunes. Penseu que prop del 70% de les escoltes de podcasts tenen lloc aqu\u00ed.<\/p>\n<p>Per aquesta mateixa ra\u00f3, iTunes est\u00e0 farcit de podcasts, de manera que us interessa fer que destaqui. Assegureu-vos que doneu una descripci\u00f3 al m\u00e9s completa possible del que oferiu, creeu fragments breus divertits, impactants i originals perqu\u00e8 puguin distribuir-se per les xarxes socials, afegiu una car\u00e0tula cridanera al podcast.<\/p>\n<p>La creaci\u00f3 de fragments breus \u00e9s una eina central per a moure el nostre podcast per les xarxes socials. Ja sabem com funcionen. Ning\u00fa no es posar\u00e0 a escoltar una entrevista de tres quarts d\u2019hora a Facebook. Per\u00f2 si podem fer que un fragment de menys d\u2019un minut sigui curi\u00f3s, intrigant i cridaner, molta gent se sentir\u00e0 interessada i, el que \u00e9s millor, informar\u00e0 als seus amics que li resulta interessant.<\/p>\n<p>En paral\u00b7lel, useu les xarxes socials per a anunciar quan sortir\u00e0 el proper podcast, demanar <em>feedback<\/em> de com ha semblat a la gent, preguntar als subscriptors quins temes estarien interessats que tract\u00e9ssiu, etc.<\/p>\n<p>Si no us ve de gust treballar a iTunes, o simplement voleu utilitzar m\u00e9s d\u2019una plataforma, SoundCloud \u00e9s tamb\u00e9 una bona eina per a crear podcasts. Podeu posar enlla\u00e7os directament des del vostre web i fer que el vostre p\u00fablic els escolti directament. Xarxes socials com Twitter tenen funcionalitats espec\u00edfiques per a poder escoltar el podcast directament, sense haver de passar per SoundCloud ni tenir un compte obert en aquest servei web.<\/p>\n<p>Una altra estrat\u00e8gia interessant que recomanen els experts en podc\u00e0sting \u00e9s que, quan comencem, ja tinguem tres episodis com a m\u00ednim. La ra\u00f3 \u00e9s que entrar i veure que ja hi ha tres episodis dona una idea de continu\u00eftat, que n\u2019hi haur\u00e0 m\u00e9s en el futur i que val la pena subscriure-s\u2019hi. En canvi, si en veiem solament un podem pensar que ser\u00e0 una cosa ef\u00edmera.<\/p>\n<p>A m\u00e9s d\u2019iTunes, val la pena que doneu d\u2019alta el vostre podcast en altres directoris \u2014que en l\u2019argot de m\u00e0rqueting es coneixen com <em>podcatchers<\/em>. <a href=\"https:\/\/overcast.fm\/\" target=\"_blank\" rel=\"noopener\"><strong>Overcast<\/strong><\/a> t\u00e9 una xarxa de podcasts ben potent, i tamb\u00e9 <a href=\"https:\/\/www.stitcher.com\/content-providers.php\" target=\"_blank\" rel=\"noopener\"><strong>Sticher<\/strong><\/a>.<\/p>\n<p>Tal com passa en el m\u00f3n dels blogs, \u00e9s molt comuna la figura del <strong>podc\u00e0ster convidat<\/strong>. Convideu creadors digitals amb un bon nombre de seguidors a fer-li una entrevista en el vostre programa i mireu de conv\u00e8ncer-lo de tenir algun episodi convidat en el seu. Aix\u00f2 us far\u00e0 m\u00e9s coneguts i facilitar\u00e0 la distribuci\u00f3. Tamb\u00e9 us servir\u00e0 per a connectar amb altres creadors i aprendre d\u2019ells.<\/p>\n","protected":false},"excerpt":{"rendered":"<p>Hi ha podcasts de tot tipus: literaris, per a aprendre idiomes, amb seleccions musicals, debats pol\u00edtics, hist\u00f2ries de ficci\u00f3, entrevistes, religiosos\u2026 Sobre qualsevol tema de qu\u00e8 es pugui parlar, segur que hi ha un podcast. Com a usuaris, el m\u00e9s senzill \u00e9s descarregar-nos un client de podcast, anar als directoris que ens ofereixi i subscriure\u2019ns [&hellip;]<\/p>\n","protected":false},"author":1,"featured_media":0,"parent":0,"menu_order":0,"comment_status":"closed","ping_status":"closed","template":"","meta":{"inline_featured_image":false},"acf":[],"_links":{"self":[{"href":"http:\/\/disseny-test.uoc.edu\/materials\/prod-digital\/wp-json\/wp\/v2\/pages\/345"}],"collection":[{"href":"http:\/\/disseny-test.uoc.edu\/materials\/prod-digital\/wp-json\/wp\/v2\/pages"}],"about":[{"href":"http:\/\/disseny-test.uoc.edu\/materials\/prod-digital\/wp-json\/wp\/v2\/types\/page"}],"author":[{"embeddable":true,"href":"http:\/\/disseny-test.uoc.edu\/materials\/prod-digital\/wp-json\/wp\/v2\/users\/1"}],"replies":[{"embeddable":true,"href":"http:\/\/disseny-test.uoc.edu\/materials\/prod-digital\/wp-json\/wp\/v2\/comments?post=345"}],"version-history":[{"count":1,"href":"http:\/\/disseny-test.uoc.edu\/materials\/prod-digital\/wp-json\/wp\/v2\/pages\/345\/revisions"}],"predecessor-version":[{"id":346,"href":"http:\/\/disseny-test.uoc.edu\/materials\/prod-digital\/wp-json\/wp\/v2\/pages\/345\/revisions\/346"}],"wp:attachment":[{"href":"http:\/\/disseny-test.uoc.edu\/materials\/prod-digital\/wp-json\/wp\/v2\/media?parent=345"}],"curies":[{"name":"wp","href":"https:\/\/api.w.org\/{rel}","templated":true}]}}