{"id":347,"date":"2018-01-19T14:13:03","date_gmt":"2018-01-19T14:13:03","guid":{"rendered":"http:\/\/disseny-test.uoc.edu\/materials\/prod-digital\/?page_id=347"},"modified":"2018-01-19T14:13:03","modified_gmt":"2018-01-19T14:13:03","slug":"5-5-1-introduccio","status":"publish","type":"page","link":"http:\/\/disseny-test.uoc.edu\/materials\/prod-digital\/5-5-1-introduccio\/","title":{"rendered":"5.5.1. Introducci\u00f3"},"content":{"rendered":"<p>Com d\u00e8iem en la introducci\u00f3, cal recordar que un so \u00e9s sempre molt m\u00e9s invasor que una imatge. En general, \u00e9s una p\u00e8ssima idea \u00abrebre\u00bb un visitant d\u2019una p\u00e0gina web amb m\u00fasica o so. En primer lloc, \u00e9s una cosa que un no espera per defecte i, en segon lloc, podria ser que la persona que visita est\u00e0 en un entorn on cal mantenir silenci i pot resultar molest.<\/p>\n<p>La manera m\u00e9s comuna en qu\u00e8 una pista d\u2019\u00e0udio apareix en un projecte transm\u00e8dia \u00e9s o b\u00e9 acompanyant un v\u00eddeo o com a podcast. Com que el v\u00eddeo el tractarem en el proper apartat, passarem a presentar algunes nocions de com fer que el nostre podcast sigui m\u00e9s interessant i atractiu per a la nostra audi\u00e8ncia.<\/p>\n","protected":false},"excerpt":{"rendered":"<p>Com d\u00e8iem en la introducci\u00f3, cal recordar que un so \u00e9s sempre molt m\u00e9s invasor que una imatge. En general, \u00e9s una p\u00e8ssima idea \u00abrebre\u00bb un visitant d\u2019una p\u00e0gina web amb m\u00fasica o so. En primer lloc, \u00e9s una cosa que un no espera per defecte i, en segon lloc, podria ser que la persona [&hellip;]<\/p>\n","protected":false},"author":1,"featured_media":0,"parent":0,"menu_order":0,"comment_status":"closed","ping_status":"closed","template":"","meta":{"inline_featured_image":false},"acf":[],"_links":{"self":[{"href":"http:\/\/disseny-test.uoc.edu\/materials\/prod-digital\/wp-json\/wp\/v2\/pages\/347"}],"collection":[{"href":"http:\/\/disseny-test.uoc.edu\/materials\/prod-digital\/wp-json\/wp\/v2\/pages"}],"about":[{"href":"http:\/\/disseny-test.uoc.edu\/materials\/prod-digital\/wp-json\/wp\/v2\/types\/page"}],"author":[{"embeddable":true,"href":"http:\/\/disseny-test.uoc.edu\/materials\/prod-digital\/wp-json\/wp\/v2\/users\/1"}],"replies":[{"embeddable":true,"href":"http:\/\/disseny-test.uoc.edu\/materials\/prod-digital\/wp-json\/wp\/v2\/comments?post=347"}],"version-history":[{"count":1,"href":"http:\/\/disseny-test.uoc.edu\/materials\/prod-digital\/wp-json\/wp\/v2\/pages\/347\/revisions"}],"predecessor-version":[{"id":348,"href":"http:\/\/disseny-test.uoc.edu\/materials\/prod-digital\/wp-json\/wp\/v2\/pages\/347\/revisions\/348"}],"wp:attachment":[{"href":"http:\/\/disseny-test.uoc.edu\/materials\/prod-digital\/wp-json\/wp\/v2\/media?parent=347"}],"curies":[{"name":"wp","href":"https:\/\/api.w.org\/{rel}","templated":true}]}}