{"id":349,"date":"2018-01-19T14:14:28","date_gmt":"2018-01-19T14:14:28","guid":{"rendered":"http:\/\/disseny-test.uoc.edu\/materials\/prod-digital\/?page_id=349"},"modified":"2018-01-19T14:21:08","modified_gmt":"2018-01-19T14:21:08","slug":"5-5-2-de-que-hauria-de-tractar-el-meu-podcast","status":"publish","type":"page","link":"http:\/\/disseny-test.uoc.edu\/materials\/prod-digital\/5-5-2-de-que-hauria-de-tractar-el-meu-podcast\/","title":{"rendered":"5.5.2. De qu\u00e8 hauria de tractar el meu podcast?"},"content":{"rendered":"<h4><strong>Entrevista<\/strong><\/h4>\n<p>\u00c9s segurament l\u2019opci\u00f3 m\u00e9s estesa i m\u00e9s agra\u00efda. En no oferir imatges, sin\u00f3 solament veu, poder canviar de l\u2019entrevistador a l\u2019entrevistat permet fer un exercici m\u00e9s \u00e0gil que parlar simplement una sola persona. Entrevistar una persona diferent en cada episodi tamb\u00e9 ens ofereix m\u00e9s varietat en veus i finalment ens descarrega una mica de treball, ja que l\u2019entrevistat generar\u00e0 una part del contingut.<\/p>\n<h4><strong>Mon\u00f2leg<\/strong><\/h4>\n<p>Prenem tota la iniciativa i expliquem alguna cosa a la nostra audi\u00e8ncia: donem la nostra opini\u00f3, llegim en veu alta un poema, argumentem una posici\u00f3 pol\u00edtica\u2026 \u00c9s dif\u00edcil no sentir-se una mica rid\u00edcul parlant sol \u2014en aquest sentit l\u2019entrevista presenta avantatge\u2014 o no obsessionar-se pel micr\u00f2fon. Una manera de fer el mon\u00f2leg \u00e9s imaginar-vos que esteu parlant a una persona en particular i deixar anar el discurs, que sortir\u00e0 de manera m\u00e9s senzilla. Tamb\u00e9 podeu comen\u00e7ar simplement escalfant i parlant d\u2019altres coses i, quan ja us hagueu oblidat de l\u2019enregistrament, comen\u00e7ar amb el programa. Despr\u00e9s editeu la part que no serveix, i a una altra cosa.<\/p>\n<h4><strong>Copresentaci\u00f3<\/strong><\/h4>\n<p>Una manera molt \u00fatil d\u2019evitar el vertigen del mon\u00f2leg \u00e9s tenir un company amb qui compartir el programa. Aix\u00ed, en lloc de parlar sol, hi ha una altra persona a qui dirigir-nos, i tamb\u00e9 hi ha una mica m\u00e9s de varietat en les veus. A canvi, requereix molta coordinaci\u00f3 i compenetraci\u00f3 per a no aixafar-se l\u2019un a l\u2019altre o generar silencis llargs perqu\u00e8 no sigui clar a qui toca parlar.<\/p>\n","protected":false},"excerpt":{"rendered":"<p>Entrevista \u00c9s segurament l\u2019opci\u00f3 m\u00e9s estesa i m\u00e9s agra\u00efda. En no oferir imatges, sin\u00f3 solament veu, poder canviar de l\u2019entrevistador a l\u2019entrevistat permet fer un exercici m\u00e9s \u00e0gil que parlar simplement una sola persona. Entrevistar una persona diferent en cada episodi tamb\u00e9 ens ofereix m\u00e9s varietat en veus i finalment ens descarrega una mica de [&hellip;]<\/p>\n","protected":false},"author":1,"featured_media":0,"parent":0,"menu_order":0,"comment_status":"closed","ping_status":"closed","template":"","meta":{"inline_featured_image":false},"acf":[],"_links":{"self":[{"href":"http:\/\/disseny-test.uoc.edu\/materials\/prod-digital\/wp-json\/wp\/v2\/pages\/349"}],"collection":[{"href":"http:\/\/disseny-test.uoc.edu\/materials\/prod-digital\/wp-json\/wp\/v2\/pages"}],"about":[{"href":"http:\/\/disseny-test.uoc.edu\/materials\/prod-digital\/wp-json\/wp\/v2\/types\/page"}],"author":[{"embeddable":true,"href":"http:\/\/disseny-test.uoc.edu\/materials\/prod-digital\/wp-json\/wp\/v2\/users\/1"}],"replies":[{"embeddable":true,"href":"http:\/\/disseny-test.uoc.edu\/materials\/prod-digital\/wp-json\/wp\/v2\/comments?post=349"}],"version-history":[{"count":2,"href":"http:\/\/disseny-test.uoc.edu\/materials\/prod-digital\/wp-json\/wp\/v2\/pages\/349\/revisions"}],"predecessor-version":[{"id":361,"href":"http:\/\/disseny-test.uoc.edu\/materials\/prod-digital\/wp-json\/wp\/v2\/pages\/349\/revisions\/361"}],"wp:attachment":[{"href":"http:\/\/disseny-test.uoc.edu\/materials\/prod-digital\/wp-json\/wp\/v2\/media?parent=349"}],"curies":[{"name":"wp","href":"https:\/\/api.w.org\/{rel}","templated":true}]}}