{"id":351,"date":"2018-01-19T14:16:06","date_gmt":"2018-01-19T14:16:06","guid":{"rendered":"http:\/\/disseny-test.uoc.edu\/materials\/prod-digital\/?page_id=351"},"modified":"2018-01-19T14:16:06","modified_gmt":"2018-01-19T14:16:06","slug":"5-5-3-gravar-la-veu-per-un-podcast","status":"publish","type":"page","link":"http:\/\/disseny-test.uoc.edu\/materials\/prod-digital\/5-5-3-gravar-la-veu-per-un-podcast\/","title":{"rendered":"5.5.3. Gravar la veu per un podcast"},"content":{"rendered":"<p>A l\u2019hora de gravar assegurem-nos de disposar d\u2019una gravadora amb prou bateria i mem\u00f2ria. Res pitjor que haver de parar una entrevista fant\u00e0stica perqu\u00e8 la gravadora \u00e9s plena o est\u00e0 sense corrent.<\/p>\n<p>Tamb\u00e9 \u00e9s important disposar d\u2019un bon micr\u00f2fon que capti b\u00e9 el so, amb matisos. Si entrevistem una persona o fem una presentaci\u00f3 oral, \u00e9s una bona idea disposar d\u2019un micr\u00f2fon que puguem enganxar amb un clip a la nostra roba. En cas contrari, el so s\u2019esvair\u00e0 o augmentar\u00e0 a mesura que ens movem. Els locutors no professionals tendeixen a moure\u2019s, girar el cap i generar aquest tipus de distorsions, que despr\u00e9s s\u00f3n molt molestes en escoltar el podcast.<\/p>\n<p>Una vegada gravat, \u00e9s una bona idea editar el nostre podcast. Som en el m\u00f3n de la velocitat i el nostre possible p\u00fablic est\u00e0 acostumat a sentir entrevistes i programes de r\u00e0dio de qualitat. Si deixem el nostre \u00e0udio tal com va sortir originalment, ple de \u00abuh\u00bb, \u00abah\u00bb, \u00abuna altra cosa\u2026\u00bb i silencis, el m\u00e9s probable \u00e9s que l\u2019abandonin desesperats al cap de pocs minuts d\u2019iniciar l\u2019audici\u00f3.<\/p>\n<p>No obstant aix\u00f2, hi ha tamb\u00e9 el perill contrari d\u2019eliminar tot el que \u00e9s informatiu i crear una experi\u00e8ncia falsificada, en qu\u00e8 l\u2019abs\u00e8ncia completa de pauses o tos far\u00e0 que l\u2019o\u00efdor pensi que tot \u00e9s molt artificial.<\/p>\n<p>Aqu\u00ed el nostre objectiu hauria de ser que l\u2019edici\u00f3 no es not\u00e9s, que el flux de la discussi\u00f3 no es tall\u00e9s. Si per a eliminar un \u00abbuenooo\u2026\u00bb cal fer un tall que faci que la persona que parla estigui metrallant les paraules, \u00e9s millor deixar-lo.<\/p>\n<p>Gravar una entrevista o un mon\u00f2leg en \u00e0udio \u00e9s una mica m\u00e9s dif\u00edcil del que sembla. Un problema important \u00e9s el soroll. Inevitablement, el vostre micr\u00f2fon captar\u00e0 sons d\u2019ambient, i segons d\u2019on vinguin i on estigui el micr\u00f2fon poden arribar a ser molt molestos.<\/p>\n<p>Programes com Audacity ofereixen filtres de reducci\u00f3 de soroll, per\u00f2 cal utilitzar-los de manera acurada. Si ens excedim, el resultat tornar\u00e0 a semblar artificial, com si l\u2019hagu\u00e9ssim gravat a l\u2019Estaci\u00f3 Espacial Internacional, mentre que el que busquem \u00e9s que sigui natural.<\/p>\n<p>El millor \u00e9s assegurar-se de minimitzar els sorolls de fons fent una s\u00e8rie de proves primer i, si queda un soroll m\u00ednim, no atabalar-se i deixar-lo. Aquest helic\u00f2pter o sirena de bombers que apareix de sobte, elimineu-lo solament si no mutila el ritme natural de la conversa o de la vostra presentaci\u00f3 oral.<\/p>\n<p>I, abans de pujar el vostre flamant podcast, assegureu-vos d\u2019escoltar-lo sencer i que tot funciona segons el que heu previst. No hi ha res pitjor que descobrir cinc minuts de silenci, uns murmuris que no s\u2019entenen o com se us escapa una expressi\u00f3 poc afortunada. Assegureu-vos que funciona b\u00e9 tant amb altaveus com amb auriculars, i proveu d\u2019escoltar-lo des de l\u2019ordinador i des d\u2019un dispositiu m\u00f2bil per veure si el so \u00e9s sempre acceptable.<\/p>\n","protected":false},"excerpt":{"rendered":"<p>A l\u2019hora de gravar assegurem-nos de disposar d\u2019una gravadora amb prou bateria i mem\u00f2ria. Res pitjor que haver de parar una entrevista fant\u00e0stica perqu\u00e8 la gravadora \u00e9s plena o est\u00e0 sense corrent. Tamb\u00e9 \u00e9s important disposar d\u2019un bon micr\u00f2fon que capti b\u00e9 el so, amb matisos. Si entrevistem una persona o fem una presentaci\u00f3 oral, [&hellip;]<\/p>\n","protected":false},"author":1,"featured_media":0,"parent":0,"menu_order":0,"comment_status":"closed","ping_status":"closed","template":"","meta":{"inline_featured_image":false},"acf":[],"_links":{"self":[{"href":"http:\/\/disseny-test.uoc.edu\/materials\/prod-digital\/wp-json\/wp\/v2\/pages\/351"}],"collection":[{"href":"http:\/\/disseny-test.uoc.edu\/materials\/prod-digital\/wp-json\/wp\/v2\/pages"}],"about":[{"href":"http:\/\/disseny-test.uoc.edu\/materials\/prod-digital\/wp-json\/wp\/v2\/types\/page"}],"author":[{"embeddable":true,"href":"http:\/\/disseny-test.uoc.edu\/materials\/prod-digital\/wp-json\/wp\/v2\/users\/1"}],"replies":[{"embeddable":true,"href":"http:\/\/disseny-test.uoc.edu\/materials\/prod-digital\/wp-json\/wp\/v2\/comments?post=351"}],"version-history":[{"count":1,"href":"http:\/\/disseny-test.uoc.edu\/materials\/prod-digital\/wp-json\/wp\/v2\/pages\/351\/revisions"}],"predecessor-version":[{"id":352,"href":"http:\/\/disseny-test.uoc.edu\/materials\/prod-digital\/wp-json\/wp\/v2\/pages\/351\/revisions\/352"}],"wp:attachment":[{"href":"http:\/\/disseny-test.uoc.edu\/materials\/prod-digital\/wp-json\/wp\/v2\/media?parent=351"}],"curies":[{"name":"wp","href":"https:\/\/api.w.org\/{rel}","templated":true}]}}